{"id":1212,"date":"2021-10-06T17:02:40","date_gmt":"2021-10-06T15:02:40","guid":{"rendered":"https:\/\/stadtmanufaktur.info\/reallabore\/roof-water-farm-copy\/"},"modified":"2025-08-13T15:33:38","modified_gmt":"2025-08-13T13:33:38","slug":"haus-der-materialisierung","status":"publish","type":"page","link":"https:\/\/stadtmanufaktur.info\/en\/reallabore\/haus-der-materialisierung\/","title":{"rendered":"Haus der Materialisierung"},"content":{"rendered":"<p><div class=\"fusion-fullwidth fullwidth-box fusion-builder-row-1 fusion-flex-container nonhundred-percent-fullwidth non-hundred-percent-height-scrolling\" style=\"--awb-background-position:center top;--awb-background-blend-mode:darken;--awb-border-sizes-top:0px;--awb-border-sizes-bottom:0px;--awb-border-sizes-left:0px;--awb-border-sizes-right:0px;--awb-border-radius-top-left:0px;--awb-border-radius-top-right:0px;--awb-border-radius-bottom-right:0px;--awb-border-radius-bottom-left:0px;--awb-flex-wrap:wrap;\" ><div class=\"fusion-builder-row fusion-row fusion-flex-align-items-flex-start fusion-flex-content-wrap\" style=\"max-width:1352px;margin-left: calc(-4% \/ 2 );margin-right: calc(-4% \/ 2 );\"><div class=\"fusion-layout-column fusion_builder_column fusion-builder-column-0 fusion_builder_column_1_1 1_1 fusion-flex-column\" style=\"--awb-padding-top:20px;--awb-padding-right:20px;--awb-padding-bottom:20px;--awb-padding-left:20px;--awb-bg-color:#2980b9;--awb-bg-color-hover:#2980b9;--awb-bg-position:center center;--awb-bg-blend:screen;--awb-bg-size:cover;--awb-width-large:100%;--awb-margin-top-large:0px;--awb-spacing-right-large:1.92%;--awb-margin-bottom-large:20px;--awb-spacing-left-large:1.92%;--awb-width-medium:100%;--awb-order-medium:0;--awb-spacing-right-medium:1.92%;--awb-spacing-left-medium:1.92%;--awb-width-small:100%;--awb-order-small:0;--awb-spacing-right-small:1.92%;--awb-spacing-left-small:1.92%;\"><div class=\"fusion-column-wrapper fusion-column-has-shadow fusion-flex-justify-content-flex-start fusion-content-layout-column\"><div class=\"fusion-separator fusion-full-width-sep\" style=\"align-self: center;margin-left: auto;margin-right: auto;margin-top:20px;width:100%;\"><\/div><div class=\"fusion-text fusion-text-1 weiss\" style=\"--awb-content-alignment:center;--awb-font-size:26px;--awb-line-height:36px;--awb-text-color:#ffffff;\"><h1>Reallabor<\/h1>\n<\/div><div class=\"fusion-text fusion-text-2 weiss\" style=\"--awb-content-alignment:center;--awb-font-size:26px;--awb-line-height:36px;--awb-text-color:#ffffff;\"><h1>Haus der Materialisierung: Urban Mining und Umweltkommunikation<\/h1>\n<\/div><\/div><\/div><\/div><\/div><div class=\"fusion-fullwidth fullwidth-box fusion-builder-row-2 fusion-flex-container nonhundred-percent-fullwidth non-hundred-percent-height-scrolling\" style=\"--awb-border-radius-top-left:0px;--awb-border-radius-top-right:0px;--awb-border-radius-bottom-right:0px;--awb-border-radius-bottom-left:0px;--awb-flex-wrap:wrap;\" ><div class=\"fusion-builder-row fusion-row fusion-flex-align-items-flex-start fusion-flex-content-wrap\" style=\"max-width:1352px;margin-left: calc(-4% \/ 2 );margin-right: calc(-4% \/ 2 );\"><div class=\"fusion-layout-column fusion_builder_column fusion-builder-column-1 fusion_builder_column_1_2 1_2 fusion-flex-column\" style=\"--awb-bg-size:cover;--awb-width-large:50%;--awb-margin-top-large:0px;--awb-spacing-right-large:3.84%;--awb-margin-bottom-large:20px;--awb-spacing-left-large:3.84%;--awb-width-medium:50%;--awb-order-medium:0;--awb-spacing-right-medium:3.84%;--awb-spacing-left-medium:3.84%;--awb-width-small:100%;--awb-order-small:0;--awb-spacing-right-small:1.92%;--awb-spacing-left-small:1.92%;\"><div class=\"fusion-column-wrapper fusion-column-has-shadow fusion-flex-justify-content-flex-start fusion-content-layout-column\"><div class=\"fusion-text fusion-text-3\"><p>Zentral am Alexanderplatz gelegen entsteht mit dem Haus der Materialisierung (HdM) ein Zentrum f\u00fcr zukunftsf\u00e4hige Ressourcennutzung. Materialkreisl\u00e4ufe f\u00fcr Rest- und Gebraucht-Materialien, Lebensmittel, Ideen und Objekte werden hier aufgebaut und von hier aus verbreitet. Holz-, Textil-, Metall-, Goldschmiede-, Upcycling- und Fahrrad-Werkst\u00e4tten mit Kursen, Verleih- und Repair- Initiativen, Sozial- und Bildungsarbeit, st\u00e4dtisches G\u00e4rtnern und Ausstellungen bieten gemeinschaftliche Erfahrungen und Raum f\u00fcr Zuk\u00fcnftiges im direkten Austausch mit der Nachbarschaft. Das HdM ist ein Ort, um eine nachhaltige und ressourcenschonende Lebensweise zu erproben, um notwendige gesellschaftliche Ver\u00e4nderungen gemeinsam anzugehen.<\/p>\n<p>Als Ausgangspunkt f\u00fcr Materialforschung, f\u00fcr k\u00fcnstlerische Prozesse und f\u00fcr die Suche nach einer sozial und \u00f6kologisch gerechteren Gesellschaftsorganisation wollen wir Menschen zusammenbringen, die in unterschiedlicher Weise an einer besseren Zukunft arbeiten. Unser Ziel ist eine solidarische, \u00f6kologische und demokratische Wirtschaftsweise. Wir sehen nicht Geld, Kapital und Wachstum, sondern Menschen, Natur und Ressourcenschutz als ma\u00dfgebend f\u00fcr gesellschaftliches Handeln. Nur eine Wirtschaftsweise, die nicht auf Kosten anderer geht, ist eine nachhaltige Wirtschaft. Wohlstand bedeutet f\u00fcr uns: intakte \u00d6kosysteme, sozialer Zusammenhalt und wirkliche Demokratie. Partner des Projektes werden auf der Webseite des Projektes vorgestellt. &#8211;&gt;<a href=\"https:\/\/hausdermaterialisierung.org\/uber-uns\/\"><em><strong>zur website Haus der Materialisierung<\/strong><\/em><\/a><\/p>\n<p><strong>UPDATE 2024: Das Reallabor \/ die Forschung ist beendet, Ergebnisse flie\u00dfen in den Prozess der Sanierung des &#8211;&gt;<a href=\"https:\/\/hausderstatistik.org\/\">Haus der Statistik<\/a> ein. Kontaktieren Sie bitte die genannten <a href=\"https:\/\/www.tu.berlin\/circulareconomy\/ueber-uns\/johannes-scholz\">Ansprechpartner:innen<\/a> f\u00fcr n\u00e4here Informationen.<\/strong><\/p>\n<\/div><div class=\"fusion-text fusion-text-4\"><p class=\"c8\"><em><strong>Thematische Zug\u00e4nge:<\/strong><\/em><\/p>\n<p class=\"c8\"><em><strong>#Zirkul\u00e4re Wirtschaft #Urban Mining #Umweltkommunikation #Partizipation #Ko-Produktion<\/strong><\/em><\/p>\n<p class=\"c8\"><em><strong>R\u00e4umliche Zug\u00e4nge:<\/strong><\/em><br \/>\n<em><strong>#Geb\u00e4ude# Quartier<\/strong><\/em><\/p>\n<p><em><strong>Kontakt:<\/strong><\/em><\/p>\n<p><b><i>Johannes Scholz, Fachgebiet Kreislaufwirtschaft und Recyclingtechnologie, Technische Universit\u00e4t Berlin\u00a0<\/i><\/b><\/p>\n<p><a href=\"https:\/\/www.circulareconomy.tu-berlin.de\/menue\/forschung\/gefoerderte_projekte\/hdm\/\"><span style=\"color: #ff0000;\"><b><i>zur website Fachgebiet Kreislaufwirtschaft und Recyclingtechnologie<\/i><\/b><\/span><\/a><\/p>\n<p><a href=\"https:\/\/hausderstatistik.org\/\"><span style=\"color: #ff0000;\"><b><i>zur website Haus der Statistik<\/i><\/b><\/span><\/a><\/p>\n<\/div><\/div><\/div><div class=\"fusion-layout-column fusion_builder_column fusion-builder-column-2 fusion_builder_column_1_2 1_2 fusion-flex-column\" style=\"--awb-bg-size:cover;--awb-width-large:50%;--awb-margin-top-large:0px;--awb-spacing-right-large:3.84%;--awb-margin-bottom-large:20px;--awb-spacing-left-large:3.84%;--awb-width-medium:50%;--awb-order-medium:0;--awb-spacing-right-medium:3.84%;--awb-spacing-left-medium:3.84%;--awb-width-small:100%;--awb-order-small:0;--awb-spacing-right-small:1.92%;--awb-spacing-left-small:1.92%;\"><div class=\"fusion-column-wrapper fusion-column-has-shadow fusion-flex-justify-content-flex-start fusion-content-layout-column\"><div class=\"fusion-image-element \" style=\"--awb-caption-title-font-family:var(--h2_typography-font-family);--awb-caption-title-font-weight:var(--h2_typography-font-weight);--awb-caption-title-font-style:var(--h2_typography-font-style);--awb-caption-title-size:var(--h2_typography-font-size);--awb-caption-title-transform:var(--h2_typography-text-transform);--awb-caption-title-line-height:var(--h2_typography-line-height);--awb-caption-title-letter-spacing:var(--h2_typography-letter-spacing);\"><span class=\" fusion-imageframe imageframe-none imageframe-1 hover-type-none\"><img decoding=\"async\" width=\"1258\" height=\"838\" title=\"Ero\u0308ffnung des Haus der Materialisierung (16.09.2020) \u00a9Raquel Gomez\" src=\"https:\/\/stadtmanufaktur.info\/wp-content\/uploads\/2021\/10\/Ero\u0308ffnung-des-Haus-der-Materialisierung-16.09.2020-\u00a9Raquel-Gomez.jpg\" alt class=\"img-responsive wp-image-1218\" srcset=\"https:\/\/stadtmanufaktur.info\/wp-content\/uploads\/2021\/10\/Ero\u0308ffnung-des-Haus-der-Materialisierung-16.09.2020-\u00a9Raquel-Gomez-200x133.jpg 200w, https:\/\/stadtmanufaktur.info\/wp-content\/uploads\/2021\/10\/Ero\u0308ffnung-des-Haus-der-Materialisierung-16.09.2020-\u00a9Raquel-Gomez-400x266.jpg 400w, https:\/\/stadtmanufaktur.info\/wp-content\/uploads\/2021\/10\/Ero\u0308ffnung-des-Haus-der-Materialisierung-16.09.2020-\u00a9Raquel-Gomez-600x400.jpg 600w, https:\/\/stadtmanufaktur.info\/wp-content\/uploads\/2021\/10\/Ero\u0308ffnung-des-Haus-der-Materialisierung-16.09.2020-\u00a9Raquel-Gomez-800x533.jpg 800w, https:\/\/stadtmanufaktur.info\/wp-content\/uploads\/2021\/10\/Ero\u0308ffnung-des-Haus-der-Materialisierung-16.09.2020-\u00a9Raquel-Gomez-1200x799.jpg 1200w, https:\/\/stadtmanufaktur.info\/wp-content\/uploads\/2021\/10\/Ero\u0308ffnung-des-Haus-der-Materialisierung-16.09.2020-\u00a9Raquel-Gomez.jpg 1258w\" sizes=\"(max-width: 850px) 100vw, 800px\" \/><\/span><\/div><div class=\"fusion-separator fusion-full-width-sep\" style=\"align-self: center;margin-left: auto;margin-right: auto;margin-top:10px;width:100%;\"><\/div><div class=\"fusion-text fusion-text-5\"><p><em>Er<\/em><em>\u00f6<\/em><em>ffnung des Haus der Materialisierung (16.09.2020) \u00a9Raquel Gomez<\/em><\/p>\n<\/div><div class=\"fusion-separator fusion-full-width-sep\" style=\"align-self: center;margin-left: auto;margin-right: auto;margin-top:20px;width:100%;\"><\/div><div class=\"fusion-image-element \" style=\"--awb-caption-title-font-family:var(--h2_typography-font-family);--awb-caption-title-font-weight:var(--h2_typography-font-weight);--awb-caption-title-font-style:var(--h2_typography-font-style);--awb-caption-title-size:var(--h2_typography-font-size);--awb-caption-title-transform:var(--h2_typography-text-transform);--awb-caption-title-line-height:var(--h2_typography-line-height);--awb-caption-title-letter-spacing:var(--h2_typography-letter-spacing);\"><span class=\" fusion-imageframe imageframe-none imageframe-2 hover-type-none\"><img decoding=\"async\" width=\"1259\" height=\"838\" title=\"Panel globale Stoffstro\u0308me (16.09.2020) \u00a9Raquel Gomez\" src=\"https:\/\/stadtmanufaktur.info\/wp-content\/uploads\/2021\/10\/Panel-globale-Stoffstro\u0308me-16.09.2020-\u00a9Raquel-Gomez.jpg\" alt class=\"img-responsive wp-image-1220\" srcset=\"https:\/\/stadtmanufaktur.info\/wp-content\/uploads\/2021\/10\/Panel-globale-Stoffstro\u0308me-16.09.2020-\u00a9Raquel-Gomez-200x133.jpg 200w, https:\/\/stadtmanufaktur.info\/wp-content\/uploads\/2021\/10\/Panel-globale-Stoffstro\u0308me-16.09.2020-\u00a9Raquel-Gomez-400x266.jpg 400w, https:\/\/stadtmanufaktur.info\/wp-content\/uploads\/2021\/10\/Panel-globale-Stoffstro\u0308me-16.09.2020-\u00a9Raquel-Gomez-600x399.jpg 600w, https:\/\/stadtmanufaktur.info\/wp-content\/uploads\/2021\/10\/Panel-globale-Stoffstro\u0308me-16.09.2020-\u00a9Raquel-Gomez-800x532.jpg 800w, https:\/\/stadtmanufaktur.info\/wp-content\/uploads\/2021\/10\/Panel-globale-Stoffstro\u0308me-16.09.2020-\u00a9Raquel-Gomez-1200x799.jpg 1200w, https:\/\/stadtmanufaktur.info\/wp-content\/uploads\/2021\/10\/Panel-globale-Stoffstro\u0308me-16.09.2020-\u00a9Raquel-Gomez.jpg 1259w\" sizes=\"(max-width: 850px) 100vw, 800px\" \/><\/span><\/div><div class=\"fusion-separator fusion-full-width-sep\" style=\"align-self: center;margin-left: auto;margin-right: auto;margin-top:10px;width:100%;\"><\/div><div class=\"fusion-text fusion-text-6\"><p><em>Panel globale Stoffstr\u00f6me (16.09.2020) \u00a0\u00a9Raquel Gomez<\/em><\/p>\n<\/div><div class=\"fusion-image-element \" style=\"--awb-caption-title-font-family:var(--h2_typography-font-family);--awb-caption-title-font-weight:var(--h2_typography-font-weight);--awb-caption-title-font-style:var(--h2_typography-font-style);--awb-caption-title-size:var(--h2_typography-font-size);--awb-caption-title-transform:var(--h2_typography-text-transform);--awb-caption-title-line-height:var(--h2_typography-line-height);--awb-caption-title-letter-spacing:var(--h2_typography-letter-spacing);\"><span class=\" fusion-imageframe imageframe-none imageframe-3 hover-type-none\"><img decoding=\"async\" width=\"1259\" height=\"839\" title=\"iKunst-Stoffe e.V. (16.09.2020) \u00a9Raquel Gomez\" src=\"https:\/\/stadtmanufaktur.info\/wp-content\/uploads\/2021\/10\/iKunst-Stoffe-e.V.-16.09.2020-\u00a9Raquel-Gomez.jpg\" alt class=\"img-responsive wp-image-1222\" srcset=\"https:\/\/stadtmanufaktur.info\/wp-content\/uploads\/2021\/10\/iKunst-Stoffe-e.V.-16.09.2020-\u00a9Raquel-Gomez-200x133.jpg 200w, https:\/\/stadtmanufaktur.info\/wp-content\/uploads\/2021\/10\/iKunst-Stoffe-e.V.-16.09.2020-\u00a9Raquel-Gomez-400x267.jpg 400w, https:\/\/stadtmanufaktur.info\/wp-content\/uploads\/2021\/10\/iKunst-Stoffe-e.V.-16.09.2020-\u00a9Raquel-Gomez-600x400.jpg 600w, https:\/\/stadtmanufaktur.info\/wp-content\/uploads\/2021\/10\/iKunst-Stoffe-e.V.-16.09.2020-\u00a9Raquel-Gomez-800x533.jpg 800w, https:\/\/stadtmanufaktur.info\/wp-content\/uploads\/2021\/10\/iKunst-Stoffe-e.V.-16.09.2020-\u00a9Raquel-Gomez-1200x800.jpg 1200w, https:\/\/stadtmanufaktur.info\/wp-content\/uploads\/2021\/10\/iKunst-Stoffe-e.V.-16.09.2020-\u00a9Raquel-Gomez.jpg 1259w\" sizes=\"(max-width: 850px) 100vw, 800px\" \/><\/span><\/div><div class=\"fusion-separator fusion-full-width-sep\" style=\"align-self: center;margin-left: auto;margin-right: auto;margin-top:10px;width:100%;\"><\/div><div class=\"fusion-text fusion-text-7\"><p><em>Kunst-Stoffe e.V. (16.09.2020) \u00a0\u00a9Raquel Gomez<\/em><\/p>\n<\/div><div class=\"fusion-image-element \" style=\"--awb-caption-title-font-family:var(--h2_typography-font-family);--awb-caption-title-font-weight:var(--h2_typography-font-weight);--awb-caption-title-font-style:var(--h2_typography-font-style);--awb-caption-title-size:var(--h2_typography-font-size);--awb-caption-title-transform:var(--h2_typography-text-transform);--awb-caption-title-line-height:var(--h2_typography-line-height);--awb-caption-title-letter-spacing:var(--h2_typography-letter-spacing);\"><span class=\" fusion-imageframe imageframe-none imageframe-4 hover-type-none\"><img decoding=\"async\" width=\"1259\" height=\"839\" title=\"Berliner Stadtmission @HdM (16.09.2020) \u00a9Raquel Gomez\" src=\"https:\/\/stadtmanufaktur.info\/wp-content\/uploads\/2021\/10\/Berliner-Stadtmission-@HdM-16.09.2020-\u00a9Raquel-Gomez.jpg\" alt class=\"img-responsive wp-image-1216\" srcset=\"https:\/\/stadtmanufaktur.info\/wp-content\/uploads\/2021\/10\/Berliner-Stadtmission-@HdM-16.09.2020-\u00a9Raquel-Gomez-200x133.jpg 200w, https:\/\/stadtmanufaktur.info\/wp-content\/uploads\/2021\/10\/Berliner-Stadtmission-@HdM-16.09.2020-\u00a9Raquel-Gomez-400x267.jpg 400w, https:\/\/stadtmanufaktur.info\/wp-content\/uploads\/2021\/10\/Berliner-Stadtmission-@HdM-16.09.2020-\u00a9Raquel-Gomez-600x400.jpg 600w, https:\/\/stadtmanufaktur.info\/wp-content\/uploads\/2021\/10\/Berliner-Stadtmission-@HdM-16.09.2020-\u00a9Raquel-Gomez-800x533.jpg 800w, https:\/\/stadtmanufaktur.info\/wp-content\/uploads\/2021\/10\/Berliner-Stadtmission-@HdM-16.09.2020-\u00a9Raquel-Gomez-1200x800.jpg 1200w, https:\/\/stadtmanufaktur.info\/wp-content\/uploads\/2021\/10\/Berliner-Stadtmission-@HdM-16.09.2020-\u00a9Raquel-Gomez.jpg 1259w\" sizes=\"(max-width: 850px) 100vw, 800px\" \/><\/span><\/div><div class=\"fusion-separator fusion-full-width-sep\" style=\"align-self: center;margin-left: auto;margin-right: auto;margin-top:10px;width:100%;\"><\/div><div class=\"fusion-text fusion-text-8\"><p><em>Berliner Stadtmission @HdM (16.09.2020) \u00a9Raquel Gomez<\/em><\/p>\n<\/div><div ><a class=\"fusion-button button-flat fusion-button-default-size button-default fusion-button-default button-1 fusion-button-default-span fusion-button-default-type\" target=\"_self\" href=\"https:\/\/www.bz-berlin.de\/berlin\/im-haus-der-materialisierung-wird-aus-alt-neu\"><span class=\"fusion-button-text awb-button__text awb-button__text--default\">Pressespiegel, Beitrag zur Er\u00f6ffnung Haus der Materialisierung in der Berliner Zeitung<\/span><\/a><\/div><div class=\"fusion-separator fusion-full-width-sep\" style=\"align-self: center;margin-left: auto;margin-right: auto;margin-top:10px;width:100%;\"><\/div><div ><a class=\"fusion-button button-flat fusion-button-default-size button-default fusion-button-default button-2 fusion-button-default-span fusion-button-default-type\" target=\"_self\" href=\"https:\/\/www.tu.berlin\/ueber-die-tu-berlin\/profil\/pressemitteilungen- nachrichten\/2020\/september\/eine-klimafreundliche-alternative-zum-ueberkonsum\/\"><span class=\"fusion-button-text awb-button__text awb-button__text--default\">Pressespiegel, Pressemitteilung der TU Berlin<\/span><\/a><\/div><div class=\"fusion-separator fusion-full-width-sep\" style=\"align-self: center;margin-left: auto;margin-right: auto;margin-top:10px;width:100%;\"><\/div><\/div><\/div><\/div><\/div><div class=\"fusion-fullwidth fullwidth-box fusion-builder-row-3 fusion-flex-container nonhundred-percent-fullwidth non-hundred-percent-height-scrolling\" style=\"--awb-border-radius-top-left:0px;--awb-border-radius-top-right:0px;--awb-border-radius-bottom-right:0px;--awb-border-radius-bottom-left:0px;--awb-flex-wrap:wrap;\" ><div class=\"fusion-builder-row fusion-row fusion-flex-align-items-flex-start fusion-flex-content-wrap\" style=\"max-width:1352px;margin-left: calc(-4% \/ 2 );margin-right: calc(-4% \/ 2 );\"><\/div><\/div><\/p>\n","protected":false},"excerpt":{"rendered":"","protected":false},"author":2,"featured_media":0,"parent":13,"menu_order":0,"comment_status":"open","ping_status":"open","template":"","meta":{"footnotes":""},"class_list":["post-1212","page","type-page","status-publish","hentry"],"_links":{"self":[{"href":"https:\/\/stadtmanufaktur.info\/en\/wp-json\/wp\/v2\/pages\/1212","targetHints":{"allow":["GET"]}}],"collection":[{"href":"https:\/\/stadtmanufaktur.info\/en\/wp-json\/wp\/v2\/pages"}],"about":[{"href":"https:\/\/stadtmanufaktur.info\/en\/wp-json\/wp\/v2\/types\/page"}],"author":[{"embeddable":true,"href":"https:\/\/stadtmanufaktur.info\/en\/wp-json\/wp\/v2\/users\/2"}],"replies":[{"embeddable":true,"href":"https:\/\/stadtmanufaktur.info\/en\/wp-json\/wp\/v2\/comments?post=1212"}],"version-history":[{"count":9,"href":"https:\/\/stadtmanufaktur.info\/en\/wp-json\/wp\/v2\/pages\/1212\/revisions"}],"predecessor-version":[{"id":3045,"href":"https:\/\/stadtmanufaktur.info\/en\/wp-json\/wp\/v2\/pages\/1212\/revisions\/3045"}],"up":[{"embeddable":true,"href":"https:\/\/stadtmanufaktur.info\/en\/wp-json\/wp\/v2\/pages\/13"}],"wp:attachment":[{"href":"https:\/\/stadtmanufaktur.info\/en\/wp-json\/wp\/v2\/media?parent=1212"}],"curies":[{"name":"wp","href":"https:\/\/api.w.org\/{rel}","templated":true}]}}