{"id":1491,"date":"2021-12-06T11:02:38","date_gmt":"2021-12-06T10:02:38","guid":{"rendered":"https:\/\/stadtmanufaktur.info\/reallabore\/haus-der-materialisierung-copy\/"},"modified":"2025-07-21T12:06:28","modified_gmt":"2025-07-21T10:06:28","slug":"pavillon-wissenspfade","status":"publish","type":"page","link":"https:\/\/stadtmanufaktur.info\/en\/reallabore\/pavillon-wissenspfade\/","title":{"rendered":"TULIUM"},"content":{"rendered":"<p><div class=\"fusion-fullwidth fullwidth-box fusion-builder-row-1 fusion-flex-container nonhundred-percent-fullwidth non-hundred-percent-height-scrolling\" style=\"--awb-background-position:center top;--awb-background-blend-mode:darken;--awb-border-sizes-top:0px;--awb-border-sizes-bottom:0px;--awb-border-sizes-left:0px;--awb-border-sizes-right:0px;--awb-border-radius-top-left:0px;--awb-border-radius-top-right:0px;--awb-border-radius-bottom-right:0px;--awb-border-radius-bottom-left:0px;--awb-flex-wrap:wrap;\" ><div class=\"fusion-builder-row fusion-row fusion-flex-align-items-flex-start fusion-flex-content-wrap\" style=\"max-width:1352px;margin-left: calc(-4% \/ 2 );margin-right: calc(-4% \/ 2 );\"><div class=\"fusion-layout-column fusion_builder_column fusion-builder-column-0 fusion_builder_column_1_1 1_1 fusion-flex-column\" style=\"--awb-padding-top:20px;--awb-padding-right:20px;--awb-padding-bottom:20px;--awb-padding-left:20px;--awb-bg-color:#2980b9;--awb-bg-color-hover:#2980b9;--awb-bg-position:center center;--awb-bg-blend:screen;--awb-bg-size:cover;--awb-width-large:100%;--awb-margin-top-large:0px;--awb-spacing-right-large:1.92%;--awb-margin-bottom-large:20px;--awb-spacing-left-large:1.92%;--awb-width-medium:100%;--awb-order-medium:0;--awb-spacing-right-medium:1.92%;--awb-spacing-left-medium:1.92%;--awb-width-small:100%;--awb-order-small:0;--awb-spacing-right-small:1.92%;--awb-spacing-left-small:1.92%;\"><div class=\"fusion-column-wrapper fusion-column-has-shadow fusion-flex-justify-content-flex-start fusion-content-layout-column\"><div class=\"fusion-separator fusion-full-width-sep\" style=\"align-self: center;margin-left: auto;margin-right: auto;margin-top:20px;width:100%;\"><\/div><div class=\"fusion-text fusion-text-1 weiss\" style=\"--awb-content-alignment:center;--awb-font-size:26px;--awb-line-height:36px;--awb-text-color:#ffffff;\"><h1>Reallabor<\/h1>\n<\/div><div class=\"fusion-text fusion-text-2 weiss\" style=\"--awb-content-alignment:center;--awb-font-size:26px;--awb-line-height:36px;--awb-text-color:#ffffff;\"><h1>TULIUM @Campus Charlottenburg<\/h1>\n<\/div><\/div><\/div><\/div><\/div><div class=\"fusion-fullwidth fullwidth-box fusion-builder-row-2 fusion-flex-container nonhundred-percent-fullwidth non-hundred-percent-height-scrolling\" style=\"--awb-border-radius-top-left:0px;--awb-border-radius-top-right:0px;--awb-border-radius-bottom-right:0px;--awb-border-radius-bottom-left:0px;--awb-flex-wrap:wrap;\" ><div class=\"fusion-builder-row fusion-row fusion-flex-align-items-flex-start fusion-flex-content-wrap\" style=\"max-width:1352px;margin-left: calc(-4% \/ 2 );margin-right: calc(-4% \/ 2 );\"><div class=\"fusion-layout-column fusion_builder_column fusion-builder-column-1 fusion_builder_column_1_2 1_2 fusion-flex-column\" style=\"--awb-bg-size:cover;--awb-width-large:50%;--awb-margin-top-large:0px;--awb-spacing-right-large:3.84%;--awb-margin-bottom-large:20px;--awb-spacing-left-large:3.84%;--awb-width-medium:50%;--awb-order-medium:0;--awb-spacing-right-medium:3.84%;--awb-spacing-left-medium:3.84%;--awb-width-small:100%;--awb-order-small:0;--awb-spacing-right-small:1.92%;--awb-spacing-left-small:1.92%;\"><div class=\"fusion-column-wrapper fusion-column-has-shadow fusion-flex-justify-content-flex-start fusion-content-layout-column\"><div class=\"fusion-text fusion-text-3\"><p>TULIUM ist ein gemeinsames Projekt der TU Berlin und des Bezirks Charlottenburg-Wilmersdorf mit dem Ziel, Universit\u00e4t und Stadt inhaltlich und programmatisch mit einander zu verkn\u00fcpfen und den Campus st\u00e4rker in den umliegenden Stadtraum hin zu \u00f6ffnen.<\/p>\n<p>\u00dcber Wissenspfade, k\u00f6nnen sich Besucherinnen und Besucher den Campus selbst\u00e4ndig r\u00e4umlich und digital erschlie\u00dfen. Sammlungen, Denkm\u00e4ler, Geb\u00e4ude sowie aktuelle Forschungsinhalte werden erleb- und begreifbar. Hier kann Austausch zwischen Wissenschaft, Kunst und Gesellschaft stattfinden. TULIUM ist innovativer Kommunikations- und Ausstellungsraum, ein Ort f\u00fcr vielf\u00e4ltige Austauschformate. Auf Grundlage eines integrativen Ausstellungskonzeptes werden Gespr\u00e4chsanl\u00e4sse geschaffen, zum einen durch die Objekte der Mineralogischen Sammlung der TU Berlin sowie zum anderen durch kuratierte, thematisch wechselnde Installationen, Performances und Veranstaltungen.<\/p>\n<p>Die Vision ist, den Campus als offen zug\u00e4nglichen Erlebnisort des forschenden Lernens und Lehrens zu erschlie\u00dfen und k\u00fcnftig f\u00fcr interessierte Besucher*innen jeden Alters, St\u00e4dte- und Bildungsreisende, Wissenschaftstourist*innen und die TU- und UdK-Gemeinschaft erfahrbar zu machen. Klimaschutz und Klimaanpassung werden \u00fcber intensive Dachbegr\u00fcnung und intensive Regenwasserbewirtschaftung im Rahmen des strategischen Projektes <a href=\"https:\/\/stadtmanufaktur.info\/reallabore\/climatehood_campuspark\/\">ClimateHOOD_CampusPARK Charlottenburg erm\u00f6glicht<\/a>. Der Neubau auf dem Campus der TU Berlin ist auch <a href=\"https:\/\/www.nbl.berlin\/projects\/museumspavillon-und-wissenspfade-reallabor-fur-nachhaltiges-planen-und-bauen\/\">Reallabor f\u00fcr das Planen und Bauen\u00a0 in den planetaren Grenzen<\/a> und formuliert ein kreislaufgerechtes Geb\u00e4udekonzept, das Materialkreisl\u00e4ufe schlie\u00dft und (Bau)Abfall fast g\u00e4nzlich vermeidet. Erfahren Sie mehr \u00fcber Entwicklung, Gestaltung und Perspektiven des<a href=\"https:\/\/www.tu.berlin\/science-and-society\/projekte-und-forschung\/tulium#c2526250\"> TULIUM auf den Webseiten der Stabsstelle Science &amp; Society<\/a>!<\/p>\n<p>Die bauliche Fertigstellung des durch GRW-Mittel finanzierten Projekts ist f\u00fcr 2026\/ 2027 angestrebt.<\/p>\n<\/div><div class=\"fusion-text fusion-text-4\"><p class=\"c8\"><em><strong>Thematische Zug\u00e4nge:<br \/>\n<\/strong><\/em><em><strong>#Kunst#Kultur#Wissenschaft#Mineralogische Sammlung#Science Gallery#Partizipation<\/strong><\/em><\/p>\n<p class=\"c8\"><em><strong>R\u00e4umliche Zug\u00e4nge:<\/strong><\/em><br \/>\n<em><strong>#Campus# Quartier<\/strong><\/em><\/p>\n<p><em><strong>Kontakt:<\/strong><\/em><\/p>\n<p><em><strong>Stabsstelle Science &amp; Society, Projektleitung Dr. Audrey Podann<\/strong><\/em><\/p>\n<p><em><strong><a href=\"https:\/\/www.tu.berlin\/science-and-society\/projekte-und-forschung\/tulium#c2526250\"><span style=\"color: #ff0000;\">zur Website TULIUM<\/span><\/a><\/strong><\/em><\/p>\n<\/div><\/div><\/div><div class=\"fusion-layout-column fusion_builder_column fusion-builder-column-2 fusion_builder_column_1_2 1_2 fusion-flex-column\" style=\"--awb-bg-size:cover;--awb-width-large:50%;--awb-margin-top-large:0px;--awb-spacing-right-large:3.84%;--awb-margin-bottom-large:20px;--awb-spacing-left-large:3.84%;--awb-width-medium:50%;--awb-order-medium:0;--awb-spacing-right-medium:3.84%;--awb-spacing-left-medium:3.84%;--awb-width-small:100%;--awb-order-small:0;--awb-spacing-right-small:1.92%;--awb-spacing-left-small:1.92%;\"><div class=\"fusion-column-wrapper fusion-column-has-shadow fusion-flex-justify-content-flex-start fusion-content-layout-column\"><div class=\"fusion-image-element \" style=\"--awb-caption-title-font-family:var(--h2_typography-font-family);--awb-caption-title-font-weight:var(--h2_typography-font-weight);--awb-caption-title-font-style:var(--h2_typography-font-style);--awb-caption-title-size:var(--h2_typography-font-size);--awb-caption-title-transform:var(--h2_typography-text-transform);--awb-caption-title-line-height:var(--h2_typography-line-height);--awb-caption-title-letter-spacing:var(--h2_typography-letter-spacing);\"><span class=\" fusion-imageframe imageframe-none imageframe-1 hover-type-none\"><img decoding=\"async\" width=\"300\" height=\"200\" title=\"200214_CTZ_LernKonf_M_Crabbe64\" src=\"https:\/\/stadtmanufaktur.info\/wp-content\/uploads\/2021\/12\/200214_CTZ_LernKonf_M_Crabbe64-300x200.jpg\" alt class=\"img-responsive wp-image-1499\" srcset=\"https:\/\/stadtmanufaktur.info\/wp-content\/uploads\/2021\/12\/200214_CTZ_LernKonf_M_Crabbe64-200x133.jpg 200w, https:\/\/stadtmanufaktur.info\/wp-content\/uploads\/2021\/12\/200214_CTZ_LernKonf_M_Crabbe64-400x267.jpg 400w, https:\/\/stadtmanufaktur.info\/wp-content\/uploads\/2021\/12\/200214_CTZ_LernKonf_M_Crabbe64-600x400.jpg 600w, https:\/\/stadtmanufaktur.info\/wp-content\/uploads\/2021\/12\/200214_CTZ_LernKonf_M_Crabbe64-800x534.jpg 800w, https:\/\/stadtmanufaktur.info\/wp-content\/uploads\/2021\/12\/200214_CTZ_LernKonf_M_Crabbe64-1200x800.jpg 1200w, https:\/\/stadtmanufaktur.info\/wp-content\/uploads\/2021\/12\/200214_CTZ_LernKonf_M_Crabbe64.jpg 1600w\" sizes=\"(max-width: 850px) 100vw, 800px\" \/><\/span><\/div><div class=\"fusion-separator fusion-full-width-sep\" style=\"align-self: center;margin-left: auto;margin-right: auto;margin-top:10px;width:100%;\"><\/div><div class=\"fusion-text fusion-text-5\"><div>\n<p><em>Interdisziplin\u00e4re Lernkonferenz im Februar 2020 im Rahmen des Projekts \u201ePavillon und Wissenspfade\u201c in Entwurfsstudios an den Fachgebieten Habitat Unit und dem Natural Building Lab am Institut f\u00fcr Architektur der TU Berlin,\u00a0<\/em><em>Foto: \u00a9Natural Building Lab<\/em><\/p>\n<\/div>\n<\/div><div class=\"fusion-separator fusion-full-width-sep\" style=\"align-self: center;margin-left: auto;margin-right: auto;margin-top:20px;width:100%;\"><\/div><div class=\"fusion-image-element \" style=\"--awb-caption-title-font-family:var(--h2_typography-font-family);--awb-caption-title-font-weight:var(--h2_typography-font-weight);--awb-caption-title-font-style:var(--h2_typography-font-style);--awb-caption-title-size:var(--h2_typography-font-size);--awb-caption-title-transform:var(--h2_typography-text-transform);--awb-caption-title-line-height:var(--h2_typography-line-height);--awb-caption-title-letter-spacing:var(--h2_typography-letter-spacing);\"><span class=\" fusion-imageframe imageframe-none imageframe-2 hover-type-none\"><img decoding=\"async\" width=\"300\" height=\"212\" title=\"210916_Axo_Entwicklungsgebiet\" src=\"https:\/\/stadtmanufaktur.info\/wp-content\/uploads\/2021\/12\/210916_Axo_Entwicklungsgebiet-300x212.jpg\" alt class=\"img-responsive wp-image-1502\" srcset=\"https:\/\/stadtmanufaktur.info\/wp-content\/uploads\/2021\/12\/210916_Axo_Entwicklungsgebiet-200x142.jpg 200w, https:\/\/stadtmanufaktur.info\/wp-content\/uploads\/2021\/12\/210916_Axo_Entwicklungsgebiet-400x283.jpg 400w, https:\/\/stadtmanufaktur.info\/wp-content\/uploads\/2021\/12\/210916_Axo_Entwicklungsgebiet-600x425.jpg 600w, https:\/\/stadtmanufaktur.info\/wp-content\/uploads\/2021\/12\/210916_Axo_Entwicklungsgebiet-800x566.jpg 800w, https:\/\/stadtmanufaktur.info\/wp-content\/uploads\/2021\/12\/210916_Axo_Entwicklungsgebiet-1200x849.jpg 1200w\" sizes=\"(max-width: 850px) 100vw, 800px\" \/><\/span><\/div><div class=\"fusion-separator fusion-full-width-sep\" style=\"align-self: center;margin-left: auto;margin-right: auto;margin-top:10px;width:100%;\"><\/div><div class=\"fusion-text fusion-text-6\"><div>\n<p><em>Entwicklungsgebiet verl\u00e4ngerte Hertzallee auf dem S\u00fcd-Campus der TU Berlin,\u00a0<\/em><em>Grafik: \u00a9Natural Building Lab<\/em><\/p>\n<\/div>\n<\/div><div class=\"fusion-image-element \" style=\"--awb-caption-title-font-family:var(--h2_typography-font-family);--awb-caption-title-font-weight:var(--h2_typography-font-weight);--awb-caption-title-font-style:var(--h2_typography-font-style);--awb-caption-title-size:var(--h2_typography-font-size);--awb-caption-title-transform:var(--h2_typography-text-transform);--awb-caption-title-line-height:var(--h2_typography-line-height);--awb-caption-title-letter-spacing:var(--h2_typography-letter-spacing);\"><span class=\" fusion-imageframe imageframe-none imageframe-3 hover-type-none\"><img decoding=\"async\" width=\"300\" height=\"212\" title=\"210916_Lageplan_Entwicklungsgebiet\" src=\"https:\/\/stadtmanufaktur.info\/wp-content\/uploads\/2021\/12\/210916_Lageplan_Entwicklungsgebiet-300x212.jpg\" alt class=\"img-responsive wp-image-1506\" srcset=\"https:\/\/stadtmanufaktur.info\/wp-content\/uploads\/2021\/12\/210916_Lageplan_Entwicklungsgebiet-200x142.jpg 200w, https:\/\/stadtmanufaktur.info\/wp-content\/uploads\/2021\/12\/210916_Lageplan_Entwicklungsgebiet-400x283.jpg 400w, https:\/\/stadtmanufaktur.info\/wp-content\/uploads\/2021\/12\/210916_Lageplan_Entwicklungsgebiet-600x425.jpg 600w, https:\/\/stadtmanufaktur.info\/wp-content\/uploads\/2021\/12\/210916_Lageplan_Entwicklungsgebiet-800x566.jpg 800w, https:\/\/stadtmanufaktur.info\/wp-content\/uploads\/2021\/12\/210916_Lageplan_Entwicklungsgebiet-1200x849.jpg 1200w\" sizes=\"(max-width: 850px) 100vw, 800px\" \/><\/span><\/div><div class=\"fusion-separator fusion-full-width-sep\" style=\"align-self: center;margin-left: auto;margin-right: auto;margin-top:10px;width:100%;\"><\/div><div class=\"fusion-text fusion-text-7\"><div>\n<p>Projektstandort \u201ePavillon und Wissenspfade\u201c auf dem S\u00fcd-Campus der TU Berlin, Grafik: \u00a9Natural Building Lab<\/p>\n<\/div>\n<\/div><div class=\"fusion-separator fusion-full-width-sep\" style=\"align-self: center;margin-left: auto;margin-right: auto;margin-top:10px;width:100%;\"><\/div><div class=\"fusion-image-element \" style=\"--awb-caption-title-font-family:var(--h2_typography-font-family);--awb-caption-title-font-weight:var(--h2_typography-font-weight);--awb-caption-title-font-style:var(--h2_typography-font-style);--awb-caption-title-size:var(--h2_typography-font-size);--awb-caption-title-transform:var(--h2_typography-text-transform);--awb-caption-title-line-height:var(--h2_typography-line-height);--awb-caption-title-letter-spacing:var(--h2_typography-letter-spacing);\"><span class=\" fusion-imageframe imageframe-none imageframe-4 hover-type-none\"><img decoding=\"async\" width=\"300\" height=\"214\" title=\"Wissenspavillon_NBL Collage\" src=\"https:\/\/stadtmanufaktur.info\/wp-content\/uploads\/2025\/02\/Wissenspavillon_NBL-Collage-300x214.png\" alt class=\"img-responsive wp-image-2814\" srcset=\"https:\/\/stadtmanufaktur.info\/wp-content\/uploads\/2025\/02\/Wissenspavillon_NBL-Collage-200x142.png 200w, https:\/\/stadtmanufaktur.info\/wp-content\/uploads\/2025\/02\/Wissenspavillon_NBL-Collage-400x285.png 400w, https:\/\/stadtmanufaktur.info\/wp-content\/uploads\/2025\/02\/Wissenspavillon_NBL-Collage-600x427.png 600w, https:\/\/stadtmanufaktur.info\/wp-content\/uploads\/2025\/02\/Wissenspavillon_NBL-Collage-800x570.png 800w, https:\/\/stadtmanufaktur.info\/wp-content\/uploads\/2025\/02\/Wissenspavillon_NBL-Collage-1200x855.png 1200w, https:\/\/stadtmanufaktur.info\/wp-content\/uploads\/2025\/02\/Wissenspavillon_NBL-Collage.png 1404w\" sizes=\"(max-width: 850px) 100vw, 800px\" \/><\/span><\/div><div class=\"fusion-text fusion-text-8\"><div>\n<p>Ansicht des \u201ePavillons\u201c als zirkul\u00e4res Geb\u00e4ude mit textiler Fassade. Grafik: \u00a9Natural Building Lab<\/p>\n<\/div>\n<\/div><div class=\"fusion-separator fusion-full-width-sep\" style=\"align-self: center;margin-left: auto;margin-right: auto;margin-top:10px;width:100%;\"><\/div><div ><a class=\"fusion-button button-flat fusion-button-default-size button-default fusion-button-default button-1 fusion-button-default-span fusion-button-default-type\" target=\"_self\" href=\"https:\/\/idw-online.de\/de\/news?print=1&amp;id=767678\"><span class=\"fusion-button-text awb-button__text awb-button__text--default\">Pressespiegel, Pressemitteilung zum Projekt<\/span><\/a><\/div><div class=\"fusion-separator fusion-full-width-sep\" style=\"align-self: center;margin-left: auto;margin-right: auto;margin-top:10px;width:100%;\"><\/div><\/div><\/div><\/div><\/div><div class=\"fusion-fullwidth fullwidth-box fusion-builder-row-3 fusion-flex-container nonhundred-percent-fullwidth non-hundred-percent-height-scrolling\" style=\"--awb-border-radius-top-left:0px;--awb-border-radius-top-right:0px;--awb-border-radius-bottom-right:0px;--awb-border-radius-bottom-left:0px;--awb-flex-wrap:wrap;\" ><div class=\"fusion-builder-row fusion-row fusion-flex-align-items-flex-start fusion-flex-content-wrap\" style=\"max-width:1352px;margin-left: calc(-4% \/ 2 );margin-right: calc(-4% \/ 2 );\"><\/div><\/div><\/p>\n","protected":false},"excerpt":{"rendered":"","protected":false},"author":2,"featured_media":0,"parent":13,"menu_order":0,"comment_status":"open","ping_status":"open","template":"","meta":{"footnotes":""},"class_list":["post-1491","page","type-page","status-publish","hentry"],"_links":{"self":[{"href":"https:\/\/stadtmanufaktur.info\/en\/wp-json\/wp\/v2\/pages\/1491","targetHints":{"allow":["GET"]}}],"collection":[{"href":"https:\/\/stadtmanufaktur.info\/en\/wp-json\/wp\/v2\/pages"}],"about":[{"href":"https:\/\/stadtmanufaktur.info\/en\/wp-json\/wp\/v2\/types\/page"}],"author":[{"embeddable":true,"href":"https:\/\/stadtmanufaktur.info\/en\/wp-json\/wp\/v2\/users\/2"}],"replies":[{"embeddable":true,"href":"https:\/\/stadtmanufaktur.info\/en\/wp-json\/wp\/v2\/comments?post=1491"}],"version-history":[{"count":10,"href":"https:\/\/stadtmanufaktur.info\/en\/wp-json\/wp\/v2\/pages\/1491\/revisions"}],"predecessor-version":[{"id":3026,"href":"https:\/\/stadtmanufaktur.info\/en\/wp-json\/wp\/v2\/pages\/1491\/revisions\/3026"}],"up":[{"embeddable":true,"href":"https:\/\/stadtmanufaktur.info\/en\/wp-json\/wp\/v2\/pages\/13"}],"wp:attachment":[{"href":"https:\/\/stadtmanufaktur.info\/en\/wp-json\/wp\/v2\/media?parent=1491"}],"curies":[{"name":"wp","href":"https:\/\/api.w.org\/{rel}","templated":true}]}}