{"id":1693,"date":"2022-12-01T12:33:25","date_gmt":"2022-12-01T11:33:25","guid":{"rendered":"https:\/\/stadtmanufaktur.info\/reallabore\/experi-copy\/"},"modified":"2022-12-08T12:06:34","modified_gmt":"2022-12-08T11:06:34","slug":"led-laufsteg","status":"publish","type":"page","link":"https:\/\/stadtmanufaktur.info\/en\/reallabore\/led-laufsteg\/","title":{"rendered":"LED-Laufsteg"},"content":{"rendered":"<p><div class=\"fusion-fullwidth fullwidth-box fusion-builder-row-1 fusion-flex-container nonhundred-percent-fullwidth non-hundred-percent-height-scrolling\" style=\"--awb-background-position:center top;--awb-background-blend-mode:darken;--awb-border-sizes-top:0px;--awb-border-sizes-bottom:0px;--awb-border-sizes-left:0px;--awb-border-sizes-right:0px;--awb-border-radius-top-left:0px;--awb-border-radius-top-right:0px;--awb-border-radius-bottom-right:0px;--awb-border-radius-bottom-left:0px;--awb-flex-wrap:wrap;\" ><div class=\"fusion-builder-row fusion-row fusion-flex-align-items-flex-start fusion-flex-content-wrap\" style=\"max-width:1352px;margin-left: calc(-4% \/ 2 );margin-right: calc(-4% \/ 2 );\"><div class=\"fusion-layout-column fusion_builder_column fusion-builder-column-0 fusion_builder_column_1_1 1_1 fusion-flex-column\" style=\"--awb-padding-top:20px;--awb-padding-right:20px;--awb-padding-bottom:20px;--awb-padding-left:20px;--awb-bg-color:#e67e22;--awb-bg-color-hover:#e67e22;--awb-bg-position:center center;--awb-bg-size:cover;--awb-width-large:100%;--awb-margin-top-large:0px;--awb-spacing-right-large:1.92%;--awb-margin-bottom-large:20px;--awb-spacing-left-large:1.92%;--awb-width-medium:100%;--awb-order-medium:0;--awb-spacing-right-medium:1.92%;--awb-spacing-left-medium:1.92%;--awb-width-small:100%;--awb-order-small:0;--awb-spacing-right-small:1.92%;--awb-spacing-left-small:1.92%;\"><div class=\"fusion-column-wrapper fusion-column-has-shadow fusion-flex-justify-content-flex-start fusion-content-layout-column\"><div class=\"fusion-separator fusion-full-width-sep\" style=\"align-self: center;margin-left: auto;margin-right: auto;margin-top:20px;width:100%;\"><\/div><div class=\"fusion-text fusion-text-1 weiss\" style=\"--awb-content-alignment:center;--awb-font-size:26px;--awb-line-height:36px;--awb-text-color:#ffffff;\"><h1>Reallabor<\/h1>\n<\/div><div class=\"fusion-text fusion-text-2 weiss\" style=\"--awb-content-alignment:center;--awb-font-size:26px;--awb-line-height:36px;--awb-text-color:#ffffff;\"><h1>LED-Laufsteg<\/h1>\n<\/div><div class=\"fusion-text fusion-text-3 weiss\" style=\"--awb-content-alignment:center;--awb-font-size:26px;--awb-line-height:36px;--awb-text-color:#ffffff;\"><h2>Stra\u00dfenbeleuchtung mit LED-Technologie<\/h2>\n<\/div><\/div><\/div><\/div><\/div><div class=\"fusion-fullwidth fullwidth-box fusion-builder-row-2 fusion-flex-container nonhundred-percent-fullwidth non-hundred-percent-height-scrolling\" style=\"--awb-border-radius-top-left:0px;--awb-border-radius-top-right:0px;--awb-border-radius-bottom-right:0px;--awb-border-radius-bottom-left:0px;--awb-flex-wrap:wrap;\" ><div class=\"fusion-builder-row fusion-row fusion-flex-align-items-flex-start fusion-flex-content-wrap\" style=\"max-width:1352px;margin-left: calc(-4% \/ 2 );margin-right: calc(-4% \/ 2 );\"><div class=\"fusion-layout-column fusion_builder_column fusion-builder-column-1 fusion_builder_column_1_2 1_2 fusion-flex-column\" style=\"--awb-bg-size:cover;--awb-width-large:50%;--awb-margin-top-large:0px;--awb-spacing-right-large:3.84%;--awb-margin-bottom-large:20px;--awb-spacing-left-large:3.84%;--awb-width-medium:50%;--awb-order-medium:0;--awb-spacing-right-medium:3.84%;--awb-spacing-left-medium:3.84%;--awb-width-small:100%;--awb-order-small:0;--awb-spacing-right-small:1.92%;--awb-spacing-left-small:1.92%;\"><div class=\"fusion-column-wrapper fusion-column-has-shadow fusion-flex-justify-content-flex-start fusion-content-layout-column\"><div class=\"fusion-text fusion-text-4\"><p>Ist die Stra\u00dfenbeleuchtung mit LED-Technologie wirklich effizienter als eine herk\u00f6mmliche Beleuchtung mit Natriumdampfhochdrucklampen?<\/p>\n<p>Blenden LED-Stra\u00dfenleuchten st\u00e4rker als herk\u00f6mmliche Leuchten?<\/p>\n<p>Welche Auswirkung hat eine Halbnachtschaltung auf die Wahrnehmung<br \/>\nvon Objekten im n\u00e4chtlichen Stra\u00dfenverkehr?<\/p>\n<p>Und was soll die LED-Technologie in 5 bis 10 Jahren leisten?<\/p>\n<p>Antworten auf diese und noch viele weitere Fragen k\u00f6nnen auf dem LED-Laufsteg in Berlin untersucht und demonstriert werden. Auf einer Strecke von 1.500 m bietet der Laufsteg auf dem Gel\u00e4nde des Deutschen Technikmuseums die M\u00f6glichkeit, innovative LED-Beleuchtung auf vielf\u00e4ltige Weise direkt zu erleben.<\/p>\n<p>In 5 verschiedenen Bereichen werden Themen wie Energieeffizienz, Entblendung, Sichtbarkeit, adaptive Beleuchtung, Nutzfl\u00e4chenbeleuchtung, Lichtfarbe sowie Farbwiedergabe abgebildet. Unterst\u00fctzt wird die Informationsvermittlung durch Infotafeln, einen E-Terminal sowie QR-Codes an den Leuchtenmasten.<\/p>\n<p>Mit dem Vorhaben sollen die vielf\u00e4ltigen M\u00f6glichkeiten der LED-Technologie erstmals unter realen Bedingungen mit unterschiedlichen Sehobjekten und Blendquellen demonstriert werden. Im Fokus steht die Sensibilisierung f\u00fcr die Themen Licht und Energie. Lichtqualit\u00e4t und Energieeffizienz werden begreifbar.<\/p>\n<p>Gezeigt werden unter anderem die Abh\u00e4ngigkeit der Effizienz und Lichtqualit\u00e4t von Masth\u00f6he, Mastabstand, Bebauung, Lichtverteilung, Lichtfarbe, Witterung und Blendquellen. Fragen zu Einsparpotenzialen, Betriebsmanagement, Investitions- und Folgekosten, st\u00f6renden Lichtimmissionen und Verkehrssicherheit k\u00f6nnen direkt am Objekt beantwortet werden. Wissenschaftlich Interessierte und Entscheider der \u00f6ffentlichen Hand sind genauso Zielgruppe wie Parkbesucher, Berlin-Touristen und die Besucher des Technikmuseums.<\/p>\n<p>(Fotos\/ Copyright: Fachgebiet Lichttechnik, TU Berlin)<\/p>\n<\/div><div class=\"fusion-text fusion-text-5\"><p><em><strong>Thematische Zug\u00e4nge: <\/strong><\/em><br \/>\n<em><strong>#Energieeffizienz #Lichtqualit\u00e4t<\/strong><\/em><\/p>\n<p><em><strong>R\u00e4umliche Zug\u00e4nge:<\/strong><\/em><br \/>\n<em><strong>#Verkehrsinfrastruktur#Stra\u00dfenbeleuchtung\u00a0<\/strong><\/em><\/p>\n<p><em><strong>Kontakt: <\/strong><\/em><\/p>\n<div><a href=\"https:\/\/www.tu.berlin\/li\/ueber-uns\/team-personen\"><strong><em>Fachgebiet Lichttechnik, TU Berlin\u00a0<\/em><\/strong><\/a><\/div>\n<div>\n<p><em><strong>Heike Schumacher, Projektkoordination<\/strong><\/em><\/p>\n<\/div>\n<div>\n<p><em><strong>+49 (0)30 31422156<\/strong><\/em><\/p>\n<\/div>\n<div>\n<p><a href=\"mailto:heike.schumacher@tu-berlin.de\">heike.schumacher (at) tu-berlin.de<\/a><\/p>\n<\/div>\n<p><em><strong><a href=\"https:\/\/www.led-laufsteg.de\/\" target=\"_blank\" rel=\"noopener\">zur Website LED-Laufsteg<\/a><\/strong><\/em><\/p>\n<\/div><\/div><\/div><div class=\"fusion-layout-column fusion_builder_column fusion-builder-column-2 fusion_builder_column_1_2 1_2 fusion-flex-column\" style=\"--awb-bg-size:cover;--awb-width-large:50%;--awb-margin-top-large:0px;--awb-spacing-right-large:3.84%;--awb-margin-bottom-large:20px;--awb-spacing-left-large:3.84%;--awb-width-medium:50%;--awb-order-medium:0;--awb-spacing-right-medium:3.84%;--awb-spacing-left-medium:3.84%;--awb-width-small:100%;--awb-order-small:0;--awb-spacing-right-small:1.92%;--awb-spacing-left-small:1.92%;\"><div class=\"fusion-column-wrapper fusion-column-has-shadow fusion-flex-justify-content-flex-start fusion-content-layout-column\"><div class=\"fusion-image-element \" style=\"text-align:center;--awb-caption-title-font-family:var(--h2_typography-font-family);--awb-caption-title-font-weight:var(--h2_typography-font-weight);--awb-caption-title-font-style:var(--h2_typography-font-style);--awb-caption-title-size:var(--h2_typography-font-size);--awb-caption-title-transform:var(--h2_typography-text-transform);--awb-caption-title-line-height:var(--h2_typography-line-height);--awb-caption-title-letter-spacing:var(--h2_typography-letter-spacing);\"><span class=\" fusion-imageframe imageframe-none imageframe-1 hover-type-none\"><img decoding=\"async\" width=\"1024\" height=\"683\" title=\"Laufsteg-48\" src=\"https:\/\/stadtmanufaktur.info\/wp-content\/uploads\/2022\/12\/Laufsteg-48-1024x683.jpg\" alt class=\"img-responsive wp-image-1703\" srcset=\"https:\/\/stadtmanufaktur.info\/wp-content\/uploads\/2022\/12\/Laufsteg-48-200x133.jpg 200w, https:\/\/stadtmanufaktur.info\/wp-content\/uploads\/2022\/12\/Laufsteg-48-400x267.jpg 400w, https:\/\/stadtmanufaktur.info\/wp-content\/uploads\/2022\/12\/Laufsteg-48-600x400.jpg 600w, https:\/\/stadtmanufaktur.info\/wp-content\/uploads\/2022\/12\/Laufsteg-48-800x533.jpg 800w, https:\/\/stadtmanufaktur.info\/wp-content\/uploads\/2022\/12\/Laufsteg-48-1200x800.jpg 1200w\" sizes=\"(max-width: 850px) 100vw, 800px\" \/><\/span><\/div><div class=\"fusion-separator fusion-full-width-sep\" style=\"align-self: center;margin-left: auto;margin-right: auto;margin-top:50px;width:100%;\"><\/div><div class=\"fusion-image-element \" style=\"text-align:center;--awb-caption-title-font-family:var(--h2_typography-font-family);--awb-caption-title-font-weight:var(--h2_typography-font-weight);--awb-caption-title-font-style:var(--h2_typography-font-style);--awb-caption-title-size:var(--h2_typography-font-size);--awb-caption-title-transform:var(--h2_typography-text-transform);--awb-caption-title-line-height:var(--h2_typography-line-height);--awb-caption-title-letter-spacing:var(--h2_typography-letter-spacing);\"><span class=\" fusion-imageframe imageframe-none imageframe-2 hover-type-none\"><img decoding=\"async\" width=\"1024\" height=\"683\" title=\"Laufsteg-63\" src=\"https:\/\/stadtmanufaktur.info\/wp-content\/uploads\/2022\/12\/Laufsteg-63-1024x683.jpg\" alt class=\"img-responsive wp-image-1705\" srcset=\"https:\/\/stadtmanufaktur.info\/wp-content\/uploads\/2022\/12\/Laufsteg-63-200x133.jpg 200w, https:\/\/stadtmanufaktur.info\/wp-content\/uploads\/2022\/12\/Laufsteg-63-400x267.jpg 400w, https:\/\/stadtmanufaktur.info\/wp-content\/uploads\/2022\/12\/Laufsteg-63-600x400.jpg 600w, https:\/\/stadtmanufaktur.info\/wp-content\/uploads\/2022\/12\/Laufsteg-63-800x533.jpg 800w, https:\/\/stadtmanufaktur.info\/wp-content\/uploads\/2022\/12\/Laufsteg-63-1200x800.jpg 1200w\" sizes=\"(max-width: 850px) 100vw, 800px\" \/><\/span><\/div><div class=\"fusion-separator fusion-full-width-sep\" style=\"align-self: center;margin-left: auto;margin-right: auto;margin-top:50px;width:100%;\"><\/div><div class=\"fusion-image-element \" style=\"text-align:center;--awb-caption-title-font-family:var(--h2_typography-font-family);--awb-caption-title-font-weight:var(--h2_typography-font-weight);--awb-caption-title-font-style:var(--h2_typography-font-style);--awb-caption-title-size:var(--h2_typography-font-size);--awb-caption-title-transform:var(--h2_typography-text-transform);--awb-caption-title-line-height:var(--h2_typography-line-height);--awb-caption-title-letter-spacing:var(--h2_typography-letter-spacing);\"><span class=\" fusion-imageframe imageframe-none imageframe-3 hover-type-none\"><img decoding=\"async\" width=\"300\" height=\"265\" title=\"LAge_LED_laufsteg\" src=\"https:\/\/stadtmanufaktur.info\/wp-content\/uploads\/2022\/12\/LAge_LED_laufsteg-300x265.png\" alt class=\"img-responsive wp-image-1707\" srcset=\"https:\/\/stadtmanufaktur.info\/wp-content\/uploads\/2022\/12\/LAge_LED_laufsteg-200x176.png 200w, https:\/\/stadtmanufaktur.info\/wp-content\/uploads\/2022\/12\/LAge_LED_laufsteg-400x353.png 400w, https:\/\/stadtmanufaktur.info\/wp-content\/uploads\/2022\/12\/LAge_LED_laufsteg-600x529.png 600w, https:\/\/stadtmanufaktur.info\/wp-content\/uploads\/2022\/12\/LAge_LED_laufsteg-800x706.png 800w, https:\/\/stadtmanufaktur.info\/wp-content\/uploads\/2022\/12\/LAge_LED_laufsteg.png 970w\" sizes=\"(max-width: 850px) 100vw, 800px\" \/><\/span><\/div><div class=\"fusion-separator fusion-full-width-sep\" style=\"align-self: center;margin-left: auto;margin-right: auto;margin-top:50px;width:100%;\"><\/div><div ><a class=\"fusion-button button-flat fusion-button-default-size button-default fusion-button-default button-1 fusion-button-default-span fusion-button-default-type\" target=\"_self\" href=\"https:\/\/www.youtube-nocookie.com\/embed\/aLHHPT9csyo\"><span class=\"fusion-button-text awb-button__text awb-button__text--default\">LED-Laufsteg im Videoformat <\/span><\/a><\/div><div class=\"fusion-separator fusion-full-width-sep\" style=\"align-self: center;margin-left: auto;margin-right: auto;margin-top:50px;width:100%;\"><\/div><div ><a class=\"fusion-button button-flat fusion-button-default-size button-default fusion-button-default button-2 fusion-button-default-span fusion-button-default-type\" target=\"_self\" href=\"https:\/\/www.bmuv.de\/pressemitteilung\/licht-experimente-zum-strom-sparen\/\"><span class=\"fusion-button-text awb-button__text awb-button__text--default\">Pressemitteilung zum LED-Laufsteg<\/span><\/a><\/div><div class=\"fusion-separator fusion-full-width-sep\" style=\"align-self: center;margin-left: auto;margin-right: auto;margin-top:50px;width:100%;\"><\/div><div ><a class=\"fusion-button button-flat fusion-button-default-size button-default fusion-button-default button-3 fusion-button-default-span fusion-button-default-type\" target=\"_self\" href=\"https:\/\/www.detail.de\/de\/de_de\/artikel\/ledlaufsteg-neue-beleuchtungsstrategie-fuer-den-strassenraum-27529\/\"><span class=\"fusion-button-text awb-button__text awb-button__text--default\">Pressespiegel zum LED-Lauftsteg<\/span><\/a><\/div><div class=\"fusion-separator fusion-full-width-sep\" style=\"align-self: center;margin-left: auto;margin-right: auto;margin-top:50px;width:100%;\"><\/div><div class=\"fusion-text fusion-text-6\"><div>\n<p>Partner &amp; F\u00f6rderung: Bundesministerium f\u00fcr Bildung und Forschung | Bundesministerium f\u00fcr Wirtschaft und Energie | Bundesministerium f\u00fcr Umwelt, Naturschutz und nukleare Sicherheit | DENEFF Deutsche Unternehmensinitiative Energieeffizienz | Deutsches Technikmuseum | BIM Berliner Immobilienmanagement | EFRE | EU Europ\u00e4ischer Fond f\u00fcr regionale Entwicklung | LiTG Deutsche Lichttechnische Gesellschaft e.V. | MBG Solid Solutions | Schr\u00e9der | Selux | SWARCO | THORN | Trilux | TU Berlin | Organisation der Vereinten Nationen f\u00fcr Bildung, Wissenschaft und Natur | Vattenfall | VS Lighting Solutions | We-ef | Senatsverwaltung f\u00fcr Umwelt, Verkehr und Klimaschutz<\/p>\n<\/div>\n<\/div><\/div><\/div><\/div><\/div><\/p>\n","protected":false},"excerpt":{"rendered":"","protected":false},"author":2,"featured_media":0,"parent":13,"menu_order":0,"comment_status":"open","ping_status":"open","template":"","meta":{"footnotes":""},"class_list":["post-1693","page","type-page","status-publish","hentry"],"_links":{"self":[{"href":"https:\/\/stadtmanufaktur.info\/en\/wp-json\/wp\/v2\/pages\/1693","targetHints":{"allow":["GET"]}}],"collection":[{"href":"https:\/\/stadtmanufaktur.info\/en\/wp-json\/wp\/v2\/pages"}],"about":[{"href":"https:\/\/stadtmanufaktur.info\/en\/wp-json\/wp\/v2\/types\/page"}],"author":[{"embeddable":true,"href":"https:\/\/stadtmanufaktur.info\/en\/wp-json\/wp\/v2\/users\/2"}],"replies":[{"embeddable":true,"href":"https:\/\/stadtmanufaktur.info\/en\/wp-json\/wp\/v2\/comments?post=1693"}],"version-history":[{"count":10,"href":"https:\/\/stadtmanufaktur.info\/en\/wp-json\/wp\/v2\/pages\/1693\/revisions"}],"predecessor-version":[{"id":1730,"href":"https:\/\/stadtmanufaktur.info\/en\/wp-json\/wp\/v2\/pages\/1693\/revisions\/1730"}],"up":[{"embeddable":true,"href":"https:\/\/stadtmanufaktur.info\/en\/wp-json\/wp\/v2\/pages\/13"}],"wp:attachment":[{"href":"https:\/\/stadtmanufaktur.info\/en\/wp-json\/wp\/v2\/media?parent=1693"}],"curies":[{"name":"wp","href":"https:\/\/api.w.org\/{rel}","templated":true}]}}