{"id":2470,"date":"2024-08-20T13:21:01","date_gmt":"2024-08-20T11:21:01","guid":{"rendered":"https:\/\/stadtmanufaktur.info\/reallabore\/roof-water-farm-copy\/"},"modified":"2025-10-17T22:28:26","modified_gmt":"2025-10-17T20:28:26","slug":"essbarer-campus","status":"publish","type":"page","link":"https:\/\/stadtmanufaktur.info\/en\/reallabore\/essbarer-campus\/","title":{"rendered":"Reallabor Essbarer Campus"},"content":{"rendered":"<p><div class=\"fusion-fullwidth fullwidth-box fusion-builder-row-1 fusion-flex-container nonhundred-percent-fullwidth non-hundred-percent-height-scrolling\" style=\"--awb-background-position:center top;--awb-background-blend-mode:darken;--awb-border-sizes-top:0px;--awb-border-sizes-bottom:0px;--awb-border-sizes-left:0px;--awb-border-sizes-right:0px;--awb-border-color:#8bc34a;--awb-border-radius-top-left:0px;--awb-border-radius-top-right:0px;--awb-border-radius-bottom-right:0px;--awb-border-radius-bottom-left:0px;--awb-background-color:#8bc34a;--awb-flex-wrap:wrap;\" ><div class=\"fusion-builder-row fusion-row fusion-flex-align-items-flex-start fusion-flex-content-wrap\" style=\"max-width:1352px;margin-left: calc(-4% \/ 2 );margin-right: calc(-4% \/ 2 );\"><div class=\"fusion-layout-column fusion_builder_column fusion-builder-column-0 fusion_builder_column_1_1 1_1 fusion-flex-column\" style=\"--awb-padding-top:20px;--awb-padding-right:20px;--awb-padding-bottom:20px;--awb-padding-left:20px;--awb-bg-color:#8bc34a;--awb-bg-color-hover:#8bc34a;--awb-bg-position:center center;--awb-bg-blend:screen;--awb-bg-size:cover;--awb-width-large:100%;--awb-margin-top-large:0px;--awb-spacing-right-large:1.92%;--awb-margin-bottom-large:20px;--awb-spacing-left-large:1.92%;--awb-width-medium:100%;--awb-order-medium:0;--awb-spacing-right-medium:1.92%;--awb-spacing-left-medium:1.92%;--awb-width-small:100%;--awb-order-small:0;--awb-spacing-right-small:1.92%;--awb-spacing-left-small:1.92%;\"><div class=\"fusion-column-wrapper fusion-column-has-shadow fusion-flex-justify-content-flex-start fusion-content-layout-column\"><div class=\"fusion-separator fusion-full-width-sep\" style=\"align-self: center;margin-left: auto;margin-right: auto;margin-top:20px;width:100%;\"><\/div><div class=\"fusion-text fusion-text-1 weiss\" style=\"--awb-content-alignment:center;--awb-font-size:26px;--awb-line-height:36px;--awb-text-color:#ffffff;\"><h1>Reallabor<\/h1>\n<\/div><div class=\"fusion-text fusion-text-2 weiss\" style=\"--awb-content-alignment:center;--awb-font-size:26px;--awb-line-height:36px;--awb-text-color:#ffffff;\"><h1>Essbarer Campus<\/h1>\n<\/div><\/div><\/div><\/div><\/div><div class=\"fusion-fullwidth fullwidth-box fusion-builder-row-2 fusion-flex-container nonhundred-percent-fullwidth non-hundred-percent-height-scrolling\" style=\"--awb-border-radius-top-left:0px;--awb-border-radius-top-right:0px;--awb-border-radius-bottom-right:0px;--awb-border-radius-bottom-left:0px;--awb-flex-wrap:wrap;\" ><div class=\"fusion-builder-row fusion-row fusion-flex-align-items-flex-start fusion-flex-content-wrap\" style=\"max-width:1352px;margin-left: calc(-4% \/ 2 );margin-right: calc(-4% \/ 2 );\"><div class=\"fusion-layout-column fusion_builder_column fusion-builder-column-1 fusion_builder_column_1_2 1_2 fusion-flex-column\" style=\"--awb-bg-size:cover;--awb-width-large:50%;--awb-margin-top-large:0px;--awb-spacing-right-large:3.84%;--awb-margin-bottom-large:20px;--awb-spacing-left-large:3.84%;--awb-width-medium:50%;--awb-order-medium:0;--awb-spacing-right-medium:3.84%;--awb-spacing-left-medium:3.84%;--awb-width-small:100%;--awb-order-small:0;--awb-spacing-right-small:1.92%;--awb-spacing-left-small:1.92%;\"><div class=\"fusion-column-wrapper fusion-column-has-shadow fusion-flex-justify-content-flex-start fusion-content-layout-column\"><div class=\"fusion-text fusion-text-3\"><\/div><div class=\"fusion-text fusion-text-4\"><p>Im Reallabor Essbarer Campus Charlottenburg werden platz- und ressourcenschonende sowie ultralokale L\u00f6sungen der Nahrungsmittelproduktion f\u00fcr den Campus der Technischen Universit\u00e4t TU und Universit\u00e4t der K\u00fcnste UdK entwickelt und gef\u00f6rdert. Die vielf\u00e4ltigen Produktionsstandorte werden kooperativ von StartUps, Transfer- und Forschungseinrichtungen sowie Dienstleistern auf dem Campus bewirtschaftet und die Produkte auch hier verarbeitet, verspeist und verwertet.<\/p>\n<p>Das Reallabor ist in der <a href=\"https:\/\/www.tu.berlin\/science-and-society\/team\" target=\"_blank\" rel=\"noopener\">Stabsstelle Science &amp; Society<\/a> angesiedelt und wird in Kooperation mit dem <a href=\"https:\/\/www.tu.berlin\/b-nerle\">Fachgebiet Bildung f\u00fcr Nachhaltige Ern\u00e4hrung und Lebensmittelwissenschaften<\/a> koordiniert. Es ist eines von verschiedenen Reallaboren auf dem Gel\u00e4nde der TU und UdK, die zur nachhaltigen Transformation des Campus beitragen und zur Kooperation mit der Stadtgesellschaft einladen. Technologien, die im Reallabor Essbarer Campus Anwendung finden wurden als Prototypen im Rahmen der <a href=\"https:\/\/stadtmanufaktur.info\/reallabore\/mobile-blau-gruene-infrastruktur-bgi\/\">Reallabore Mobile Blau-Gr\u00fcne Infrastruktur<\/a> und <a href=\"https:\/\/stadtmanufaktur.info\/reallabore\/roof-water-farm\/\">Roof Water-Farm<\/a> entwickelt. Im Rahmen des Projektes<a href=\"https:\/\/stadtmanufaktur.info\/reallabore\/climatehood_campuspark\/\"> ClimateHOOD<\/a> werden sie in Kooperation mit dem <a href=\"https:\/\/www.berlin.de\/ba-charlottenburg-wilmersdorf\/verwaltung\/aemter\/umwelt-und-naturschutz\/\">Bezirk Charlottenburg<\/a> als blau-gr\u00fcne und partizipative Infrastrukturen in der Quartiersentwicklung eingesetzt.<\/p>\n<p>Das Reallabor Essbarer Campus ist offen f\u00fcr Mitwirkung, einfach Kontakt aufnehmen!<\/p>\n<p>Ansprechpartnerin Stabsstelle Science &amp; Society:<\/p>\n<p>Dr.-Ing. Grit B\u00fcrgow<\/p>\n<p><a href=\"mailto:grit.buergow@tu-berlin.de\">grit.buergow@tu-berlin.de<\/a><\/p>\n<p><a href=\"mailto:andreas-horn@posteo.de\">andreas-horn@posteo.de<\/a><\/p>\n<p>Ansprechpartnerinnen FG B!NErLe:<\/p>\n<p>Prof. Dr. Nina Langen<\/p>\n<p><a href=\"https:\/\/www.tu.berlin\/b-nerle\/ueber-uns\/team\/leitung\">nina.langen@tu-berlin.de<\/a><\/p>\n<p>Stephanie Grundmann<\/p>\n<p><a href=\"mailto:anja.steglich@tu-berlin.de\">stephanie.grundmann@tu-berlin.de<\/a><\/p>\n<\/div><div class=\"fusion-separator fusion-full-width-sep\" style=\"align-self: center;margin-left: auto;margin-right: auto;width:100%;\"><\/div><div class=\"fusion-separator fusion-full-width-sep\" style=\"align-self: center;margin-left: auto;margin-right: auto;width:100%;\"><div class=\"fusion-separator-border sep-single sep-solid\" style=\"--awb-height:20px;--awb-amount:20px;border-color:#e2e2e2;border-top-width:1px;\"><\/div><\/div><div class=\"fusion-image-element \" style=\"--awb-caption-title-font-family:var(--h2_typography-font-family);--awb-caption-title-font-weight:var(--h2_typography-font-weight);--awb-caption-title-font-style:var(--h2_typography-font-style);--awb-caption-title-size:var(--h2_typography-font-size);--awb-caption-title-transform:var(--h2_typography-text-transform);--awb-caption-title-line-height:var(--h2_typography-line-height);--awb-caption-title-letter-spacing:var(--h2_typography-letter-spacing);\"><span class=\" fusion-imageframe imageframe-none imageframe-1 hover-type-none\"><img decoding=\"async\" width=\"1024\" height=\"328\" title=\"logos essbarer campus\" src=\"https:\/\/stadtmanufaktur.info\/wp-content\/uploads\/2024\/09\/logos-essbarer-campus-1024x328.jpg\" alt class=\"img-responsive wp-image-2554\" srcset=\"https:\/\/stadtmanufaktur.info\/wp-content\/uploads\/2024\/09\/logos-essbarer-campus-200x64.jpg 200w, https:\/\/stadtmanufaktur.info\/wp-content\/uploads\/2024\/09\/logos-essbarer-campus-400x128.jpg 400w, https:\/\/stadtmanufaktur.info\/wp-content\/uploads\/2024\/09\/logos-essbarer-campus-600x192.jpg 600w, https:\/\/stadtmanufaktur.info\/wp-content\/uploads\/2024\/09\/logos-essbarer-campus-800x256.jpg 800w, https:\/\/stadtmanufaktur.info\/wp-content\/uploads\/2024\/09\/logos-essbarer-campus-1200x384.jpg 1200w\" sizes=\"(max-width: 850px) 100vw, 800px\" \/><\/span><\/div><div class=\"fusion-separator fusion-full-width-sep\" style=\"align-self: center;margin-left: auto;margin-right: auto;width:100%;\"><\/div><div class=\"fusion-text fusion-text-5\"><\/div><div class=\"fusion-separator fusion-full-width-sep\" style=\"align-self: center;margin-left: auto;margin-right: auto;width:100%;\"><\/div><div class=\"fusion-separator fusion-full-width-sep\" style=\"align-self: center;margin-left: auto;margin-right: auto;width:100%;\"><\/div><div class=\"fusion-text fusion-text-6\"><\/div><div class=\"fusion-text fusion-text-7\"><\/div><div class=\"fusion-video fusion-selfhosted-video\" style=\"max-width:100%;\"><div class=\"video-wrapper\"><video playsinline=\"true\" width=\"100%\" style=\"object-fit: cover;\" muted=\"true\" preload=\"auto\" controls=\"1\"><source src=\"https:\/\/stadtmanufaktur.info\/wp-content\/uploads\/2024\/08\/WhatsApp-Video-2024-08-06-at-14.25.39.mp4\" type=\"video\/mp4\">Sorry, your browser doesn&#039;t support embedded videos.<\/video><\/div><\/div><\/div><\/div><div class=\"fusion-layout-column fusion_builder_column fusion-builder-column-2 fusion_builder_column_1_2 1_2 fusion-flex-column\" style=\"--awb-bg-size:cover;--awb-width-large:50%;--awb-margin-top-large:0px;--awb-spacing-right-large:3.84%;--awb-margin-bottom-large:20px;--awb-spacing-left-large:3.84%;--awb-width-medium:50%;--awb-order-medium:0;--awb-spacing-right-medium:3.84%;--awb-spacing-left-medium:3.84%;--awb-width-small:100%;--awb-order-small:0;--awb-spacing-right-small:1.92%;--awb-spacing-left-small:1.92%;\"><div class=\"fusion-column-wrapper fusion-column-has-shadow fusion-flex-justify-content-flex-start fusion-content-layout-column\"><div class=\"fusion-image-element \" style=\"--awb-caption-title-font-family:var(--h2_typography-font-family);--awb-caption-title-font-weight:var(--h2_typography-font-weight);--awb-caption-title-font-style:var(--h2_typography-font-style);--awb-caption-title-size:var(--h2_typography-font-size);--awb-caption-title-transform:var(--h2_typography-text-transform);--awb-caption-title-line-height:var(--h2_typography-line-height);--awb-caption-title-letter-spacing:var(--h2_typography-letter-spacing);\"><span class=\" fusion-imageframe imageframe-none imageframe-2 hover-type-none\"><img decoding=\"async\" width=\"759\" height=\"1024\" title=\"standorte\" src=\"https:\/\/stadtmanufaktur.info\/wp-content\/uploads\/2024\/08\/standorte-759x1024.jpg\" alt class=\"img-responsive wp-image-2476\" srcset=\"https:\/\/stadtmanufaktur.info\/wp-content\/uploads\/2024\/08\/standorte-200x270.jpg 200w, https:\/\/stadtmanufaktur.info\/wp-content\/uploads\/2024\/08\/standorte-400x540.jpg 400w, https:\/\/stadtmanufaktur.info\/wp-content\/uploads\/2024\/08\/standorte-600x810.jpg 600w, https:\/\/stadtmanufaktur.info\/wp-content\/uploads\/2024\/08\/standorte-800x1080.jpg 800w, https:\/\/stadtmanufaktur.info\/wp-content\/uploads\/2024\/08\/standorte-1200x1619.jpg 1200w, https:\/\/stadtmanufaktur.info\/wp-content\/uploads\/2024\/08\/standorte-scaled.jpg 1897w\" sizes=\"(max-width: 850px) 100vw, 800px\" \/><\/span><\/div><div class=\"fusion-separator fusion-full-width-sep\" style=\"align-self: center;margin-left: auto;margin-right: auto;margin-top:10px;width:100%;\"><\/div><div class=\"fusion-separator fusion-full-width-sep\" style=\"align-self: center;margin-left: auto;margin-right: auto;margin-top:20px;width:100%;\"><\/div><div class=\"fusion-separator fusion-full-width-sep\" style=\"align-self: center;margin-left: auto;margin-right: auto;margin-top:10px;width:100%;\"><\/div><div class=\"fusion-separator fusion-full-width-sep\" style=\"align-self: center;margin-left: auto;margin-right: auto;margin-top:10px;width:100%;\"><\/div><div class=\"fusion-image-carousel fusion-image-carousel-auto fusion-image-carousel-1 fusion-carousel-border\"><div class=\"awb-carousel awb-swiper awb-swiper-carousel awb-carousel--carousel awb-swiper-dots-position-bottom\" data-layout=\"carousel\" data-autoplay=\"no\" data-autoplayspeed=\"2500\" data-autoplaypause=\"no\" data-columns=\"1\" data-columnsmedium=\"1\" data-columnssmall=\"1\" data-itemmargin=\"44\" data-itemwidth=\"180\" data-touchscroll=\"no\" data-freemode=\"no\" data-imagesize=\"auto\" data-scrollitems=\"0\" data-centeredslides=\"no\" data-rotationangle=\"50\" data-depth=\"100\" data-speed=\"500\" data-shadow=\"no\" data-pagination=\"bullets\" style=\"--awb-columns:1;--awb-column-spacing:44px;--awb-border-width:1px;--awb-border-color:#e9eaee;\"><div class=\"swiper-wrapper awb-image-carousel-wrapper fusion-flex-align-items-center\"><div class=\"swiper-slide\"><div class=\"fusion-carousel-item-wrapper\"><div class=\"fusion-image-wrapper hover-type-none\"><img decoding=\"async\" width=\"1897\" height=\"2560\" src=\"https:\/\/stadtmanufaktur.info\/wp-content\/uploads\/2024\/08\/Buero-foto-im-3_4-scaled.jpg\" class=\"attachment-full size-full\" alt=\"OfficeTower\" srcset=\"https:\/\/stadtmanufaktur.info\/wp-content\/uploads\/2024\/08\/Buero-foto-im-3_4-200x270.jpg 200w, https:\/\/stadtmanufaktur.info\/wp-content\/uploads\/2024\/08\/Buero-foto-im-3_4-222x300.jpg 222w, https:\/\/stadtmanufaktur.info\/wp-content\/uploads\/2024\/08\/Buero-foto-im-3_4-400x540.jpg 400w, https:\/\/stadtmanufaktur.info\/wp-content\/uploads\/2024\/08\/Buero-foto-im-3_4-600x810.jpg 600w, https:\/\/stadtmanufaktur.info\/wp-content\/uploads\/2024\/08\/Buero-foto-im-3_4-759x1024.jpg 759w, https:\/\/stadtmanufaktur.info\/wp-content\/uploads\/2024\/08\/Buero-foto-im-3_4-768x1036.jpg 768w, https:\/\/stadtmanufaktur.info\/wp-content\/uploads\/2024\/08\/Buero-foto-im-3_4-800x1080.jpg 800w, https:\/\/stadtmanufaktur.info\/wp-content\/uploads\/2024\/08\/Buero-foto-im-3_4-1138x1536.jpg 1138w, https:\/\/stadtmanufaktur.info\/wp-content\/uploads\/2024\/08\/Buero-foto-im-3_4-1200x1619.jpg 1200w, https:\/\/stadtmanufaktur.info\/wp-content\/uploads\/2024\/08\/Buero-foto-im-3_4-1518x2048.jpg 1518w, https:\/\/stadtmanufaktur.info\/wp-content\/uploads\/2024\/08\/Buero-foto-im-3_4-scaled.jpg 1897w\" sizes=\"(max-width: 1897px) 100vw, 1897px\" \/><\/div><\/div><\/div><div class=\"swiper-slide\"><div class=\"fusion-carousel-item-wrapper\"><div class=\"fusion-image-wrapper hover-type-none\"><img decoding=\"async\" width=\"1897\" height=\"2560\" src=\"https:\/\/stadtmanufaktur.info\/wp-content\/uploads\/2024\/08\/cafenero-foto-im-3_4-scaled.jpg\" class=\"attachment-full size-full\" alt=\"cafenero\" srcset=\"https:\/\/stadtmanufaktur.info\/wp-content\/uploads\/2024\/08\/cafenero-foto-im-3_4-200x270.jpg 200w, https:\/\/stadtmanufaktur.info\/wp-content\/uploads\/2024\/08\/cafenero-foto-im-3_4-222x300.jpg 222w, https:\/\/stadtmanufaktur.info\/wp-content\/uploads\/2024\/08\/cafenero-foto-im-3_4-400x540.jpg 400w, https:\/\/stadtmanufaktur.info\/wp-content\/uploads\/2024\/08\/cafenero-foto-im-3_4-600x810.jpg 600w, https:\/\/stadtmanufaktur.info\/wp-content\/uploads\/2024\/08\/cafenero-foto-im-3_4-759x1024.jpg 759w, https:\/\/stadtmanufaktur.info\/wp-content\/uploads\/2024\/08\/cafenero-foto-im-3_4-768x1036.jpg 768w, https:\/\/stadtmanufaktur.info\/wp-content\/uploads\/2024\/08\/cafenero-foto-im-3_4-800x1080.jpg 800w, https:\/\/stadtmanufaktur.info\/wp-content\/uploads\/2024\/08\/cafenero-foto-im-3_4-1138x1536.jpg 1138w, https:\/\/stadtmanufaktur.info\/wp-content\/uploads\/2024\/08\/cafenero-foto-im-3_4-1200x1619.jpg 1200w, https:\/\/stadtmanufaktur.info\/wp-content\/uploads\/2024\/08\/cafenero-foto-im-3_4-1518x2048.jpg 1518w, https:\/\/stadtmanufaktur.info\/wp-content\/uploads\/2024\/08\/cafenero-foto-im-3_4-scaled.jpg 1897w\" sizes=\"(max-width: 1897px) 100vw, 1897px\" \/><\/div><\/div><\/div><div class=\"swiper-slide\"><div class=\"fusion-carousel-item-wrapper\"><div class=\"fusion-image-wrapper hover-type-none\"><img decoding=\"async\" width=\"1897\" height=\"2560\" src=\"https:\/\/stadtmanufaktur.info\/wp-content\/uploads\/2024\/08\/Universum-foto-im-3_4-scaled.jpg\" class=\"attachment-full size-full\" alt=\"Im UNIVERSUM\" srcset=\"https:\/\/stadtmanufaktur.info\/wp-content\/uploads\/2024\/08\/Universum-foto-im-3_4-200x270.jpg 200w, https:\/\/stadtmanufaktur.info\/wp-content\/uploads\/2024\/08\/Universum-foto-im-3_4-222x300.jpg 222w, https:\/\/stadtmanufaktur.info\/wp-content\/uploads\/2024\/08\/Universum-foto-im-3_4-400x540.jpg 400w, https:\/\/stadtmanufaktur.info\/wp-content\/uploads\/2024\/08\/Universum-foto-im-3_4-600x810.jpg 600w, https:\/\/stadtmanufaktur.info\/wp-content\/uploads\/2024\/08\/Universum-foto-im-3_4-759x1024.jpg 759w, https:\/\/stadtmanufaktur.info\/wp-content\/uploads\/2024\/08\/Universum-foto-im-3_4-768x1036.jpg 768w, https:\/\/stadtmanufaktur.info\/wp-content\/uploads\/2024\/08\/Universum-foto-im-3_4-800x1080.jpg 800w, https:\/\/stadtmanufaktur.info\/wp-content\/uploads\/2024\/08\/Universum-foto-im-3_4-1138x1536.jpg 1138w, https:\/\/stadtmanufaktur.info\/wp-content\/uploads\/2024\/08\/Universum-foto-im-3_4-1200x1619.jpg 1200w, https:\/\/stadtmanufaktur.info\/wp-content\/uploads\/2024\/08\/Universum-foto-im-3_4-1518x2048.jpg 1518w, https:\/\/stadtmanufaktur.info\/wp-content\/uploads\/2024\/08\/Universum-foto-im-3_4-scaled.jpg 1897w\" sizes=\"(max-width: 1897px) 100vw, 1897px\" \/><\/div><\/div><\/div><div class=\"swiper-slide\"><div class=\"fusion-carousel-item-wrapper\"><div class=\"fusion-image-wrapper hover-type-none\"><img decoding=\"async\" width=\"1897\" height=\"2560\" src=\"https:\/\/stadtmanufaktur.info\/wp-content\/uploads\/2024\/08\/PopFarm-foto-im-3_4-scaled.jpg\" class=\"attachment-full size-full\" alt=\"PopFarm am BHROX\" srcset=\"https:\/\/stadtmanufaktur.info\/wp-content\/uploads\/2024\/08\/PopFarm-foto-im-3_4-200x270.jpg 200w, https:\/\/stadtmanufaktur.info\/wp-content\/uploads\/2024\/08\/PopFarm-foto-im-3_4-222x300.jpg 222w, https:\/\/stadtmanufaktur.info\/wp-content\/uploads\/2024\/08\/PopFarm-foto-im-3_4-400x540.jpg 400w, https:\/\/stadtmanufaktur.info\/wp-content\/uploads\/2024\/08\/PopFarm-foto-im-3_4-600x810.jpg 600w, https:\/\/stadtmanufaktur.info\/wp-content\/uploads\/2024\/08\/PopFarm-foto-im-3_4-759x1024.jpg 759w, https:\/\/stadtmanufaktur.info\/wp-content\/uploads\/2024\/08\/PopFarm-foto-im-3_4-768x1036.jpg 768w, https:\/\/stadtmanufaktur.info\/wp-content\/uploads\/2024\/08\/PopFarm-foto-im-3_4-800x1080.jpg 800w, https:\/\/stadtmanufaktur.info\/wp-content\/uploads\/2024\/08\/PopFarm-foto-im-3_4-1138x1536.jpg 1138w, https:\/\/stadtmanufaktur.info\/wp-content\/uploads\/2024\/08\/PopFarm-foto-im-3_4-1200x1619.jpg 1200w, https:\/\/stadtmanufaktur.info\/wp-content\/uploads\/2024\/08\/PopFarm-foto-im-3_4-1518x2048.jpg 1518w, https:\/\/stadtmanufaktur.info\/wp-content\/uploads\/2024\/08\/PopFarm-foto-im-3_4-scaled.jpg 1897w\" sizes=\"(max-width: 1897px) 100vw, 1897px\" \/><\/div><\/div><\/div><\/div><div class=\"awb-swiper-button awb-swiper-button-prev\"><i class=\"awb-icon-angle-left\" aria-hidden=\"true\"><\/i><\/div><div class=\"awb-swiper-button awb-swiper-button-next\"><i class=\"awb-icon-angle-right\" aria-hidden=\"true\"><\/i><\/div><\/div><\/div><\/div><\/div><\/div><\/div><div class=\"fusion-fullwidth fullwidth-box fusion-builder-row-3 fusion-flex-container nonhundred-percent-fullwidth non-hundred-percent-height-scrolling\" style=\"--awb-border-radius-top-left:0px;--awb-border-radius-top-right:0px;--awb-border-radius-bottom-right:0px;--awb-border-radius-bottom-left:0px;--awb-flex-wrap:wrap;\" ><div class=\"fusion-builder-row fusion-row fusion-flex-align-items-flex-start fusion-flex-content-wrap\" style=\"max-width:1352px;margin-left: calc(-4% \/ 2 );margin-right: calc(-4% \/ 2 );\"><\/div><\/div><\/p>\n","protected":false},"excerpt":{"rendered":"","protected":false},"author":2,"featured_media":0,"parent":13,"menu_order":0,"comment_status":"open","ping_status":"open","template":"","meta":{"footnotes":""},"class_list":["post-2470","page","type-page","status-publish","hentry"],"_links":{"self":[{"href":"https:\/\/stadtmanufaktur.info\/en\/wp-json\/wp\/v2\/pages\/2470","targetHints":{"allow":["GET"]}}],"collection":[{"href":"https:\/\/stadtmanufaktur.info\/en\/wp-json\/wp\/v2\/pages"}],"about":[{"href":"https:\/\/stadtmanufaktur.info\/en\/wp-json\/wp\/v2\/types\/page"}],"author":[{"embeddable":true,"href":"https:\/\/stadtmanufaktur.info\/en\/wp-json\/wp\/v2\/users\/2"}],"replies":[{"embeddable":true,"href":"https:\/\/stadtmanufaktur.info\/en\/wp-json\/wp\/v2\/comments?post=2470"}],"version-history":[{"count":10,"href":"https:\/\/stadtmanufaktur.info\/en\/wp-json\/wp\/v2\/pages\/2470\/revisions"}],"predecessor-version":[{"id":3106,"href":"https:\/\/stadtmanufaktur.info\/en\/wp-json\/wp\/v2\/pages\/2470\/revisions\/3106"}],"up":[{"embeddable":true,"href":"https:\/\/stadtmanufaktur.info\/en\/wp-json\/wp\/v2\/pages\/13"}],"wp:attachment":[{"href":"https:\/\/stadtmanufaktur.info\/en\/wp-json\/wp\/v2\/media?parent=2470"}],"curies":[{"name":"wp","href":"https:\/\/api.w.org\/{rel}","templated":true}]}}