{"id":3058,"date":"2025-08-13T15:55:42","date_gmt":"2025-08-13T13:55:42","guid":{"rendered":"https:\/\/stadtmanufaktur.info\/reallabore\/led-laufsteg-copy\/"},"modified":"2025-08-13T16:14:53","modified_gmt":"2025-08-13T14:14:53","slug":"forestlab","status":"publish","type":"page","link":"https:\/\/stadtmanufaktur.info\/en\/reallabore\/forestlab\/","title":{"rendered":"Reallabor Wald &#8211; Living the Forest Lab"},"content":{"rendered":"<p><div class=\"fusion-fullwidth fullwidth-box fusion-builder-row-1 fusion-flex-container nonhundred-percent-fullwidth non-hundred-percent-height-scrolling\" style=\"--awb-background-position:center top;--awb-background-blend-mode:darken;--awb-border-sizes-top:0px;--awb-border-sizes-bottom:0px;--awb-border-sizes-left:0px;--awb-border-sizes-right:0px;--awb-border-radius-top-left:0px;--awb-border-radius-top-right:0px;--awb-border-radius-bottom-right:0px;--awb-border-radius-bottom-left:0px;--awb-flex-wrap:wrap;\" ><div class=\"fusion-builder-row fusion-row fusion-flex-align-items-flex-start fusion-flex-content-wrap\" style=\"max-width:1352px;margin-left: calc(-4% \/ 2 );margin-right: calc(-4% \/ 2 );\"><div class=\"fusion-layout-column fusion_builder_column fusion-builder-column-0 fusion_builder_column_1_1 1_1 fusion-flex-column\" style=\"--awb-padding-top:20px;--awb-padding-right:20px;--awb-padding-bottom:20px;--awb-padding-left:20px;--awb-bg-color:#e67e22;--awb-bg-color-hover:#e67e22;--awb-bg-position:center center;--awb-bg-size:cover;--awb-width-large:100%;--awb-margin-top-large:0px;--awb-spacing-right-large:1.92%;--awb-margin-bottom-large:20px;--awb-spacing-left-large:1.92%;--awb-width-medium:100%;--awb-order-medium:0;--awb-spacing-right-medium:1.92%;--awb-spacing-left-medium:1.92%;--awb-width-small:100%;--awb-order-small:0;--awb-spacing-right-small:1.92%;--awb-spacing-left-small:1.92%;\"><div class=\"fusion-column-wrapper fusion-column-has-shadow fusion-flex-justify-content-flex-start fusion-content-layout-column\"><div class=\"fusion-separator fusion-full-width-sep\" style=\"align-self: center;margin-left: auto;margin-right: auto;margin-top:20px;width:100%;\"><\/div><div class=\"fusion-text fusion-text-1 weiss\" style=\"--awb-content-alignment:center;--awb-font-size:26px;--awb-line-height:36px;--awb-text-color:#ffffff;\"><h1>Reallabor<\/h1>\n<\/div><div class=\"fusion-text fusion-text-2 weiss\" style=\"--awb-content-alignment:center;--awb-font-size:26px;--awb-line-height:36px;--awb-text-color:#ffffff;\"><h1>Living the Forest Lab<\/h1>\n<\/div><div class=\"fusion-text fusion-text-3 weiss\" style=\"--awb-content-alignment:center;--awb-font-size:26px;--awb-line-height:36px;--awb-text-color:#ffffff;\"><h2>\u00a0Prototyping zum Schutz des Waldes<\/h2>\n<\/div><\/div><\/div><\/div><\/div><div class=\"fusion-fullwidth fullwidth-box fusion-builder-row-2 fusion-flex-container nonhundred-percent-fullwidth non-hundred-percent-height-scrolling\" style=\"--awb-border-radius-top-left:0px;--awb-border-radius-top-right:0px;--awb-border-radius-bottom-right:0px;--awb-border-radius-bottom-left:0px;--awb-flex-wrap:wrap;\" ><div class=\"fusion-builder-row fusion-row fusion-flex-align-items-flex-start fusion-flex-content-wrap\" style=\"max-width:1352px;margin-left: calc(-4% \/ 2 );margin-right: calc(-4% \/ 2 );\"><div class=\"fusion-layout-column fusion_builder_column fusion-builder-column-1 fusion_builder_column_1_2 1_2 fusion-flex-column\" style=\"--awb-bg-size:cover;--awb-width-large:50%;--awb-margin-top-large:0px;--awb-spacing-right-large:3.84%;--awb-margin-bottom-large:20px;--awb-spacing-left-large:3.84%;--awb-width-medium:50%;--awb-order-medium:0;--awb-spacing-right-medium:3.84%;--awb-spacing-left-medium:3.84%;--awb-width-small:100%;--awb-order-small:0;--awb-spacing-right-small:1.92%;--awb-spacing-left-small:1.92%;\"><div class=\"fusion-column-wrapper fusion-column-has-shadow fusion-flex-justify-content-flex-start fusion-content-layout-column\"><div class=\"fusion-text fusion-text-4\"><p>\u201eLiving the Forest Lab\u201c ist eine Forschungsinitiative, die von der Stiftung Innovation in der Hochschullehre finanziert wird und an der TU Berlin, Fakult\u00e4t IV Elektrotechnik und Informationstechnik, Fachgebiet Kommunikationssysteme, angesiedelt ist.<\/p>\n<p>Dieses Projekt zielt darauf ab, transdisziplin\u00e4re Lehre durch experimentelle und ergebnisoffene Projekte zu f\u00f6rdern, die Prototyp-L\u00f6sungen f\u00fcr den Waldschutz entwickeln. Durch die Verbindung von Open-Source-, Maker- und Open-Hardware-Communities mit Studierenden, Labors, Experten und der \u00d6ffentlichkeit befasst sich das Projekt mit den \u00f6kologischen, sozialen und wirtschaftlichen Funktionen von W\u00e4ldern. In Anerkennung der entscheidenden Rolle, die W\u00e4lder f\u00fcr die Biodiversit\u00e4t und die Klimaregulierung spielen, betont das Projekt die Bedeutung des Waldschutzes f\u00fcr die Eind\u00e4mmung des Klimawandels und die Erhaltung der \u00d6kosysteme. Durch den Einsatz eines Living-Lab-Ansatzes integriert das Projekt wissenschaftliche Forschung mit realen Anwendungen, um komplexe Probleme auf lokaler Ebene anzugehen, und ermutigt Gemeinschaften zum Wissensaustausch und zur gemeinsamen Entwicklung von Prototypen.<\/p>\n<p>&#8212;&#8211;<\/p>\n<p>&#8220;Living the Forest Lab&#8221; is a research initiative funded by the Stiftung Innovation in der Hochschullehre, located at TU Berlin&#8217;s Faculty IV Electrical Engineering and Computer Science, Department of Communications Systems.<\/p>\n<p>This project aims to promote transdisciplinary teaching through experimental and open-ended projects that develop prototype solutions for forest protection. By bridging open-source, maker, and open hardware communities with students, labs, experts, and the public, the project addresses the ecological, social, and economic functions of forests. Recognizing the critical role forests play in biodiversity and climate regulation, the project emphasizes the importance of forest protection in mitigating climate change and preserving ecosystems. By using a living lab approach, the project integrates scientific research with real-world applications to tackle wicked problems on a local scale, encouraging communities to exchange knowledge and develop prototypes together.<\/p>\n<\/div><div class=\"fusion-text fusion-text-5\"><p><em><strong>Thematische Zug\u00e4nge: <\/strong><\/em><br \/>\n<em><strong>#Klimaschutz #Nachrichtentechnik<\/strong><\/em><\/p>\n<p><em><strong>R\u00e4umliche Zug\u00e4nge:<\/strong><\/em><br \/>\n<em><strong>#Wald#\u00d6kosysteme\u00a0<\/strong><\/em><\/p>\n<p><em><strong>Kontakt: <\/strong><\/em><\/p>\n<div><a href=\"https:\/\/www.tu.berlin\/vcard?tx_tubstaff_memberslist%5Baction%5D=detail&amp;tx_tubstaff_memberslist%5Balias%5D=s.reichert&amp;tx_tubstaff_memberslist%5Bcontroller%5D=Member&amp;tx_tubstaff_memberslist%5BlistPid%5D=17876&amp;cHash=0a45d77e82748c4b91cf381668097734\"><strong><em>Fachgebiet Lichttechnik, TU Berlin\u00a0<\/em><\/strong><\/a><\/div>\n<div>\n<p><a href=\"https:\/\/www.tu.berlin\/vcard?tx_tubstaff_memberslist%5Baction%5D=detail&amp;tx_tubstaff_memberslist%5Balias%5D=s.reichert&amp;tx_tubstaff_memberslist%5Bcontroller%5D=Member&amp;tx_tubstaff_memberslist%5BlistPid%5D=17876&amp;cHash=0a45d77e82748c4b91cf381668097734\"><em><strong>Sarah Reichert, Projektkoordination<\/strong><\/em><\/a><\/p>\n<\/div>\n<p><em><strong><a href=\"https:\/\/lifolab.cargo.site\/content#about\" target=\"_blank\" rel=\"noopener\">zur Website des Forest Lab<\/a><\/strong><\/em><\/p>\n<\/div><\/div><\/div><div class=\"fusion-layout-column fusion_builder_column fusion-builder-column-2 fusion_builder_column_1_2 1_2 fusion-flex-column\" style=\"--awb-bg-size:cover;--awb-width-large:50%;--awb-margin-top-large:0px;--awb-spacing-right-large:3.84%;--awb-margin-bottom-large:20px;--awb-spacing-left-large:3.84%;--awb-width-medium:50%;--awb-order-medium:0;--awb-spacing-right-medium:3.84%;--awb-spacing-left-medium:3.84%;--awb-width-small:100%;--awb-order-small:0;--awb-spacing-right-small:1.92%;--awb-spacing-left-small:1.92%;\"><div class=\"fusion-column-wrapper fusion-column-has-shadow fusion-flex-justify-content-flex-start fusion-content-layout-column\"><div class=\"fusion-image-element \" style=\"text-align:center;--awb-caption-title-font-family:var(--h2_typography-font-family);--awb-caption-title-font-weight:var(--h2_typography-font-weight);--awb-caption-title-font-style:var(--h2_typography-font-style);--awb-caption-title-size:var(--h2_typography-font-size);--awb-caption-title-transform:var(--h2_typography-text-transform);--awb-caption-title-line-height:var(--h2_typography-line-height);--awb-caption-title-letter-spacing:var(--h2_typography-letter-spacing);\"><span class=\" fusion-imageframe imageframe-none imageframe-1 hover-type-none\"><img decoding=\"async\" width=\"528\" height=\"640\" title=\"ForestLab\" src=\"https:\/\/stadtmanufaktur.info\/wp-content\/uploads\/2025\/08\/ForestLab.png\" alt class=\"img-responsive wp-image-3060\" srcset=\"https:\/\/stadtmanufaktur.info\/wp-content\/uploads\/2025\/08\/ForestLab-200x242.png 200w, https:\/\/stadtmanufaktur.info\/wp-content\/uploads\/2025\/08\/ForestLab-400x485.png 400w, https:\/\/stadtmanufaktur.info\/wp-content\/uploads\/2025\/08\/ForestLab.png 528w\" sizes=\"(max-width: 850px) 100vw, 528px\" \/><\/span><\/div><div class=\"fusion-separator fusion-full-width-sep\" style=\"align-self: center;margin-left: auto;margin-right: auto;margin-top:50px;width:100%;\"><\/div><div class=\"fusion-text fusion-text-6\"><div>\n<p>Partner &amp; F\u00f6rderung: <a href=\"https:\/\/stiftung-hochschullehre.de\/projekt\/realwald\/\">Stiftung Innovation in der Hochschullehre\u00a0<\/a><\/p>\n<\/div>\n<\/div><\/div><\/div><\/div><\/div><\/p>\n","protected":false},"excerpt":{"rendered":"","protected":false},"author":2,"featured_media":0,"parent":13,"menu_order":0,"comment_status":"open","ping_status":"open","template":"","meta":{"footnotes":""},"class_list":["post-3058","page","type-page","status-publish","hentry"],"_links":{"self":[{"href":"https:\/\/stadtmanufaktur.info\/en\/wp-json\/wp\/v2\/pages\/3058","targetHints":{"allow":["GET"]}}],"collection":[{"href":"https:\/\/stadtmanufaktur.info\/en\/wp-json\/wp\/v2\/pages"}],"about":[{"href":"https:\/\/stadtmanufaktur.info\/en\/wp-json\/wp\/v2\/types\/page"}],"author":[{"embeddable":true,"href":"https:\/\/stadtmanufaktur.info\/en\/wp-json\/wp\/v2\/users\/2"}],"replies":[{"embeddable":true,"href":"https:\/\/stadtmanufaktur.info\/en\/wp-json\/wp\/v2\/comments?post=3058"}],"version-history":[{"count":3,"href":"https:\/\/stadtmanufaktur.info\/en\/wp-json\/wp\/v2\/pages\/3058\/revisions"}],"predecessor-version":[{"id":3063,"href":"https:\/\/stadtmanufaktur.info\/en\/wp-json\/wp\/v2\/pages\/3058\/revisions\/3063"}],"up":[{"embeddable":true,"href":"https:\/\/stadtmanufaktur.info\/en\/wp-json\/wp\/v2\/pages\/13"}],"wp:attachment":[{"href":"https:\/\/stadtmanufaktur.info\/en\/wp-json\/wp\/v2\/media?parent=3058"}],"curies":[{"name":"wp","href":"https:\/\/api.w.org\/{rel}","templated":true}]}}