{"id":3072,"date":"2025-08-13T16:38:16","date_gmt":"2025-08-13T14:38:16","guid":{"rendered":"https:\/\/stadtmanufaktur.info\/reallabore\/nahmobilitaet-wrangelkiez-copy\/"},"modified":"2025-08-13T16:47:53","modified_gmt":"2025-08-13T14:47:53","slug":"nudafa","status":"publish","type":"page","link":"https:\/\/stadtmanufaktur.info\/en\/reallabore\/nudafa\/","title":{"rendered":"NUDAFA"},"content":{"rendered":"<p><div class=\"fusion-fullwidth fullwidth-box fusion-builder-row-1 fusion-flex-container nonhundred-percent-fullwidth non-hundred-percent-height-scrolling\" style=\"--awb-background-position:center top;--awb-background-blend-mode:darken;--awb-border-sizes-top:0px;--awb-border-sizes-bottom:0px;--awb-border-sizes-left:0px;--awb-border-sizes-right:0px;--awb-border-radius-top-left:0px;--awb-border-radius-top-right:0px;--awb-border-radius-bottom-right:0px;--awb-border-radius-bottom-left:0px;--awb-flex-wrap:wrap;\" ><div class=\"fusion-builder-row fusion-row fusion-flex-align-items-flex-start fusion-flex-content-wrap\" style=\"max-width:1352px;margin-left: calc(-4% \/ 2 );margin-right: calc(-4% \/ 2 );\"><div class=\"fusion-layout-column fusion_builder_column fusion-builder-column-0 fusion_builder_column_1_1 1_1 fusion-flex-column\" style=\"--awb-padding-top:20px;--awb-padding-right:20px;--awb-padding-bottom:20px;--awb-padding-left:20px;--awb-bg-color:#e67e22;--awb-bg-color-hover:#e67e22;--awb-bg-position:center center;--awb-bg-blend:screen;--awb-bg-size:cover;--awb-width-large:100%;--awb-margin-top-large:0px;--awb-spacing-right-large:1.92%;--awb-margin-bottom-large:20px;--awb-spacing-left-large:1.92%;--awb-width-medium:100%;--awb-order-medium:0;--awb-spacing-right-medium:1.92%;--awb-spacing-left-medium:1.92%;--awb-width-small:100%;--awb-order-small:0;--awb-spacing-right-small:1.92%;--awb-spacing-left-small:1.92%;\"><div class=\"fusion-column-wrapper fusion-column-has-shadow fusion-flex-justify-content-flex-start fusion-content-layout-column\"><div class=\"fusion-separator fusion-full-width-sep\" style=\"align-self: center;margin-left: auto;margin-right: auto;margin-top:20px;width:100%;\"><\/div><div class=\"fusion-text fusion-text-1 weiss\" style=\"--awb-content-alignment:center;--awb-font-size:26px;--awb-line-height:36px;--awb-text-color:#ffffff;\"><h1>Reallabor<\/h1>\n<\/div><div class=\"fusion-text fusion-text-2 weiss\" style=\"--awb-content-alignment:center;--awb-font-size:26px;--awb-line-height:36px;--awb-text-color:#ffffff;\"><h1>Interkommunale Radverkehrsf\u00f6rderung<\/h1>\n<\/div><div class=\"fusion-text fusion-text-3 weiss\" style=\"--awb-content-alignment:center;--awb-font-size:26px;--awb-line-height:36px;--awb-text-color:#ffffff;\"><h2>Verbundprojekt<\/h2>\n<\/div><\/div><\/div><\/div><\/div><div class=\"fusion-fullwidth fullwidth-box fusion-builder-row-2 fusion-flex-container nonhundred-percent-fullwidth non-hundred-percent-height-scrolling\" style=\"--awb-border-radius-top-left:0px;--awb-border-radius-top-right:0px;--awb-border-radius-bottom-right:0px;--awb-border-radius-bottom-left:0px;--awb-flex-wrap:wrap;\" ><div class=\"fusion-builder-row fusion-row fusion-flex-align-items-flex-start fusion-flex-content-wrap\" style=\"max-width:1352px;margin-left: calc(-4% \/ 2 );margin-right: calc(-4% \/ 2 );\"><div class=\"fusion-layout-column fusion_builder_column fusion-builder-column-1 fusion_builder_column_1_2 1_2 fusion-flex-column\" style=\"--awb-bg-size:cover;--awb-width-large:50%;--awb-margin-top-large:0px;--awb-spacing-right-large:3.84%;--awb-margin-bottom-large:20px;--awb-spacing-left-large:3.84%;--awb-width-medium:50%;--awb-order-medium:0;--awb-spacing-right-medium:3.84%;--awb-spacing-left-medium:3.84%;--awb-width-small:100%;--awb-order-small:0;--awb-spacing-right-small:1.92%;--awb-spacing-left-small:1.92%;\"><div class=\"fusion-column-wrapper fusion-column-has-shadow fusion-flex-justify-content-flex-start fusion-content-layout-column\"><div class=\"fusion-text fusion-text-4\"><p>Der Forschungsverbund des NUDAFA \u2013 Reallabor f\u00fcr interkommunale Radverkehrsf\u00f6rderung m\u00f6chte mit den beteiligten Partnerkommunen, den jeweiligen Verwaltungen und zivilgesellschaftlichen Akteuren den (Alltags-)Radverkehr in der suburban gepr\u00e4gten Region st\u00e4rken.<\/p>\n<p>Um wissenschaftliche Erkenntnisse und \u00fcbertragbare Handlungsempfehlungen ableiten zu k\u00f6nnen, soll der m\u00f6gliche Nutzen sowie die Grenzen der Einbindung von Datenverarbeitungsmethoden in Planungs- und Kommunikationsprozesse kritisch erforscht werden.\u00a0Parallel dazu werden Formate der interkommunalen Zusammenarbeit angesto\u00dfen, erprobt und evaluiert. Um besser zu verstehen, was die Umsetzung kommunaler Radverkehrsf\u00f6rderung im Verwaltungsalltag hemmt, werden erg\u00e4nzend dazu auch kleinere, allt\u00e4glichere Ma\u00dfnahmen initiiert und umgesetzt.<\/p>\n<\/div><div class=\"fusion-text fusion-text-5\"><p class=\"c8\"><em><strong>Thematische Zug\u00e4nge:<\/strong><\/em><\/p>\n<p class=\"c8\"><em><strong>#Integrierte Verkehrsplanung #Mobilit\u00e4tswende #Kommunaler Verbund#Partizipation #Ko-Produktion<\/strong><\/em><\/p>\n<p class=\"c8\"><em><strong>R\u00e4umliche Zug\u00e4nge:<\/strong><\/em><br \/>\n<em><strong>#Region #Stra\u00dfenraum\u00a0<\/strong><\/em><\/p>\n<p><em><strong>Kontakt:<\/strong><\/em><\/p>\n<p><em><strong><a href=\"https:\/\/www.tu.berlin\/ivp\/ueber-uns\/team-personen\/dipl-soz-ute-samland\" target=\"_blank\" rel=\"noreferrer noopener\">TU <span style=\"color: #ff0000;\">Berlin<\/span> <\/a><span style=\"color: #ff0000;\">Fachgebiet Integrierte Verkehrsplanung<\/span>\u2013 Dipl.-Soz. Ute Samland<\/strong><\/em><\/p>\n<p><a href=\"https:\/\/www.nudafa.de\/ueber-uns\/\"><b><i>Zur Projektwebsite\u00a0<\/i><\/b><\/a><\/p>\n<p><em><strong><a href=\"https:\/\/www.ivp.tu-berlin.de\/menue\/ueber_uns\/team\/\"><span style=\"color: #ff0000;\">Z<\/span><span style=\"color: #ff0000;\">ur Website d<\/span>es Fachgebietes Integrierte Verkehrsplanung<\/a><\/strong><\/em><\/p>\n<\/div><\/div><\/div><div class=\"fusion-layout-column fusion_builder_column fusion-builder-column-2 fusion_builder_column_1_2 1_2 fusion-flex-column\" style=\"--awb-bg-size:cover;--awb-width-large:50%;--awb-margin-top-large:0px;--awb-spacing-right-large:3.84%;--awb-margin-bottom-large:20px;--awb-spacing-left-large:3.84%;--awb-width-medium:50%;--awb-order-medium:0;--awb-spacing-right-medium:3.84%;--awb-spacing-left-medium:3.84%;--awb-width-small:100%;--awb-order-small:0;--awb-spacing-right-small:1.92%;--awb-spacing-left-small:1.92%;\"><div class=\"fusion-column-wrapper fusion-column-has-shadow fusion-flex-justify-content-flex-start fusion-content-layout-column\"><div class=\"fusion-image-element \" style=\"--awb-caption-title-font-family:var(--h2_typography-font-family);--awb-caption-title-font-weight:var(--h2_typography-font-weight);--awb-caption-title-font-style:var(--h2_typography-font-style);--awb-caption-title-size:var(--h2_typography-font-size);--awb-caption-title-transform:var(--h2_typography-text-transform);--awb-caption-title-line-height:var(--h2_typography-line-height);--awb-caption-title-letter-spacing:var(--h2_typography-letter-spacing);\"><span class=\" fusion-imageframe imageframe-none imageframe-1 hover-type-none\"><img decoding=\"async\" width=\"997\" height=\"595\" title=\"nudafa\" src=\"https:\/\/stadtmanufaktur.info\/wp-content\/uploads\/2025\/08\/nudafa.png\" alt class=\"img-responsive wp-image-3075\" srcset=\"https:\/\/stadtmanufaktur.info\/wp-content\/uploads\/2025\/08\/nudafa-200x119.png 200w, https:\/\/stadtmanufaktur.info\/wp-content\/uploads\/2025\/08\/nudafa-400x239.png 400w, https:\/\/stadtmanufaktur.info\/wp-content\/uploads\/2025\/08\/nudafa-600x358.png 600w, https:\/\/stadtmanufaktur.info\/wp-content\/uploads\/2025\/08\/nudafa-800x477.png 800w, https:\/\/stadtmanufaktur.info\/wp-content\/uploads\/2025\/08\/nudafa.png 997w\" sizes=\"(max-width: 850px) 100vw, 800px\" \/><\/span><\/div><div class=\"fusion-separator fusion-full-width-sep\" style=\"align-self: center;margin-left: auto;margin-right: auto;margin-top:10px;width:100%;\"><\/div><div class=\"fusion-text fusion-text-6\"><p>Screenshot der Projektwebsite<a href=\"https:\/\/www.nudafa.de\/ueber-uns\/\"> nudafa.de<\/a><\/p>\n<\/div><div class=\"fusion-separator fusion-full-width-sep\" style=\"align-self: center;margin-left: auto;margin-right: auto;margin-top:10px;width:100%;\"><\/div><\/div><\/div><\/div><\/div><div class=\"fusion-fullwidth fullwidth-box fusion-builder-row-3 fusion-flex-container nonhundred-percent-fullwidth non-hundred-percent-height-scrolling\" style=\"--awb-border-radius-top-left:0px;--awb-border-radius-top-right:0px;--awb-border-radius-bottom-right:0px;--awb-border-radius-bottom-left:0px;--awb-flex-wrap:wrap;\" ><div class=\"fusion-builder-row fusion-row fusion-flex-align-items-flex-start fusion-flex-content-wrap\" style=\"max-width:1352px;margin-left: calc(-4% \/ 2 );margin-right: calc(-4% \/ 2 );\"><\/div><\/div><\/p>\n","protected":false},"excerpt":{"rendered":"","protected":false},"author":2,"featured_media":0,"parent":13,"menu_order":0,"comment_status":"open","ping_status":"open","template":"","meta":{"footnotes":""},"class_list":["post-3072","page","type-page","status-publish","hentry"],"_links":{"self":[{"href":"https:\/\/stadtmanufaktur.info\/en\/wp-json\/wp\/v2\/pages\/3072","targetHints":{"allow":["GET"]}}],"collection":[{"href":"https:\/\/stadtmanufaktur.info\/en\/wp-json\/wp\/v2\/pages"}],"about":[{"href":"https:\/\/stadtmanufaktur.info\/en\/wp-json\/wp\/v2\/types\/page"}],"author":[{"embeddable":true,"href":"https:\/\/stadtmanufaktur.info\/en\/wp-json\/wp\/v2\/users\/2"}],"replies":[{"embeddable":true,"href":"https:\/\/stadtmanufaktur.info\/en\/wp-json\/wp\/v2\/comments?post=3072"}],"version-history":[{"count":3,"href":"https:\/\/stadtmanufaktur.info\/en\/wp-json\/wp\/v2\/pages\/3072\/revisions"}],"predecessor-version":[{"id":3077,"href":"https:\/\/stadtmanufaktur.info\/en\/wp-json\/wp\/v2\/pages\/3072\/revisions\/3077"}],"up":[{"embeddable":true,"href":"https:\/\/stadtmanufaktur.info\/en\/wp-json\/wp\/v2\/pages\/13"}],"wp:attachment":[{"href":"https:\/\/stadtmanufaktur.info\/en\/wp-json\/wp\/v2\/media?parent=3072"}],"curies":[{"name":"wp","href":"https:\/\/api.w.org\/{rel}","templated":true}]}}