{"id":3209,"date":"2026-01-21T16:05:27","date_gmt":"2026-01-21T15:05:27","guid":{"rendered":"https:\/\/stadtmanufaktur.info\/reallabore\/klima-energie-wasser-copy\/"},"modified":"2026-01-21T16:39:05","modified_gmt":"2026-01-21T15:39:05","slug":"beware","status":"publish","type":"page","link":"https:\/\/stadtmanufaktur.info\/en\/reallabore\/beware\/","title":{"rendered":"B(e)Ware"},"content":{"rendered":"<p><div class=\"fusion-fullwidth fullwidth-box fusion-builder-row-1 fusion-flex-container nonhundred-percent-fullwidth non-hundred-percent-height-scrolling\" style=\"--awb-background-position:center top;--awb-background-blend-mode:darken;--awb-border-sizes-top:0px;--awb-border-sizes-bottom:0px;--awb-border-sizes-left:0px;--awb-border-sizes-right:0px;--awb-border-radius-top-left:0px;--awb-border-radius-top-right:0px;--awb-border-radius-bottom-right:0px;--awb-border-radius-bottom-left:0px;--awb-flex-wrap:wrap;\" ><div class=\"fusion-builder-row fusion-row fusion-flex-align-items-flex-start fusion-flex-content-wrap\" style=\"max-width:1352px;margin-left: calc(-4% \/ 2 );margin-right: calc(-4% \/ 2 );\"><div class=\"fusion-layout-column fusion_builder_column fusion-builder-column-0 fusion_builder_column_1_1 1_1 fusion-flex-column\" style=\"--awb-padding-top:20px;--awb-padding-right:20px;--awb-padding-bottom:20px;--awb-padding-left:20px;--awb-bg-color:#16a085;--awb-bg-color-hover:#16a085;--awb-bg-position:center top;--awb-bg-blend:screen;--awb-bg-size:cover;--awb-width-large:100%;--awb-margin-top-large:0px;--awb-spacing-right-large:1.92%;--awb-margin-bottom-large:20px;--awb-spacing-left-large:1.92%;--awb-width-medium:100%;--awb-order-medium:0;--awb-spacing-right-medium:1.92%;--awb-spacing-left-medium:1.92%;--awb-width-small:100%;--awb-order-small:0;--awb-spacing-right-small:1.92%;--awb-spacing-left-small:1.92%;\"><div class=\"fusion-column-wrapper fusion-column-has-shadow fusion-flex-justify-content-flex-start fusion-content-layout-column\"><div class=\"fusion-separator fusion-full-width-sep\" style=\"align-self: center;margin-left: auto;margin-right: auto;margin-top:20px;width:100%;\"><\/div><div class=\"fusion-text fusion-text-1 weiss\" style=\"--awb-content-alignment:center;--awb-font-size:26px;--awb-line-height:36px;--awb-text-color:#ffffff;\"><h1 style=\"text-align: center;\">Reallabor<\/h1>\n<\/div><div class=\"fusion-text fusion-text-2 weiss\" style=\"--awb-content-alignment:center;--awb-font-size:26px;--awb-line-height:36px;--awb-text-color:#ffffff;\"><h1 style=\"text-align: center;\">Geb\u00e4udetragwerke aus Sekund\u00e4rmaterialien Made in Berlin<\/h1>\n<\/div><div class=\"fusion-text fusion-text-3 weiss\" style=\"--awb-content-alignment:center;--awb-font-size:26px;--awb-line-height:36px;--awb-text-color:#ffffff;\"><h2>B(e)ware<\/h2>\n<\/div><\/div><\/div><\/div><\/div><div class=\"fusion-fullwidth fullwidth-box fusion-builder-row-2 fusion-flex-container nonhundred-percent-fullwidth non-hundred-percent-height-scrolling\" style=\"--awb-border-radius-top-left:0px;--awb-border-radius-top-right:0px;--awb-border-radius-bottom-right:0px;--awb-border-radius-bottom-left:0px;--awb-flex-wrap:wrap;\" ><div class=\"fusion-builder-row fusion-row fusion-flex-align-items-flex-start fusion-flex-content-wrap\" style=\"max-width:1352px;margin-left: calc(-4% \/ 2 );margin-right: calc(-4% \/ 2 );\"><div class=\"fusion-layout-column fusion_builder_column fusion-builder-column-1 fusion_builder_column_1_2 1_2 fusion-flex-column\" style=\"--awb-bg-size:cover;--awb-width-large:50%;--awb-margin-top-large:0px;--awb-spacing-right-large:3.84%;--awb-margin-bottom-large:20px;--awb-spacing-left-large:3.84%;--awb-width-medium:50%;--awb-order-medium:0;--awb-spacing-right-medium:3.84%;--awb-spacing-left-medium:3.84%;--awb-width-small:100%;--awb-order-small:0;--awb-spacing-right-small:1.92%;--awb-spacing-left-small:1.92%;\"><div class=\"fusion-column-wrapper fusion-column-has-shadow fusion-flex-justify-content-flex-start fusion-content-layout-column\"><div class=\"fusion-text fusion-text-4\"><p class=\"wp-block-heading\">Im\u00a0Reallabor B(e) Ware\u00a0wird Berliner Abfall (vermeintliche B Ware) zur wertvollen Ressource (A Ware) f\u00fcr den Bausektor und daf\u00fcr ein einmaliges Konzept zur vereinfachten Realisierung von anspruchsvollen Geb\u00e4udetragwerken aus lokalen Abfallstoffen entwickelt \u2013 hier ist alles (Innovation, Material und Abfall)\u00a0Made in Berlin. Wie eine Platine, schlie\u00dft das Reallabor als transformativer Inkubator organisatorische, rechtliche, kapazit\u00e4re, finanzielle und zeitliche L\u00fccken in klassischen Bauvorhaben und schafft fehlende Schnittstellen zwischen der Bauforschung und Planungspraxis zur kreislaufgerechten Organisation von Wertsch\u00f6pfungsketten in Berlin, Deutschland und Europa.<\/p>\n<p>Nach dem Fokus auf Bauholz in der Konzeptphase wird das B(e) Ware Modell nun auf weitere Stoffgruppen \u00fcbertragen und daf\u00fcr in dem etablierten Netzwerk geeignete Quellen erschlossen. Vorhandenes Material wird identifiziert, untersucht, zerst\u00f6rungsarm geborgen und in einem zentralen Lager in Spandau gelagert. Dort erfolgt die Vorbereitung der weiteren Verarbeitung f\u00fcr die Wiederverwendung in Tragstrukturen. Es werden Berlinweit Materialquellen einbezogen und dann in Neu- und Umbauprojekten in verschiedenen Quartieren Berlins eingesetzt: ein Bauvorhaben in Charlottenburg-Wilmersdorf; ein Bauvorhaben in Treptow-K\u00f6penick sowie ein Bauvorhaben in Lichtenberg. Dar\u00fcber hinaus sollen im Rahmen der Konzeptphase weitere Einsatzorte und kooperierende Vorhaben identifiziert werden. So erprobt B(e) Ware ein Konzept zur vereinfachten Realisierung von anspruchsvollen Geb\u00e4udetragwerken aus lokalen Sekund\u00e4rmaterialien und die kreislaufgerechte Organisation von Wertsch\u00f6pfungsketten im Bausektor.<\/p>\n<p>Berlin als Experimentierfeld f\u00fcr eine sozial-\u00f6kologische Transformation des Wirtschaftslebens \u2013die\u00a0<a href=\"https:\/\/www.berlin.de\/sen\/web\/\"><strong>Berliner Senatsverwaltung f\u00fcr Wirtschaft, Energie und Betriebe<\/strong><\/a>\u00a0(SenWiEnBe) verfolgt diese Idee mit dem\u00a0<a href=\"https:\/\/www.berlin.de\/sen\/wirtschaft\/gruenden-und-foerdern\/innovationsfoerderung\/artikel.1581986.php#headline_1_2\"><strong>Pilotprogramm zur F\u00f6rderung von wirtschaftsorientierten Reallaboren<\/strong><\/a>. Damit soll die Erprobung innovativer und komplexer Systeml\u00f6sungen unter realen Bedingungen finanziell gef\u00f6rdert werden. Initiativen, die ein hohes Wertsch\u00f6pfungs- und Transferpotential aufweisen sowie regulatorisches und administratives Lernen erm\u00f6glichen, sollen dabei vorrangig zum Zuge kommen.\u00a0\u00a0Unter den insgesamt 56 eingereichten Vorhaben konnten sich drei f\u00fcr eine F\u00f6rderung durchsetzen. In einer dreij\u00e4hrigen Umsetzungsphase werden die Ideen aus der Forschung nun in der Praxis \u00fcbertragen, erprobt und skaliert.(Projektlaufzeit: 06\/2025 bis 10\/2028).<\/p>\n<\/div><\/div><\/div><div class=\"fusion-layout-column fusion_builder_column fusion-builder-column-2 fusion_builder_column_1_2 1_2 fusion-flex-column\" style=\"--awb-bg-size:cover;--awb-width-large:50%;--awb-margin-top-large:0px;--awb-spacing-right-large:3.84%;--awb-margin-bottom-large:20px;--awb-spacing-left-large:3.84%;--awb-width-medium:50%;--awb-order-medium:0;--awb-spacing-right-medium:3.84%;--awb-spacing-left-medium:3.84%;--awb-width-small:100%;--awb-order-small:0;--awb-spacing-right-small:1.92%;--awb-spacing-left-small:1.92%;\"><div class=\"fusion-column-wrapper fusion-column-has-shadow fusion-flex-justify-content-flex-start fusion-content-layout-column\"><div class=\"fusion-image-element \" style=\"text-align:center;--awb-caption-title-font-family:var(--h2_typography-font-family);--awb-caption-title-font-weight:var(--h2_typography-font-weight);--awb-caption-title-font-style:var(--h2_typography-font-style);--awb-caption-title-size:var(--h2_typography-font-size);--awb-caption-title-transform:var(--h2_typography-text-transform);--awb-caption-title-line-height:var(--h2_typography-line-height);--awb-caption-title-letter-spacing:var(--h2_typography-letter-spacing);\"><span class=\" fusion-imageframe imageframe-none imageframe-1 hover-type-none\"><img decoding=\"async\" width=\"1024\" height=\"665\" title=\"250904_Layout-Pinwaende_neu_1-1536&#215;998\" src=\"https:\/\/stadtmanufaktur.info\/wp-content\/uploads\/2026\/01\/250904_Layout-Pinwaende_neu_1-1536x998-1-1024x665.png\" alt class=\"img-responsive wp-image-3214\" srcset=\"https:\/\/stadtmanufaktur.info\/wp-content\/uploads\/2026\/01\/250904_Layout-Pinwaende_neu_1-1536x998-1-200x130.png 200w, https:\/\/stadtmanufaktur.info\/wp-content\/uploads\/2026\/01\/250904_Layout-Pinwaende_neu_1-1536x998-1-400x260.png 400w, https:\/\/stadtmanufaktur.info\/wp-content\/uploads\/2026\/01\/250904_Layout-Pinwaende_neu_1-1536x998-1-600x390.png 600w, https:\/\/stadtmanufaktur.info\/wp-content\/uploads\/2026\/01\/250904_Layout-Pinwaende_neu_1-1536x998-1-800x520.png 800w, https:\/\/stadtmanufaktur.info\/wp-content\/uploads\/2026\/01\/250904_Layout-Pinwaende_neu_1-1536x998-1-1200x780.png 1200w, https:\/\/stadtmanufaktur.info\/wp-content\/uploads\/2026\/01\/250904_Layout-Pinwaende_neu_1-1536x998-1.png 1536w\" sizes=\"(max-width: 850px) 100vw, 800px\" \/><\/span><\/div><div class=\"fusion-text fusion-text-5\"><p>Konzeptskizze f\u00fcr das Reallabor, Quelle: nbl.berlin\/projects\/reallabor-be-ware<\/p>\n<\/div><div class=\"fusion-separator fusion-full-width-sep\" style=\"align-self: center;margin-left: auto;margin-right: auto;margin-top:10px;width:100%;\"><\/div><div class=\"fusion-image-element \" style=\"text-align:center;--awb-caption-title-font-family:var(--h2_typography-font-family);--awb-caption-title-font-weight:var(--h2_typography-font-weight);--awb-caption-title-font-style:var(--h2_typography-font-style);--awb-caption-title-size:var(--h2_typography-font-size);--awb-caption-title-transform:var(--h2_typography-text-transform);--awb-caption-title-line-height:var(--h2_typography-line-height);--awb-caption-title-letter-spacing:var(--h2_typography-letter-spacing);\"><span class=\" fusion-imageframe imageframe-none imageframe-2 hover-type-none\"><img decoding=\"async\" width=\"1024\" height=\"665\" title=\"250904_Layout-Pinwaende_neu_2-1536&#215;998\" src=\"https:\/\/stadtmanufaktur.info\/wp-content\/uploads\/2026\/01\/250904_Layout-Pinwaende_neu_2-1536x998-1-1024x665.png\" alt class=\"img-responsive wp-image-3216\" srcset=\"https:\/\/stadtmanufaktur.info\/wp-content\/uploads\/2026\/01\/250904_Layout-Pinwaende_neu_2-1536x998-1-200x130.png 200w, https:\/\/stadtmanufaktur.info\/wp-content\/uploads\/2026\/01\/250904_Layout-Pinwaende_neu_2-1536x998-1-400x260.png 400w, https:\/\/stadtmanufaktur.info\/wp-content\/uploads\/2026\/01\/250904_Layout-Pinwaende_neu_2-1536x998-1-600x390.png 600w, https:\/\/stadtmanufaktur.info\/wp-content\/uploads\/2026\/01\/250904_Layout-Pinwaende_neu_2-1536x998-1-800x520.png 800w, https:\/\/stadtmanufaktur.info\/wp-content\/uploads\/2026\/01\/250904_Layout-Pinwaende_neu_2-1536x998-1-1200x780.png 1200w, https:\/\/stadtmanufaktur.info\/wp-content\/uploads\/2026\/01\/250904_Layout-Pinwaende_neu_2-1536x998-1.png 1536w\" sizes=\"(max-width: 850px) 100vw, 800px\" \/><\/span><\/div><div class=\"fusion-text fusion-text-6\"><p>Konzeptskizze f\u00fcr das Reallabor, Quelle: nbl.berlin\/projects\/reallabor-be-ware<\/p>\n<\/div><div class=\"fusion-image-element \" style=\"text-align:center;--awb-caption-title-font-family:var(--h2_typography-font-family);--awb-caption-title-font-weight:var(--h2_typography-font-weight);--awb-caption-title-font-style:var(--h2_typography-font-style);--awb-caption-title-size:var(--h2_typography-font-size);--awb-caption-title-transform:var(--h2_typography-text-transform);--awb-caption-title-line-height:var(--h2_typography-line-height);--awb-caption-title-letter-spacing:var(--h2_typography-letter-spacing);\"><span class=\" fusion-imageframe imageframe-none imageframe-3 hover-type-none\"><img decoding=\"async\" width=\"1024\" height=\"683\" title=\"Be-Ware_NaturalBuildingLab_Sina-Jansen_web-4-1536&#215;1024\" src=\"https:\/\/stadtmanufaktur.info\/wp-content\/uploads\/2026\/01\/Be-Ware_NaturalBuildingLab_Sina-Jansen_web-4-1536x1024-1-1024x683.jpg\" alt class=\"img-responsive wp-image-3221\" srcset=\"https:\/\/stadtmanufaktur.info\/wp-content\/uploads\/2026\/01\/Be-Ware_NaturalBuildingLab_Sina-Jansen_web-4-1536x1024-1-200x133.jpg 200w, https:\/\/stadtmanufaktur.info\/wp-content\/uploads\/2026\/01\/Be-Ware_NaturalBuildingLab_Sina-Jansen_web-4-1536x1024-1-400x267.jpg 400w, https:\/\/stadtmanufaktur.info\/wp-content\/uploads\/2026\/01\/Be-Ware_NaturalBuildingLab_Sina-Jansen_web-4-1536x1024-1-600x400.jpg 600w, https:\/\/stadtmanufaktur.info\/wp-content\/uploads\/2026\/01\/Be-Ware_NaturalBuildingLab_Sina-Jansen_web-4-1536x1024-1-800x533.jpg 800w, https:\/\/stadtmanufaktur.info\/wp-content\/uploads\/2026\/01\/Be-Ware_NaturalBuildingLab_Sina-Jansen_web-4-1536x1024-1-1200x800.jpg 1200w, https:\/\/stadtmanufaktur.info\/wp-content\/uploads\/2026\/01\/Be-Ware_NaturalBuildingLab_Sina-Jansen_web-4-1536x1024-1.jpg 1536w\" sizes=\"(max-width: 850px) 100vw, 800px\" \/><\/span><\/div><div class=\"fusion-text fusion-text-7\"><p>Ressource Altholz, Quelle: nbl.berlin\/projects\/reallabor-be-ware<\/p>\n<\/div><div class=\"fusion-separator fusion-full-width-sep\" style=\"align-self: center;margin-left: auto;margin-right: auto;margin-top:10px;width:100%;\"><\/div><div class=\"fusion-text fusion-text-8\"><p class=\"c2\"><em><strong>Thematische Zug\u00e4nge:<br \/>\n<\/strong><\/em><strong><em>#Zirkul\u00e4re Wirtschaft #Bauwende#Architektur<\/em><\/strong><\/p>\n<p class=\"c2\"><em><strong>R\u00e4umliche Zug\u00e4nge:<\/strong><\/em><br \/>\n<em><strong>#Geb\u00e4ude<\/strong><\/em>\u00a0<strong><em>#Quartier #Campus Charlottenburg<\/em><\/strong><\/p>\n<p><em><strong>Projektwebsite &#8211; <a href=\"https:\/\/www.nbl.berlin\/projects\/reallabor-be-ware\/\">Natural Building Lab &#8211; TU Berlin\u00a0<\/a><\/strong><\/em><\/p>\n<\/div><div class=\"fusion-separator fusion-full-width-sep\" style=\"align-self: center;margin-left: auto;margin-right: auto;margin-top:20px;width:100%;\"><\/div><div class=\"fusion-image-element \" style=\"--awb-caption-title-font-family:var(--h2_typography-font-family);--awb-caption-title-font-weight:var(--h2_typography-font-weight);--awb-caption-title-font-style:var(--h2_typography-font-style);--awb-caption-title-size:var(--h2_typography-font-size);--awb-caption-title-transform:var(--h2_typography-text-transform);--awb-caption-title-line-height:var(--h2_typography-line-height);--awb-caption-title-letter-spacing:var(--h2_typography-letter-spacing);\"><span class=\" fusion-imageframe imageframe-none imageframe-4 hover-type-none\"><img decoding=\"async\" width=\"300\" height=\"182\" title=\"2024-03-Reallabore-Logo_allgemein-300&#215;182\" src=\"https:\/\/stadtmanufaktur.info\/wp-content\/uploads\/2026\/01\/2024-03-Reallabore-Logo_allgemein-300x182-1.jpg\" alt class=\"img-responsive wp-image-3224\" srcset=\"https:\/\/stadtmanufaktur.info\/wp-content\/uploads\/2026\/01\/2024-03-Reallabore-Logo_allgemein-300x182-1-200x121.jpg 200w, https:\/\/stadtmanufaktur.info\/wp-content\/uploads\/2026\/01\/2024-03-Reallabore-Logo_allgemein-300x182-1.jpg 300w\" sizes=\"(max-width: 850px) 100vw, 300px\" \/><\/span><\/div><\/div><\/div><\/div><\/div><\/p>\n","protected":false},"excerpt":{"rendered":"","protected":false},"author":2,"featured_media":0,"parent":13,"menu_order":0,"comment_status":"open","ping_status":"open","template":"","meta":{"footnotes":""},"class_list":["post-3209","page","type-page","status-publish","hentry"],"_links":{"self":[{"href":"https:\/\/stadtmanufaktur.info\/en\/wp-json\/wp\/v2\/pages\/3209","targetHints":{"allow":["GET"]}}],"collection":[{"href":"https:\/\/stadtmanufaktur.info\/en\/wp-json\/wp\/v2\/pages"}],"about":[{"href":"https:\/\/stadtmanufaktur.info\/en\/wp-json\/wp\/v2\/types\/page"}],"author":[{"embeddable":true,"href":"https:\/\/stadtmanufaktur.info\/en\/wp-json\/wp\/v2\/users\/2"}],"replies":[{"embeddable":true,"href":"https:\/\/stadtmanufaktur.info\/en\/wp-json\/wp\/v2\/comments?post=3209"}],"version-history":[{"count":6,"href":"https:\/\/stadtmanufaktur.info\/en\/wp-json\/wp\/v2\/pages\/3209\/revisions"}],"predecessor-version":[{"id":3225,"href":"https:\/\/stadtmanufaktur.info\/en\/wp-json\/wp\/v2\/pages\/3209\/revisions\/3225"}],"up":[{"embeddable":true,"href":"https:\/\/stadtmanufaktur.info\/en\/wp-json\/wp\/v2\/pages\/13"}],"wp:attachment":[{"href":"https:\/\/stadtmanufaktur.info\/en\/wp-json\/wp\/v2\/media?parent=3209"}],"curies":[{"name":"wp","href":"https:\/\/api.w.org\/{rel}","templated":true}]}}