{"id":3235,"date":"2026-01-26T12:16:05","date_gmt":"2026-01-26T11:16:05","guid":{"rendered":"https:\/\/stadtmanufaktur.info\/reallabore\/beware-copy\/"},"modified":"2026-01-26T12:34:37","modified_gmt":"2026-01-26T11:34:37","slug":"transformathe","status":"publish","type":"page","link":"https:\/\/stadtmanufaktur.info\/en\/reallabore\/transformathe\/","title":{"rendered":"Transfor: Mathe"},"content":{"rendered":"<p><div class=\"fusion-fullwidth fullwidth-box fusion-builder-row-1 fusion-flex-container nonhundred-percent-fullwidth non-hundred-percent-height-scrolling\" style=\"--awb-background-position:center top;--awb-background-blend-mode:darken;--awb-border-sizes-top:0px;--awb-border-sizes-bottom:0px;--awb-border-sizes-left:0px;--awb-border-sizes-right:0px;--awb-border-radius-top-left:0px;--awb-border-radius-top-right:0px;--awb-border-radius-bottom-right:0px;--awb-border-radius-bottom-left:0px;--awb-flex-wrap:wrap;\" ><div class=\"fusion-builder-row fusion-row fusion-flex-align-items-flex-start fusion-flex-content-wrap\" style=\"max-width:1352px;margin-left: calc(-4% \/ 2 );margin-right: calc(-4% \/ 2 );\"><div class=\"fusion-layout-column fusion_builder_column fusion-builder-column-0 fusion_builder_column_1_1 1_1 fusion-flex-column\" style=\"--awb-padding-top:20px;--awb-padding-right:20px;--awb-padding-bottom:20px;--awb-padding-left:20px;--awb-bg-color:#16a085;--awb-bg-color-hover:#16a085;--awb-bg-position:center top;--awb-bg-blend:screen;--awb-bg-size:cover;--awb-width-large:100%;--awb-margin-top-large:0px;--awb-spacing-right-large:1.92%;--awb-margin-bottom-large:20px;--awb-spacing-left-large:1.92%;--awb-width-medium:100%;--awb-order-medium:0;--awb-spacing-right-medium:1.92%;--awb-spacing-left-medium:1.92%;--awb-width-small:100%;--awb-order-small:0;--awb-spacing-right-small:1.92%;--awb-spacing-left-small:1.92%;\"><div class=\"fusion-column-wrapper fusion-column-has-shadow fusion-flex-justify-content-flex-start fusion-content-layout-column\"><div class=\"fusion-separator fusion-full-width-sep\" style=\"align-self: center;margin-left: auto;margin-right: auto;margin-top:20px;width:100%;\"><\/div><div class=\"fusion-text fusion-text-1 weiss\" style=\"--awb-content-alignment:center;--awb-font-size:26px;--awb-line-height:36px;--awb-text-color:#ffffff;\"><h1 style=\"text-align: center;\">Reallabor<\/h1>\n<\/div><div class=\"fusion-text fusion-text-2 weiss\" style=\"--awb-content-alignment:center;--awb-font-size:26px;--awb-line-height:36px;--awb-text-color:#ffffff;\"><h1 style=\"text-align: center;\">Ressourceneffiziente Sanierungsstrategien f\u00fcr Wissenschaftsbauten<\/h1>\n<\/div><div class=\"fusion-text fusion-text-3 weiss\" style=\"--awb-content-alignment:center;--awb-font-size:26px;--awb-line-height:36px;--awb-text-color:#ffffff;\"><h2>Transfor:Mathe<\/h2>\n<\/div><\/div><\/div><\/div><\/div><div class=\"fusion-fullwidth fullwidth-box fusion-builder-row-2 fusion-flex-container nonhundred-percent-fullwidth non-hundred-percent-height-scrolling\" style=\"--awb-border-radius-top-left:0px;--awb-border-radius-top-right:0px;--awb-border-radius-bottom-right:0px;--awb-border-radius-bottom-left:0px;--awb-flex-wrap:wrap;\" ><div class=\"fusion-builder-row fusion-row fusion-flex-align-items-flex-start fusion-flex-content-wrap\" style=\"max-width:1352px;margin-left: calc(-4% \/ 2 );margin-right: calc(-4% \/ 2 );\"><div class=\"fusion-layout-column fusion_builder_column fusion-builder-column-1 fusion_builder_column_1_2 1_2 fusion-flex-column\" style=\"--awb-bg-size:cover;--awb-width-large:50%;--awb-margin-top-large:0px;--awb-spacing-right-large:3.84%;--awb-margin-bottom-large:20px;--awb-spacing-left-large:3.84%;--awb-width-medium:50%;--awb-order-medium:0;--awb-spacing-right-medium:3.84%;--awb-spacing-left-medium:3.84%;--awb-width-small:100%;--awb-order-small:0;--awb-spacing-right-small:1.92%;--awb-spacing-left-small:1.92%;\"><div class=\"fusion-column-wrapper fusion-column-has-shadow fusion-flex-justify-content-flex-start fusion-content-layout-column\"><div class=\"fusion-text fusion-text-4\"><p class=\"wp-block-heading\">Hochschulbauten, Forschungsinfrastrukturen und Institutsgeb\u00e4ude in Deutschland leiden unter langj\u00e4hrigem Wartungs- und Instandhaltungsstau, was zu schlechten baulichen Zust\u00e4nden, hohem Energieverbrauch und steigenden Betriebskosten f\u00fchrt. Der Graben zwischen dem Ziel nachhaltiger, klimaneutraler Geb\u00e4ude der Hochschulen und Forschungseinrichtungen und der Realit\u00e4t wird immer gr\u00f6\u00dfer. Deshalb muss ein umfassender Paradigmenwechsel im Umgang mit dem wertvollen Geb\u00e4udebestand eingel\u00e4utet werden.<\/p>\n<p>Das Reallabor versteht sich als experimenteller M\u00f6glichkeitsraum im alten Mathematikgeb\u00e4ude der TU Berlin f\u00fcr praxisorientierts Lernen und Forschen. Das Team des Natural Building Labs wird das Reallaborkonzept vorstellen und einen gemeinsamen Austausch zur Netzwerkbildung und der Entwicklung von m\u00f6glichen Forschungsfragen und Lernformaten moderieren.<\/p>\n<p>Das in den 1980er-Jahren nach dem Vorbild \u00f6kologischer Glashaus-Architektur errichtete und heute das Stadtbild pr\u00e4gende Mathematikgeb\u00e4ude der TU Berlin befindet sich an der Stra\u00dfe des 17. Juni auf dem Campus Charlottenburg. Es ist aktuell stark sanierungsbed\u00fcrftig und bietet gro\u00dfe Potenziale als prototypische Fallstudie hauseigene Fachexpertise zu b\u00fcndeln und Synergieeffekte hervorzubringen. Ziel des Reallabors \u201eTransfor:Mathe\u201c ist es, ressourceneffiziente und kosteng\u00fcnstige Sanierungsstrategien zu entwickeln. Diese sollen dazu beitragen, die Umsetzung von minimalinvasiven Ma\u00dfnahmen zu beschleunigen, sie auf andere Wissenschaftsbauten \u00fcbertragbar zu machen und k\u00f6nnten als Vorbild f\u00fcr den \u00f6ffentlichen Bausektor dienen.<\/p>\n<p>Aus dem entstehenden Forschungsnetzwerk des Reallabors aus Akteur*innen innerhalb der TU Berlin und dar\u00fcber hinaus sollen neue Lernformate entwickelt, Forschungsfelder erschlossen und Verbundantr\u00e4ge umgesetzt werden. Die inhaltlichen Potenziale liegen hierbei in den unterschiedlichsten Themenbereichen wie etwa suffiziente und anpassungsf\u00e4hige Nutzungskonzepte, Low-Tech-Ans\u00e4tze, kreislaufgerechter Einsatz von Materialien, Umgang mit Schadstoffbelastung, baukultureller Wert der 1980er-Jahre Architektur, sowie neue Betriebs- und Managementmodelle.<\/p>\n<p>Hier geht`s zur <a href=\"https:\/\/www.nbl.berlin\/projects\/reallabor-transformathe-ressourceneffiziente-sanierungsstrategien-von-wissenschaftsbauten-am-beispiel-des-alten-mathematikgebaudes-der-tu-berlin\/\">Projektwebsite<\/a>, und hier zur <a href=\"https:\/\/www.tu.berlin\/news\/pressemitteilung\/altes-mathematikgebaeude-als-reallabor-transformathe\">Pressemitteilung<\/a>.<\/p>\n<\/div><\/div><\/div><div class=\"fusion-layout-column fusion_builder_column fusion-builder-column-2 fusion_builder_column_1_2 1_2 fusion-flex-column\" style=\"--awb-bg-size:cover;--awb-width-large:50%;--awb-margin-top-large:0px;--awb-spacing-right-large:3.84%;--awb-margin-bottom-large:20px;--awb-spacing-left-large:3.84%;--awb-width-medium:50%;--awb-order-medium:0;--awb-spacing-right-medium:3.84%;--awb-spacing-left-medium:3.84%;--awb-width-small:100%;--awb-order-small:0;--awb-spacing-right-small:1.92%;--awb-spacing-left-small:1.92%;\"><div class=\"fusion-column-wrapper fusion-column-has-shadow fusion-flex-justify-content-flex-start fusion-content-layout-column\"><div class=\"fusion-image-element \" style=\"text-align:center;--awb-caption-title-font-family:var(--h2_typography-font-family);--awb-caption-title-font-weight:var(--h2_typography-font-weight);--awb-caption-title-font-style:var(--h2_typography-font-style);--awb-caption-title-size:var(--h2_typography-font-size);--awb-caption-title-transform:var(--h2_typography-text-transform);--awb-caption-title-line-height:var(--h2_typography-line-height);--awb-caption-title-letter-spacing:var(--h2_typography-letter-spacing);\"><span class=\" fusion-imageframe imageframe-none imageframe-1 hover-type-none\"><img decoding=\"async\" width=\"1024\" height=\"683\" title=\"DSC02335-1536&#215;1024\" src=\"https:\/\/stadtmanufaktur.info\/wp-content\/uploads\/2026\/01\/DSC02335-1536x1024-1-1024x683.jpg\" alt class=\"img-responsive wp-image-3238\" srcset=\"https:\/\/stadtmanufaktur.info\/wp-content\/uploads\/2026\/01\/DSC02335-1536x1024-1-200x133.jpg 200w, https:\/\/stadtmanufaktur.info\/wp-content\/uploads\/2026\/01\/DSC02335-1536x1024-1-400x267.jpg 400w, https:\/\/stadtmanufaktur.info\/wp-content\/uploads\/2026\/01\/DSC02335-1536x1024-1-600x400.jpg 600w, https:\/\/stadtmanufaktur.info\/wp-content\/uploads\/2026\/01\/DSC02335-1536x1024-1-800x533.jpg 800w, https:\/\/stadtmanufaktur.info\/wp-content\/uploads\/2026\/01\/DSC02335-1536x1024-1-1200x800.jpg 1200w, https:\/\/stadtmanufaktur.info\/wp-content\/uploads\/2026\/01\/DSC02335-1536x1024-1.jpg 1536w\" sizes=\"(max-width: 850px) 100vw, 800px\" \/><\/span><\/div><div class=\"fusion-text fusion-text-5\"><p>Erstes Netzwerktreffen Reallabor im Mathegeb\u00e4ude der TU Berlin, Quelle: nbl.berlin\/projects\/<\/p>\n<\/div><div class=\"fusion-separator fusion-full-width-sep\" style=\"align-self: center;margin-left: auto;margin-right: auto;margin-top:10px;width:100%;\"><\/div><div class=\"fusion-image-element \" style=\"text-align:center;--awb-caption-title-font-family:var(--h2_typography-font-family);--awb-caption-title-font-weight:var(--h2_typography-font-weight);--awb-caption-title-font-style:var(--h2_typography-font-style);--awb-caption-title-size:var(--h2_typography-font-size);--awb-caption-title-transform:var(--h2_typography-text-transform);--awb-caption-title-line-height:var(--h2_typography-line-height);--awb-caption-title-letter-spacing:var(--h2_typography-letter-spacing);\"><span class=\" fusion-imageframe imageframe-none imageframe-2 hover-type-none\"><img decoding=\"async\" width=\"1024\" height=\"637\" title=\"DSC02357-1-1536&#215;955\" src=\"https:\/\/stadtmanufaktur.info\/wp-content\/uploads\/2026\/01\/DSC02357-1-1536x955-1-1024x637.jpg\" alt class=\"img-responsive wp-image-3240\" srcset=\"https:\/\/stadtmanufaktur.info\/wp-content\/uploads\/2026\/01\/DSC02357-1-1536x955-1-200x124.jpg 200w, https:\/\/stadtmanufaktur.info\/wp-content\/uploads\/2026\/01\/DSC02357-1-1536x955-1-400x249.jpg 400w, https:\/\/stadtmanufaktur.info\/wp-content\/uploads\/2026\/01\/DSC02357-1-1536x955-1-600x373.jpg 600w, https:\/\/stadtmanufaktur.info\/wp-content\/uploads\/2026\/01\/DSC02357-1-1536x955-1-800x497.jpg 800w, https:\/\/stadtmanufaktur.info\/wp-content\/uploads\/2026\/01\/DSC02357-1-1536x955-1-1200x746.jpg 1200w, https:\/\/stadtmanufaktur.info\/wp-content\/uploads\/2026\/01\/DSC02357-1-1536x955-1.jpg 1536w\" sizes=\"(max-width: 850px) 100vw, 800px\" \/><\/span><\/div><div class=\"fusion-text fusion-text-6\"><p>Erstes Netzwerktreffen Reallabor im Mathegeb\u00e4ude der TU Berlin, Quelle: nbl.berlin\/projects<\/p>\n<\/div><div class=\"fusion-separator fusion-full-width-sep\" style=\"align-self: center;margin-left: auto;margin-right: auto;margin-top:10px;width:100%;\"><\/div><div class=\"fusion-text fusion-text-7\"><p class=\"c2\"><em><strong>Thematische Zug\u00e4nge:<br \/>\n<\/strong><\/em><strong><em>#Zirkul\u00e4re Wirtschaft #Bauwende#Architektur<\/em><\/strong><\/p>\n<p class=\"c2\"><em><strong>R\u00e4umliche Zug\u00e4nge:<\/strong><\/em><br \/>\n<em><strong>#Geb\u00e4ude<\/strong><\/em>\u00a0<strong><em>#Quartier #Campus Charlottenburg<\/em><\/strong><\/p>\n<p><em><strong>Projektwebsite &#8211; <a href=\"https:\/\/www.nbl.berlin\/projects\/reallabor-transformathe-ressourceneffiziente-sanierungsstrategien-von-wissenschaftsbauten-am-beispiel-des-alten-mathematikgebaudes-der-tu-berlin\/\">Natural Building Lab &#8211; TU Berlin\u00a0<\/a><\/strong><\/em><\/p>\n<p><em><strong>Kontakt: Selina Schlez<\/strong><\/em><\/p>\n<\/div><div class=\"fusion-separator fusion-full-width-sep\" style=\"align-self: center;margin-left: auto;margin-right: auto;margin-top:20px;width:100%;\"><\/div><\/div><\/div><\/div><\/div><\/p>\n","protected":false},"excerpt":{"rendered":"","protected":false},"author":2,"featured_media":0,"parent":13,"menu_order":0,"comment_status":"open","ping_status":"open","template":"","meta":{"footnotes":""},"class_list":["post-3235","page","type-page","status-publish","hentry"],"_links":{"self":[{"href":"https:\/\/stadtmanufaktur.info\/en\/wp-json\/wp\/v2\/pages\/3235","targetHints":{"allow":["GET"]}}],"collection":[{"href":"https:\/\/stadtmanufaktur.info\/en\/wp-json\/wp\/v2\/pages"}],"about":[{"href":"https:\/\/stadtmanufaktur.info\/en\/wp-json\/wp\/v2\/types\/page"}],"author":[{"embeddable":true,"href":"https:\/\/stadtmanufaktur.info\/en\/wp-json\/wp\/v2\/users\/2"}],"replies":[{"embeddable":true,"href":"https:\/\/stadtmanufaktur.info\/en\/wp-json\/wp\/v2\/comments?post=3235"}],"version-history":[{"count":3,"href":"https:\/\/stadtmanufaktur.info\/en\/wp-json\/wp\/v2\/pages\/3235\/revisions"}],"predecessor-version":[{"id":3244,"href":"https:\/\/stadtmanufaktur.info\/en\/wp-json\/wp\/v2\/pages\/3235\/revisions\/3244"}],"up":[{"embeddable":true,"href":"https:\/\/stadtmanufaktur.info\/en\/wp-json\/wp\/v2\/pages\/13"}],"wp:attachment":[{"href":"https:\/\/stadtmanufaktur.info\/en\/wp-json\/wp\/v2\/media?parent=3235"}],"curies":[{"name":"wp","href":"https:\/\/api.w.org\/{rel}","templated":true}]}}