{"id":3332,"date":"2026-05-07T12:58:45","date_gmt":"2026-05-07T10:58:45","guid":{"rendered":"https:\/\/stadtmanufaktur.info\/?page_id=3332"},"modified":"2026-05-07T13:17:58","modified_gmt":"2026-05-07T11:17:58","slug":"u-space","status":"publish","type":"page","link":"https:\/\/stadtmanufaktur.info\/en\/reallabore\/u-space\/","title":{"rendered":"U-Space"},"content":{"rendered":"<p><div class=\"fusion-fullwidth fullwidth-box fusion-builder-row-1 fusion-flex-container nonhundred-percent-fullwidth non-hundred-percent-height-scrolling\" style=\"--awb-background-position:center top;--awb-background-blend-mode:darken;--awb-border-sizes-top:0px;--awb-border-sizes-bottom:0px;--awb-border-sizes-left:0px;--awb-border-sizes-right:0px;--awb-border-radius-top-left:0px;--awb-border-radius-top-right:0px;--awb-border-radius-bottom-right:0px;--awb-border-radius-bottom-left:0px;--awb-flex-wrap:wrap;\" ><div class=\"fusion-builder-row fusion-row fusion-flex-align-items-flex-start fusion-flex-content-wrap\" style=\"max-width:1352px;margin-left: calc(-4% \/ 2 );margin-right: calc(-4% \/ 2 );\"><div class=\"fusion-layout-column fusion_builder_column fusion-builder-column-0 fusion_builder_column_1_1 1_1 fusion-flex-column\" style=\"--awb-padding-top:20px;--awb-padding-right:20px;--awb-padding-bottom:20px;--awb-padding-left:20px;--awb-bg-color:#16a085;--awb-bg-color-hover:#16a085;--awb-bg-position:center top;--awb-bg-blend:screen;--awb-bg-size:cover;--awb-width-large:100%;--awb-margin-top-large:0px;--awb-spacing-right-large:1.92%;--awb-margin-bottom-large:20px;--awb-spacing-left-large:1.92%;--awb-width-medium:100%;--awb-order-medium:0;--awb-spacing-right-medium:1.92%;--awb-spacing-left-medium:1.92%;--awb-width-small:100%;--awb-order-small:0;--awb-spacing-right-small:1.92%;--awb-spacing-left-small:1.92%;\"><div class=\"fusion-column-wrapper fusion-column-has-shadow fusion-flex-justify-content-flex-start fusion-content-layout-column\"><div class=\"fusion-separator fusion-full-width-sep\" style=\"align-self: center;margin-left: auto;margin-right: auto;margin-top:20px;width:100%;\"><\/div><div class=\"fusion-text fusion-text-1 weiss\" style=\"--awb-content-alignment:center;--awb-font-size:26px;--awb-line-height:36px;--awb-text-color:#ffffff;\"><h1 style=\"text-align: center;\">Reallabor<\/h1>\n<\/div><div class=\"fusion-text fusion-text-2 weiss\" style=\"--awb-content-alignment:center;--awb-font-size:26px;--awb-line-height:36px;--awb-text-color:#ffffff;\"><h1 style=\"text-align: center;\">U-SPACE<\/h1>\n<\/div><div class=\"fusion-text fusion-text-3 weiss\" style=\"--awb-content-alignment:center;--awb-font-size:26px;--awb-line-height:36px;--awb-text-color:#ffffff;\"><h2>Drohnen im Liefereinsatz<\/h2>\n<\/div><\/div><\/div><\/div><\/div><div class=\"fusion-fullwidth fullwidth-box fusion-builder-row-2 fusion-flex-container nonhundred-percent-fullwidth non-hundred-percent-height-scrolling\" style=\"--awb-border-radius-top-left:0px;--awb-border-radius-top-right:0px;--awb-border-radius-bottom-right:0px;--awb-border-radius-bottom-left:0px;--awb-flex-wrap:wrap;\" ><div class=\"fusion-builder-row fusion-row fusion-flex-align-items-flex-start fusion-flex-content-wrap\" style=\"max-width:1352px;margin-left: calc(-4% \/ 2 );margin-right: calc(-4% \/ 2 );\"><div class=\"fusion-layout-column fusion_builder_column fusion-builder-column-1 fusion_builder_column_1_2 1_2 fusion-flex-column\" style=\"--awb-bg-size:cover;--awb-width-large:50%;--awb-margin-top-large:0px;--awb-spacing-right-large:3.84%;--awb-margin-bottom-large:20px;--awb-spacing-left-large:3.84%;--awb-width-medium:50%;--awb-order-medium:0;--awb-spacing-right-medium:3.84%;--awb-spacing-left-medium:3.84%;--awb-width-small:100%;--awb-order-small:0;--awb-spacing-right-small:1.92%;--awb-spacing-left-small:1.92%;\"><div class=\"fusion-column-wrapper fusion-column-has-shadow fusion-flex-justify-content-flex-start fusion-content-layout-column\"><div class=\"fusion-text fusion-text-4\"><p class=\"wp-block-heading\">Das Projekt U-Space Berlin will eine effiziente Last-Mile-Logistikl\u00f6sung mit Hilfe von Drohnen im Bezirk Tempelhof-Sch\u00f6neberg erproben. Anvisierte Praxisdemonstrationen sind der Transport von medizinischen Materialien zwischen einem Krankenhaus und externen Einrichtungen sowie das Ausliefern von Waren in ein dezentral gelegenes Gewerbegebiet. Das Ziel des Reallabors ist es, skalierbare und datenbasierte Gesch\u00e4ftsmodelle im urbanen Raum f\u00fcr die Integration von Drohnen in Logistik- und Transportkonzepte zu entwickeln. Dabei stehen auch die B\u00fcrgerbeteiligung bei der Auswahl von Flugrouten, die Erarbeitung regulatorischer Best-Practise-Beispiele sowie arbeitswissenschaftliche Fragestellungen im Fokus. Zudem soll ein typenoffener Landeplatz entwickelt werden, der \u00e4hnlich wie eine Packstation funktioniert.<\/p>\n<p>Berlin als Experimentierfeld f\u00fcr eine sozial-\u00f6kologische Transformation des Wirtschaftslebens \u2013die\u00a0<a href=\"https:\/\/www.berlin.de\/sen\/web\/\"><strong>Berliner Senatsverwaltung f\u00fcr Wirtschaft, Energie und Betriebe<\/strong><\/a>\u00a0(SenWiEnBe) verfolgt diese Idee mit dem\u00a0<a href=\"https:\/\/www.berlin.de\/sen\/wirtschaft\/gruenden-und-foerdern\/innovationsfoerderung\/artikel.1581986.php#headline_1_2\"><strong>Pilotprogramm zur F\u00f6rderung von wirtschaftsorientierten Reallaboren<\/strong><\/a>. Damit soll die Erprobung innovativer und komplexer Systeml\u00f6sungen unter realen Bedingungen finanziell gef\u00f6rdert werden. Initiativen, die ein hohes Wertsch\u00f6pfungs- und Transferpotential aufweisen sowie regulatorisches und administratives Lernen erm\u00f6glichen, sollen dabei vorrangig zum Zuge kommen.\u00a0\u00a0Unter den insgesamt 56 eingereichten Vorhaben konnten sich drei f\u00fcr eine F\u00f6rderung durchsetzen. In einer dreij\u00e4hrigen Umsetzungsphase werden die Ideen aus der Forschung nun in der Praxis \u00fcbertragen, erprobt und skaliert.(Projektlaufzeit: 06\/2025 bis 10\/2028).<\/p>\n<p>Kontakt &amp; Konsortium:<\/p>\n<p><a href=\"https:\/\/www.tu.berlin\/civilsystems\/forschung\/projekte\/current-projects\/reallabor-iwiq\">FG Luftfahrzeugbau und Leichtbau, TU Berlin<\/a><\/p>\n<p><a href=\"https:\/\/www.tu.berlin\/arte\/ueber-uns\/team\/wissenschaftliche-mitarbeiterinnen\/biehle-tobias-dr\">FG Arbeitslehre\/ Technik und Partizipation<\/a><\/p>\n<p>Startup Colors UG\/Applied Data Incubator (Verbundkoordination), Technische Universit\u00e4t Berlin, DiAvEn Labfly UG, marktschwalbe GmbH, Murzilli Consulting \/ M&amp;K Germany GmbH, Akkon Hochschule f\u00fcr Humanwissenschaften<\/p>\n<p><a href=\"https:\/\/u-space.berlin\/about-us\/\">zur Projektwebsite<\/a><\/p>\n<\/div><\/div><\/div><div class=\"fusion-layout-column fusion_builder_column fusion-builder-column-2 fusion_builder_column_1_2 1_2 fusion-flex-column\" style=\"--awb-bg-size:cover;--awb-width-large:50%;--awb-margin-top-large:0px;--awb-spacing-right-large:3.84%;--awb-margin-bottom-large:20px;--awb-spacing-left-large:3.84%;--awb-width-medium:50%;--awb-order-medium:0;--awb-spacing-right-medium:3.84%;--awb-spacing-left-medium:3.84%;--awb-width-small:100%;--awb-order-small:0;--awb-spacing-right-small:1.92%;--awb-spacing-left-small:1.92%;\"><div class=\"fusion-column-wrapper fusion-column-has-shadow fusion-flex-justify-content-flex-start fusion-content-layout-column\"><div class=\"fusion-image-element \" style=\"text-align:center;--awb-caption-title-font-family:var(--h2_typography-font-family);--awb-caption-title-font-weight:var(--h2_typography-font-weight);--awb-caption-title-font-style:var(--h2_typography-font-style);--awb-caption-title-size:var(--h2_typography-font-size);--awb-caption-title-transform:var(--h2_typography-text-transform);--awb-caption-title-line-height:var(--h2_typography-line-height);--awb-caption-title-letter-spacing:var(--h2_typography-letter-spacing);\"><span class=\" fusion-imageframe imageframe-none imageframe-1 hover-type-none\"><img decoding=\"async\" width=\"1024\" height=\"367\" title=\"Tempelhof-Schoeneberg-1400&#215;430\" src=\"https:\/\/stadtmanufaktur.info\/wp-content\/uploads\/2026\/05\/Tempelhof-Schoeneberg-1400x430-1-1024x367.webp\" alt class=\"img-responsive wp-image-3334\" srcset=\"https:\/\/stadtmanufaktur.info\/wp-content\/uploads\/2026\/05\/Tempelhof-Schoeneberg-1400x430-1-200x72.webp 200w, https:\/\/stadtmanufaktur.info\/wp-content\/uploads\/2026\/05\/Tempelhof-Schoeneberg-1400x430-1-400x143.webp 400w, https:\/\/stadtmanufaktur.info\/wp-content\/uploads\/2026\/05\/Tempelhof-Schoeneberg-1400x430-1-600x215.webp 600w, https:\/\/stadtmanufaktur.info\/wp-content\/uploads\/2026\/05\/Tempelhof-Schoeneberg-1400x430-1-800x287.webp 800w, https:\/\/stadtmanufaktur.info\/wp-content\/uploads\/2026\/05\/Tempelhof-Schoeneberg-1400x430-1.webp 1200w\" sizes=\"(max-width: 850px) 100vw, 800px\" \/><\/span><\/div><div class=\"fusion-text fusion-text-5\"><p>Webauftritt des Reallabors, Quelle:<a href=\"https:\/\/u-space.berlin\/about-us\/\">https:\/\/u-space.berlin\/about-us\/<\/a><\/p>\n<\/div><div class=\"fusion-separator fusion-full-width-sep\" style=\"align-self: center;margin-left: auto;margin-right: auto;margin-top:10px;width:100%;\"><\/div><div class=\"fusion-text fusion-text-6\"><p class=\"c2\"><em><strong>Thematische Zug\u00e4nge:<br \/>\n<\/strong><\/em><strong><em>#\u00d6ffentlicher Raum#Mobilit\u00e4t#<\/em><\/strong><\/p>\n<p class=\"c2\"><em><strong>R\u00e4umliche Zug\u00e4nge:<\/strong><\/em><br \/>\n<strong><em>#Quartier #Stadt<\/em><\/strong><\/p>\n<p><em><strong>Projektwebsite: <a href=\"https:\/\/u-space.berlin\/about-us\/\">Reallabor U-Space\u00a0<\/a><\/strong><\/em><\/p>\n<\/div><div class=\"fusion-separator fusion-full-width-sep\" style=\"align-self: center;margin-left: auto;margin-right: auto;margin-top:20px;width:100%;\"><\/div><div class=\"fusion-image-element \" style=\"--awb-caption-title-font-family:var(--h2_typography-font-family);--awb-caption-title-font-weight:var(--h2_typography-font-weight);--awb-caption-title-font-style:var(--h2_typography-font-style);--awb-caption-title-size:var(--h2_typography-font-size);--awb-caption-title-transform:var(--h2_typography-text-transform);--awb-caption-title-line-height:var(--h2_typography-line-height);--awb-caption-title-letter-spacing:var(--h2_typography-letter-spacing);\"><span class=\" fusion-imageframe imageframe-none imageframe-2 hover-type-none\"><img decoding=\"async\" width=\"300\" height=\"182\" title=\"2024-03-Reallabore-Logo_allgemein-300&#215;182\" src=\"https:\/\/stadtmanufaktur.info\/wp-content\/uploads\/2026\/01\/2024-03-Reallabore-Logo_allgemein-300x182-1.jpg\" alt class=\"img-responsive wp-image-3224\" srcset=\"https:\/\/stadtmanufaktur.info\/wp-content\/uploads\/2026\/01\/2024-03-Reallabore-Logo_allgemein-300x182-1-200x121.jpg 200w, https:\/\/stadtmanufaktur.info\/wp-content\/uploads\/2026\/01\/2024-03-Reallabore-Logo_allgemein-300x182-1.jpg 300w\" sizes=\"(max-width: 850px) 100vw, 300px\" \/><\/span><\/div><\/div><\/div><\/div><\/div><\/p>\n","protected":false},"excerpt":{"rendered":"","protected":false},"author":2,"featured_media":0,"parent":13,"menu_order":0,"comment_status":"open","ping_status":"open","template":"","meta":{"footnotes":""},"class_list":["post-3332","page","type-page","status-publish","hentry"],"_links":{"self":[{"href":"https:\/\/stadtmanufaktur.info\/en\/wp-json\/wp\/v2\/pages\/3332","targetHints":{"allow":["GET"]}}],"collection":[{"href":"https:\/\/stadtmanufaktur.info\/en\/wp-json\/wp\/v2\/pages"}],"about":[{"href":"https:\/\/stadtmanufaktur.info\/en\/wp-json\/wp\/v2\/types\/page"}],"author":[{"embeddable":true,"href":"https:\/\/stadtmanufaktur.info\/en\/wp-json\/wp\/v2\/users\/2"}],"replies":[{"embeddable":true,"href":"https:\/\/stadtmanufaktur.info\/en\/wp-json\/wp\/v2\/comments?post=3332"}],"version-history":[{"count":1,"href":"https:\/\/stadtmanufaktur.info\/en\/wp-json\/wp\/v2\/pages\/3332\/revisions"}],"predecessor-version":[{"id":3335,"href":"https:\/\/stadtmanufaktur.info\/en\/wp-json\/wp\/v2\/pages\/3332\/revisions\/3335"}],"up":[{"embeddable":true,"href":"https:\/\/stadtmanufaktur.info\/en\/wp-json\/wp\/v2\/pages\/13"}],"wp:attachment":[{"href":"https:\/\/stadtmanufaktur.info\/en\/wp-json\/wp\/v2\/media?parent=3332"}],"curies":[{"name":"wp","href":"https:\/\/api.w.org\/{rel}","templated":true}]}}