{"id":806,"date":"2021-04-12T10:41:14","date_gmt":"2021-04-12T08:41:14","guid":{"rendered":"https:\/\/stadtmanufaktur.info\/?page_id=806"},"modified":"2021-04-12T11:15:11","modified_gmt":"2021-04-12T09:15:11","slug":"schaufenster-aktuelle-ausstellung-in-der-city-west","status":"publish","type":"page","link":"https:\/\/stadtmanufaktur.info\/en\/schaufenster-aktuelle-ausstellung-in-der-city-west\/","title":{"rendered":"Schaufenster: Aktuelle Ausstellung in der City-West"},"content":{"rendered":"<p><div class=\"fusion-fullwidth fullwidth-box fusion-builder-row-1 fusion-flex-container nonhundred-percent-fullwidth non-hundred-percent-height-scrolling\" style=\"--awb-border-radius-top-left:0px;--awb-border-radius-top-right:0px;--awb-border-radius-bottom-right:0px;--awb-border-radius-bottom-left:0px;--awb-flex-wrap:wrap;\" ><div class=\"fusion-builder-row fusion-row fusion-flex-align-items-flex-start fusion-flex-content-wrap\" style=\"max-width:1352px;margin-left: calc(-4% \/ 2 );margin-right: calc(-4% \/ 2 );\"><div class=\"fusion-layout-column fusion_builder_column fusion-builder-column-0 fusion_builder_column_1_1 1_1 fusion-flex-column\" style=\"--awb-bg-size:cover;--awb-width-large:100%;--awb-margin-top-large:0px;--awb-spacing-right-large:1.92%;--awb-margin-bottom-large:20px;--awb-spacing-left-large:1.92%;--awb-width-medium:100%;--awb-order-medium:0;--awb-spacing-right-medium:1.92%;--awb-spacing-left-medium:1.92%;--awb-width-small:100%;--awb-order-small:0;--awb-spacing-right-small:1.92%;--awb-spacing-left-small:1.92%;\"><div class=\"fusion-column-wrapper fusion-column-has-shadow fusion-flex-justify-content-flex-start fusion-content-layout-column\"><div class=\"fusion-image-element \" style=\"--awb-caption-title-font-family:var(--h2_typography-font-family);--awb-caption-title-font-weight:var(--h2_typography-font-weight);--awb-caption-title-font-style:var(--h2_typography-font-style);--awb-caption-title-size:var(--h2_typography-font-size);--awb-caption-title-transform:var(--h2_typography-text-transform);--awb-caption-title-line-height:var(--h2_typography-line-height);--awb-caption-title-letter-spacing:var(--h2_typography-letter-spacing);\"><span class=\" fusion-imageframe imageframe-none imageframe-1 hover-type-none\"><img decoding=\"async\" width=\"1200\" height=\"550\" title=\"startslider-temp-01\" src=\"https:\/\/stadtmanufaktur.info\/wp-content\/uploads\/2020\/12\/startslider-temp-01.jpg\" alt class=\"img-responsive wp-image-1026\" srcset=\"https:\/\/stadtmanufaktur.info\/wp-content\/uploads\/2020\/12\/startslider-temp-01-200x92.jpg 200w, https:\/\/stadtmanufaktur.info\/wp-content\/uploads\/2020\/12\/startslider-temp-01-400x183.jpg 400w, https:\/\/stadtmanufaktur.info\/wp-content\/uploads\/2020\/12\/startslider-temp-01-600x275.jpg 600w, https:\/\/stadtmanufaktur.info\/wp-content\/uploads\/2020\/12\/startslider-temp-01-800x367.jpg 800w, https:\/\/stadtmanufaktur.info\/wp-content\/uploads\/2020\/12\/startslider-temp-01.jpg 1200w\" sizes=\"(max-width: 850px) 100vw, 1200px\" \/><\/span><\/div><div class=\"fusion-separator fusion-full-width-sep\" style=\"align-self: center;margin-left: auto;margin-right: auto;margin-top:30px;width:100%;\"><\/div><div class=\"fusion-text fusion-text-1\"><h1>Schaufenster: Aktuelle Ausstellung in der City-West<\/h1>\n<\/div><\/div><\/div><\/div><\/div><div class=\"fusion-fullwidth fullwidth-box fusion-builder-row-2 fusion-flex-container nonhundred-percent-fullwidth non-hundred-percent-height-scrolling\" style=\"--awb-border-radius-top-left:0px;--awb-border-radius-top-right:0px;--awb-border-radius-bottom-right:0px;--awb-border-radius-bottom-left:0px;--awb-flex-wrap:wrap;\" ><div class=\"fusion-builder-row fusion-row fusion-flex-align-items-flex-start fusion-flex-content-wrap\" style=\"max-width:1352px;margin-left: calc(-4% \/ 2 );margin-right: calc(-4% \/ 2 );\"><div class=\"fusion-layout-column fusion_builder_column fusion-builder-column-1 fusion_builder_column_1_1 1_1 fusion-flex-column\" style=\"--awb-bg-size:cover;--awb-width-large:100%;--awb-margin-top-large:0px;--awb-spacing-right-large:1.92%;--awb-margin-bottom-large:20px;--awb-spacing-left-large:1.92%;--awb-width-medium:100%;--awb-order-medium:0;--awb-spacing-right-medium:1.92%;--awb-spacing-left-medium:1.92%;--awb-width-small:100%;--awb-order-small:0;--awb-spacing-right-small:1.92%;--awb-spacing-left-small:1.92%;\"><div class=\"fusion-column-wrapper fusion-column-has-shadow fusion-flex-justify-content-flex-start fusion-content-layout-column\"><div class=\"fusion-text fusion-text-2\"><p>Leerstand von Einzelhandels- und B\u00fcrofl\u00e4chen ist ein oft zyklisch wiederkehrendes Ph\u00e4nomen in der Stadtentwicklung. Die Corona-Pandemie konfrontiert uns ganz deutlich mit dieser Situation. Der Bezirk Wilmersdorf-Charlottenburg, das WerkStadtForum City West und die TU Berlin m\u00f6chten in dieser Krisensituation zusammen reagieren. Die Ausstellung RE:VIEW #Transformation#Gesellschaft#Stadtraum soll aktuelle Arbeiten, Diskurse und Produkte wissenschaftlicher und k\u00fcnstlerischer T\u00e4tigkeit im Stadtraum zeigen. Aus Leerstand soll gesellschaftliche Diskussion, aus der Krise eine Chance f\u00fcr Transformation werden. Neue Netzwerke sollen entstehen und \u00f6ffentliches Leben mitten in einer von Isolation und Unsicherheit gepr\u00e4gten Zeit erm\u00f6glichen. Die Schaufenster der beteiligten Einzelhandel- und B\u00fcrofl\u00e4chen sollen zur Ausstellungsfl\u00e4che und zu Aktionsr\u00e4umen f\u00fcr Lehre, Wissenschaft und Kunst werden. Besucher*innen und Stadtgesellschaft k\u00f6nnen sich aktiv beteiligen und k\u00f6nnen Feedback und Vorschl\u00e4ge zur Entwicklung der gezeigten Arbeiten im digitalen Ausstellungsraum RE:VIEW geben. Kreativit\u00e4t und Mut zur Ver\u00e4nderung und Lust am Diskurs sind gefragt. Machen Sie mit!<\/p>\n<p>Einreichen k\u00f6nnen Forscher*innen, Mitarbeiter*innen, Studierende und Werkst\u00e4tten.<\/p>\n<\/div><\/div><\/div><\/div><\/div><div class=\"fusion-fullwidth fullwidth-box fusion-builder-row-3 fusion-flex-container nonhundred-percent-fullwidth non-hundred-percent-height-scrolling fusion-no-small-visibility fusion-no-medium-visibility\" style=\"--awb-border-radius-top-left:0px;--awb-border-radius-top-right:0px;--awb-border-radius-bottom-right:0px;--awb-border-radius-bottom-left:0px;--awb-flex-wrap:wrap;\" ><div class=\"fusion-builder-row fusion-row fusion-flex-align-items-flex-start fusion-flex-content-wrap\" style=\"max-width:1352px;margin-left: calc(-4% \/ 2 );margin-right: calc(-4% \/ 2 );\"><div class=\"fusion-layout-column fusion_builder_column fusion-builder-column-2 fusion_builder_column_1_1 1_1 fusion-flex-column\" style=\"--awb-bg-size:cover;--awb-width-large:100%;--awb-margin-top-large:0px;--awb-spacing-right-large:1.92%;--awb-margin-bottom-large:20px;--awb-spacing-left-large:1.92%;--awb-width-medium:100%;--awb-order-medium:0;--awb-spacing-right-medium:1.92%;--awb-spacing-left-medium:1.92%;--awb-width-small:100%;--awb-order-small:0;--awb-spacing-right-small:1.92%;--awb-spacing-left-small:1.92%;\"><div class=\"fusion-column-wrapper fusion-column-has-shadow fusion-flex-justify-content-flex-start fusion-content-layout-column\"><div class=\"fusion-text fusion-text-3\"><h2>Folgende Beitr\u00e4ge k\u00f6nnen eingereicht werden:<\/h2>\n<\/div><\/div><\/div><div class=\"fusion-layout-column fusion_builder_column fusion-builder-column-3 fusion_builder_column_1_3 1_3 fusion-flex-column fusion-flex-align-self-stretch\" style=\"--awb-padding-top:15px;--awb-padding-right:15px;--awb-padding-bottom:15px;--awb-padding-left:15px;--awb-bg-size:cover;--awb-border-color:#03a9f4;--awb-border-top:1px;--awb-border-right:1px;--awb-border-bottom:1px;--awb-border-left:1px;--awb-border-style:solid;--awb-width-large:33.3333333333%;--awb-margin-top-large:0px;--awb-spacing-right-large:5.76%;--awb-margin-bottom-large:20px;--awb-spacing-left-large:5.76%;--awb-width-medium:33.3333333333%;--awb-order-medium:0;--awb-spacing-right-medium:5.76%;--awb-spacing-left-medium:5.76%;--awb-width-small:100%;--awb-order-small:0;--awb-spacing-right-small:1.92%;--awb-spacing-left-small:1.92%;\"><div class=\"fusion-column-wrapper fusion-column-has-shadow fusion-flex-justify-content-flex-start fusion-content-layout-column\"><div class=\"fusion-text fusion-text-4\"><p><strong><em>Einzelne Poster<\/em><\/strong><\/p>\n<p>Eingereicht werden k\u00f6nnen einzelne Poster mit thematischem Bezug zur gesellschaftlichen Transformation und zum Stadtraum. Der kreativen Gestaltung sind keine Grenzen gesetzt, Postergr\u00f6\u00dfe ist maximal Din-A0 im Hochformat.<\/p>\n<p>Bitte reichen Sie mit dem Poster (als pdf-Datei) ein Abstract von max. 250 W\u00f6rtern ein.<\/p>\n<\/div><\/div><\/div><div class=\"fusion-layout-column fusion_builder_column fusion-builder-column-4 fusion_builder_column_1_3 1_3 fusion-flex-column fusion-flex-align-self-stretch\" style=\"--awb-padding-top:15px;--awb-padding-right:15px;--awb-padding-bottom:15px;--awb-padding-left:15px;--awb-bg-size:cover;--awb-border-color:#03a9f4;--awb-border-top:1px;--awb-border-right:1px;--awb-border-bottom:1px;--awb-border-left:1px;--awb-border-style:solid;--awb-width-large:33.3333333333%;--awb-margin-top-large:0px;--awb-spacing-right-large:5.76%;--awb-margin-bottom-large:20px;--awb-spacing-left-large:5.76%;--awb-width-medium:33.3333333333%;--awb-order-medium:0;--awb-spacing-right-medium:5.76%;--awb-spacing-left-medium:5.76%;--awb-width-small:100%;--awb-order-small:0;--awb-spacing-right-small:1.92%;--awb-spacing-left-small:1.92%;\"><div class=\"fusion-column-wrapper fusion-column-has-shadow fusion-flex-justify-content-flex-start fusion-content-layout-column\"><div class=\"fusion-text fusion-text-5\"><p><strong>Poster-Ausstellungen<\/strong><\/p>\n<p>Unter diesem Beitrag verstehen wir alle Posterformate, die aus mindestens zwei Teilen bestehen. Dabei k\u00f6nnen die einzelnen Poster ein Projekt darstellen, wie auch einzelne Projektposter einem \u00fcbergeordnetem Themenbereich zur gesellschaftliche Transformation und Stadtraum unterliegen.<br \/>\nAlle Poster m\u00fcssen hochformatig sein und der Gr\u00f6\u00dfe Din-A0 entsprechen. Die Einreichung der Poster erfolgt als pdf-Datei zusammen mit einem Abstract (max. 250 W\u00f6rter).<\/p>\n<\/div><\/div><\/div><div class=\"fusion-layout-column fusion_builder_column fusion-builder-column-5 fusion_builder_column_1_3 1_3 fusion-flex-column fusion-flex-align-self-stretch\" style=\"--awb-padding-top:15px;--awb-padding-right:15px;--awb-padding-bottom:15px;--awb-padding-left:15px;--awb-bg-size:cover;--awb-border-color:#03a9f4;--awb-border-top:1px;--awb-border-right:1px;--awb-border-bottom:1px;--awb-border-left:1px;--awb-border-style:solid;--awb-width-large:33.3333333333%;--awb-margin-top-large:0px;--awb-spacing-right-large:5.76%;--awb-margin-bottom-large:20px;--awb-spacing-left-large:5.76%;--awb-width-medium:33.3333333333%;--awb-order-medium:0;--awb-spacing-right-medium:5.76%;--awb-spacing-left-medium:5.76%;--awb-width-small:100%;--awb-order-small:0;--awb-spacing-right-small:1.92%;--awb-spacing-left-small:1.92%;\"><div class=\"fusion-column-wrapper fusion-column-has-shadow fusion-flex-justify-content-flex-start fusion-content-layout-column\"><div class=\"fusion-text fusion-text-6\"><p><strong>Gegenst\u00e4ndliche<em> Exponate<\/em><\/strong><\/p>\n<p>Sie haben eine Exponat, das sich auch von au\u00dfen durch die Schaufensterscheibe erschlie\u00dfen l\u00e4sst? Dann freuen wir uns \u00fcber die Einreichung durch Fotos bzw. Skizzen sowie einem kurzen Abstract (max. 250 W\u00f6rter).<\/p>\n<\/div><\/div><\/div><div class=\"fusion-layout-column fusion_builder_column fusion-builder-column-6 fusion_builder_column_1_1 1_1 fusion-flex-column\" style=\"--awb-bg-size:cover;--awb-width-large:100%;--awb-margin-top-large:0px;--awb-spacing-right-large:1.92%;--awb-margin-bottom-large:20px;--awb-spacing-left-large:1.92%;--awb-width-medium:100%;--awb-order-medium:0;--awb-spacing-right-medium:1.92%;--awb-spacing-left-medium:1.92%;--awb-width-small:100%;--awb-order-small:0;--awb-spacing-right-small:1.92%;--awb-spacing-left-small:1.92%;\"><div class=\"fusion-column-wrapper fusion-column-has-shadow fusion-flex-justify-content-flex-start fusion-content-layout-column\"><div class=\"fusion-text fusion-text-7\"><p>Bitte senden Sie uns alle Dateien bis zum <strong>16.05.2021<\/strong> unter der Angabe \u201eCall for Contribution &#8211; Schaufensterausstellung \u201c an<\/p>\n<p><a href=\"mailto:researchforum-TB-stadt.klima@win.tu-berlin.de\">researchforum-TB-stadt.klima@win.tu-berlin.de<\/a>.<\/p>\n<p>F\u00fcr weitere Fragen und Ausk\u00fcnfte wenden Sie sich gerne an<\/p>\n<p>Ann-Marie Ring und Luisa Arndt<br \/>\n<a href=\"mailto:researchforum-TB-stadt.klima@win.tu-berlin.de\">researchforum-TB-stadt.klima@win.tu-berlin.de<\/a><\/p>\n<p>Research Forum Stadt und Klima<br \/>\nB\u00fcro der Ersten Vizepr\u00e4sidentin<br \/>\nRessort Forschung, Berufsstrategie &amp; Transfer<\/p>\n<p>Technische Universit\u00e4t Berlin<br \/>\nStra\u00dfe des 17. Juni H1106a<br \/>\n10623 Berlin\/Germany<\/p>\n<\/div><\/div><\/div><\/div><\/div><div class=\"fusion-fullwidth fullwidth-box fusion-builder-row-4 fusion-flex-container nonhundred-percent-fullwidth non-hundred-percent-height-scrolling\" style=\"--awb-border-radius-top-left:0px;--awb-border-radius-top-right:0px;--awb-border-radius-bottom-right:0px;--awb-border-radius-bottom-left:0px;--awb-flex-wrap:wrap;\" ><div class=\"fusion-builder-row fusion-row fusion-flex-align-items-flex-start fusion-flex-content-wrap\" style=\"max-width:1352px;margin-left: calc(-4% \/ 2 );margin-right: calc(-4% \/ 2 );\"><div class=\"fusion-layout-column fusion_builder_column fusion-builder-column-7 fusion_builder_column_1_1 1_1 fusion-flex-column\" style=\"--awb-bg-color:#ffffff;--awb-bg-color-hover:#ffffff;--awb-bg-size:cover;--awb-width-large:100%;--awb-margin-top-large:0px;--awb-spacing-right-large:1.92%;--awb-margin-bottom-large:20px;--awb-spacing-left-large:1.92%;--awb-width-medium:100%;--awb-order-medium:0;--awb-spacing-right-medium:1.92%;--awb-spacing-left-medium:1.92%;--awb-width-small:100%;--awb-order-small:0;--awb-spacing-right-small:1.92%;--awb-spacing-left-small:1.92%;\"><div class=\"fusion-column-wrapper fusion-column-has-shadow fusion-flex-justify-content-flex-start fusion-content-layout-column\"><div id=\"locatoraid-form-container\"><div class=\"hc-mb3\"><form class=\"hcj2-observe hc-mb2 hclc_search_form_class\" id=\"hclc_search_form_700\" action=\"https:\/\/stadtmanufaktur.info\/?hcs=locatoraid&hca=search%3Asearch%2F_SEARCH_%2Fproduct%2F_PRODUCT_%2Flat%2F_LAT_%2Flng%2F_LNG_%2Flimit%2F100\" data-radius-link=\"https:\/\/stadtmanufaktur.info\/?hcs=locatoraid&hca=search%2Fradius%3Asearch%2F_SEARCH_%2Fproduct%2F_PRODUCT_%2Flat%2F_LAT_%2Flng%2F_LNG_%2Flimit%2F100%2Fradius%2F10_25_50_100_200_500\" data-start=\"\" data-locate=\"1\" method=\"post\" accept-charset=\"utf-8\"><div style=\"display:none\"><input type=\"hidden\" name=\"hc-hc_csrf_token\" value=\"a0bcb0cb6d3d62b1bf84fb2997e0796d\"\/><\/div><div><div class=\"hc-block\"><div id=\"locatoraid-search-form-inputs-button\"><div class=\"hc-clearfix hc-mxn2\"><div class=\"hc-col hc-col-8 hc-mb2 hc-px2\"><div id=\"locatoraid-search-form-inputs\"><div><div class=\"hc-block\"><div id=\"locatoraid-search-form-search\"><input type=\"text\" name=\"hc-search\" class=\"hc-field hc-xs-block hc-block\" style=\"margin:0;\" placeholder=\"Address or Zip Code\"\/><\/div><\/div><div class=\"hc-block hc-mt2\"><div id=\"locatoraid-search-form-locate\"><a href=\"#\" class=\"hcj2-locate-me\" id=\"locatoraid-search-form-locate-me\">Locate Me<\/a><\/div><\/div><div class=\"hc-block hc-mt2\"><div id=\"locatoraid-search-form-locate2\"><div class=\"hcj2-my-location\" id=\"locatoraid-search-form-my-location\" style=\"display: none;\">My Location<\/div><\/div><\/div><div class=\"hc-block hc-mt2\"><div id=\"locatoraid-search-form-product\"><div><div class=\"hc-valign-middle hc-lg-inline-block\"><div id=\"hc-checkbox-product-2\" class=\"hc-mr2\"><div class=\"hc-nowrap\"><div class=\"hc-valign-middle hc-inline-block\"><input type=\"checkbox\" name=\"hc-product[]\" value=\"2\" id=\"hc2r_a5f8cd34_2\"\/><\/div><div class=\"hc-valign-middle hc-inline-block\"><label for=\"hc2r_a5f8cd34_2\">Deutsch<\/label><\/div><\/div><\/div><\/div><div class=\"hc-valign-middle hc-lg-inline-block\"><div id=\"hc-checkbox-product-1\" class=\"hc-mr2\"><div class=\"hc-nowrap\"><div class=\"hc-valign-middle hc-inline-block\"><input type=\"checkbox\" name=\"hc-product[]\" value=\"1\" id=\"hc2r_a5f8cd34_1\"\/><\/div><div class=\"hc-valign-middle hc-inline-block\"><label for=\"hc2r_a5f8cd34_1\">Englisch<\/label><\/div><\/div><\/div><\/div><\/div><\/div><\/div><\/div><input type=\"hidden\" name=\"hc-locatelat\" id=\"locatoraid-search-form-lat\"\/><input type=\"hidden\" name=\"hc-locatelng\" id=\"locatoraid-search-form-lng\"\/><\/div><\/div><div class=\"hc-col hc-col-4 hc-mb2 hc-px2\"><div><input type=\"submit\" title=\"Search\" value=\"Search\" class=\"hc-block\" id=\"locatoraid-search-form-button\"\/><input type=\"button\" title=\"Reset\" value=\"Reset\" class=\"hc-block hcj2-reset-my-location\" id=\"locatoraid-search-form-reset-location\" style=\"display: none;\"\/><\/div><\/div><\/div><\/div><\/div><div class=\"hc-block hc-mt2\"><a class=\"hcj2-more-results\" id=\"locatoraid-search-more-results\" style=\"display: none; cursor: pointer;\">More Results<\/a><\/div><\/div><\/form><\/div><\/div><div id=\"locatoraid-map-list-container\"><div id=\"hclc_map_932\" class=\"hclc_map_class hc-mb3-xs hc-border\" style=\"height: 400px; width: 100%;\" data-start-address=\"Germany\" data-start-zoom=\"10\"><\/div><script type=\"text\/template\" id=\"hclc_map_932_template\"><div class=\"hc-black hc-bg-lightsilver hc-p2 hc-rounded\"><div class=\"hc-bold lpr-location-name\">{{=name}}<\/div><div class=\"hc-italic lpr-location-address\">{{=address}}<\/div>{{misc1}}<div class=\"lpr-location-misc1\">{{=misc1}}<\/div>{{\/misc1}}<\/div><\/script>\n<\/div><\/div><\/div><\/div><\/div><div class=\"fusion-fullwidth fullwidth-box fusion-builder-row-5 fusion-flex-container nonhundred-percent-fullwidth non-hundred-percent-height-scrolling\" style=\"--awb-border-radius-top-left:0px;--awb-border-radius-top-right:0px;--awb-border-radius-bottom-right:0px;--awb-border-radius-bottom-left:0px;--awb-flex-wrap:wrap;\" ><div class=\"fusion-builder-row fusion-row fusion-flex-align-items-flex-start fusion-flex-content-wrap\" style=\"max-width:1352px;margin-left: calc(-4% \/ 2 );margin-right: calc(-4% \/ 2 );\"><div class=\"fusion-layout-column fusion_builder_column fusion-builder-column-8 fusion_builder_column_1_2 1_2 fusion-flex-column\" style=\"--awb-bg-size:cover;--awb-width-large:50%;--awb-margin-top-large:0px;--awb-spacing-right-large:3.84%;--awb-margin-bottom-large:20px;--awb-spacing-left-large:3.84%;--awb-width-medium:50%;--awb-order-medium:0;--awb-spacing-right-medium:3.84%;--awb-spacing-left-medium:3.84%;--awb-width-small:100%;--awb-order-small:0;--awb-spacing-right-small:1.92%;--awb-spacing-left-small:1.92%;\"><div class=\"fusion-column-wrapper fusion-column-has-shadow fusion-flex-justify-content-flex-start fusion-content-layout-column\"><div class=\"fusion-image-element \" style=\"--awb-caption-title-font-family:var(--h2_typography-font-family);--awb-caption-title-font-weight:var(--h2_typography-font-weight);--awb-caption-title-font-style:var(--h2_typography-font-style);--awb-caption-title-size:var(--h2_typography-font-size);--awb-caption-title-transform:var(--h2_typography-text-transform);--awb-caption-title-line-height:var(--h2_typography-line-height);--awb-caption-title-letter-spacing:var(--h2_typography-letter-spacing);\"><span class=\" fusion-imageframe imageframe-none imageframe-2 hover-type-none\"><img decoding=\"async\" width=\"515\" height=\"445\" title=\"my-co-place-bild-03\" src=\"https:\/\/stadtmanufaktur.info\/wp-content\/uploads\/2021\/02\/may-co-place-bild-03.jpg\" alt class=\"img-responsive wp-image-1058\" srcset=\"https:\/\/stadtmanufaktur.info\/wp-content\/uploads\/2021\/02\/may-co-place-bild-03-200x173.jpg 200w, https:\/\/stadtmanufaktur.info\/wp-content\/uploads\/2021\/02\/may-co-place-bild-03-400x346.jpg 400w, https:\/\/stadtmanufaktur.info\/wp-content\/uploads\/2021\/02\/may-co-place-bild-03.jpg 515w\" sizes=\"(max-width: 850px) 100vw, 515px\" \/><\/span><\/div><\/div><\/div><div class=\"fusion-layout-column fusion_builder_column fusion-builder-column-9 fusion_builder_column_1_2 1_2 fusion-flex-column\" style=\"--awb-padding-top:30px;--awb-padding-right:30px;--awb-padding-bottom:30px;--awb-padding-left:30px;--awb-bg-color:rgba(139,195,74,0.51);--awb-bg-color-hover:rgba(139,195,74,0.51);--awb-bg-position:center center;--awb-bg-size:cover;--awb-width-large:50%;--awb-margin-top-large:0px;--awb-spacing-right-large:3.84%;--awb-margin-bottom-large:0px;--awb-spacing-left-large:3.84%;--awb-width-medium:50%;--awb-order-medium:0;--awb-spacing-right-medium:3.84%;--awb-spacing-left-medium:3.84%;--awb-width-small:100%;--awb-order-small:0;--awb-spacing-right-small:1.92%;--awb-spacing-left-small:1.92%;\"><div class=\"fusion-column-wrapper fusion-column-has-shadow fusion-flex-justify-content-flex-start fusion-content-layout-column\"><div class=\"fusion-testimonials clean awb-speech-bubble-show fusion-testimonials-1\" style=\"--awb-textcolor:#000000;--awb-backgroundcolor:#ffffff;--awb-testimonial-border-style:solid;--awb-testimonial-border-color:var(--awb-color3);--awb-border-top-left-radius:0px;--awb-border-top-right-radius:0px;--awb-border-bottom-left-radius:0px;--awb-border-bottom-right-radius:0px;--testimonial-border-width-top:0px;--testimonial-border-width-right:0px;--testimonial-border-width-bottom:0px;--testimonial-border-width-left:0px;\" data-random=\"0\" data-speed=\"0\"><div class=\"reviews\"><div class=\"review active-testimonial avatar-above avatar-image\"><div class=\"testimonial-thumbnail\"><img decoding=\"async\" class=\"testimonial-image\" src=\"https:\/\/stadtmanufaktur.info\/wp-content\/uploads\/2021\/02\/termin-pilze-wissenschaft-kunst.jpg\" width=\"1920\" height=\"1100\" style=\"--awb-border-radius:50%;\" \/><\/div><blockquote class=\"testimonials-shortcode-blockquote\"><div class=\"awb-quote\"><div class=\"awb-quote-content\">\n<p>Lorem ipsum dolor sit amet, consetetur sadipscing elitr, sed diam nonumy eirmod tempor invidunt ut labore et dolore magna aliquyam erat, sed diam voluptua. At vero eos et accusam et justo duo dolores et ea rebum. Stet clita kasd gubergren, no sea takimata sanctus est Lorem ipsum.<\/p>\n<\/div><\/div><\/blockquote><div class=\"author\"><span class=\"company-name\"><strong>Martina Musterfrau<\/strong>, <span>Senatsverwaltung<\/span><\/span><\/div><\/div><\/div><\/div><\/div><\/div><\/div><\/div><\/p>\n","protected":false},"excerpt":{"rendered":"","protected":false},"author":1,"featured_media":0,"parent":0,"menu_order":0,"comment_status":"open","ping_status":"closed","template":"","meta":{"footnotes":""},"class_list":["post-806","page","type-page","status-publish","hentry"],"_links":{"self":[{"href":"https:\/\/stadtmanufaktur.info\/en\/wp-json\/wp\/v2\/pages\/806","targetHints":{"allow":["GET"]}}],"collection":[{"href":"https:\/\/stadtmanufaktur.info\/en\/wp-json\/wp\/v2\/pages"}],"about":[{"href":"https:\/\/stadtmanufaktur.info\/en\/wp-json\/wp\/v2\/types\/page"}],"author":[{"embeddable":true,"href":"https:\/\/stadtmanufaktur.info\/en\/wp-json\/wp\/v2\/users\/1"}],"replies":[{"embeddable":true,"href":"https:\/\/stadtmanufaktur.info\/en\/wp-json\/wp\/v2\/comments?post=806"}],"version-history":[{"count":10,"href":"https:\/\/stadtmanufaktur.info\/en\/wp-json\/wp\/v2\/pages\/806\/revisions"}],"predecessor-version":[{"id":826,"href":"https:\/\/stadtmanufaktur.info\/en\/wp-json\/wp\/v2\/pages\/806\/revisions\/826"}],"wp:attachment":[{"href":"https:\/\/stadtmanufaktur.info\/en\/wp-json\/wp\/v2\/media?parent=806"}],"curies":[{"name":"wp","href":"https:\/\/api.w.org\/{rel}","templated":true}]}}